{"id":1616,"date":"2020-11-03T14:45:28","date_gmt":"2020-11-03T13:45:28","guid":{"rendered":"https:\/\/gresvaillant.fr\/?page_id=1616"},"modified":"2023-12-20T15:24:48","modified_gmt":"2023-12-20T14:24:48","slug":"jus-de-raisin","status":"publish","type":"page","link":"https:\/\/gresvaillant.fr\/en\/les-vins\/jus-de-raisin\/","title":{"rendered":"Jus de Raisin"},"content":{"rendered":"\n<p class=\"wp-block-paragraph\">Pour les petits et les grands nous proposons \u00e9galement du jus de raisin, \u00e9labor\u00e9 \u00e0 partir du c\u00e9page Cabernet-Sauvignon provenant de notre parcelle &#8220;la Cabane&#8221;<\/p>\n\n\n\n<figure class=\"wp-block-image size-large\"><img data-recalc-dims=\"1\" loading=\"lazy\" decoding=\"async\" width=\"825\" height=\"543\" data-attachment-id=\"1620\" data-permalink=\"https:\/\/gresvaillant.fr\/en\/les-vins\/jus-de-raisin\/capture-decran-2020-11-03-a-14-43-09\/\" data-orig-file=\"https:\/\/i0.wp.com\/gresvaillant.fr\/wp-content\/uploads\/2020\/11\/Capture-de%CC%81cran-2020-11-03-a%CC%80-14.43.09.png?fit=1076%2C708&amp;ssl=1\" data-orig-size=\"1076,708\" data-comments-opened=\"1\" data-image-meta=\"{&quot;aperture&quot;:&quot;0&quot;,&quot;credit&quot;:&quot;&quot;,&quot;camera&quot;:&quot;&quot;,&quot;caption&quot;:&quot;&quot;,&quot;created_timestamp&quot;:&quot;0&quot;,&quot;copyright&quot;:&quot;&quot;,&quot;focal_length&quot;:&quot;0&quot;,&quot;iso&quot;:&quot;0&quot;,&quot;shutter_speed&quot;:&quot;0&quot;,&quot;title&quot;:&quot;&quot;,&quot;orientation&quot;:&quot;0&quot;}\" data-image-title=\"Capture-de\u0301cran-2020-11-03-a\u0300-14.43.09\" data-image-description=\"\" data-image-caption=\"\" data-large-file=\"https:\/\/i0.wp.com\/gresvaillant.fr\/wp-content\/uploads\/2020\/11\/Capture-de%CC%81cran-2020-11-03-a%CC%80-14.43.09.png?fit=825%2C543&amp;ssl=1\" src=\"https:\/\/i0.wp.com\/gresvaillant.fr\/wp-content\/uploads\/2020\/11\/Capture-de%CC%81cran-2020-11-03-a%CC%80-14.43.09.png?resize=825%2C543&#038;ssl=1\" alt=\"\" class=\"wp-image-1620\" srcset=\"https:\/\/i0.wp.com\/gresvaillant.fr\/wp-content\/uploads\/2020\/11\/Capture-de%CC%81cran-2020-11-03-a%CC%80-14.43.09.png?resize=1024%2C674&amp;ssl=1 1024w, https:\/\/i0.wp.com\/gresvaillant.fr\/wp-content\/uploads\/2020\/11\/Capture-de%CC%81cran-2020-11-03-a%CC%80-14.43.09.png?resize=300%2C197&amp;ssl=1 300w, https:\/\/i0.wp.com\/gresvaillant.fr\/wp-content\/uploads\/2020\/11\/Capture-de%CC%81cran-2020-11-03-a%CC%80-14.43.09.png?resize=768%2C505&amp;ssl=1 768w, https:\/\/i0.wp.com\/gresvaillant.fr\/wp-content\/uploads\/2020\/11\/Capture-de%CC%81cran-2020-11-03-a%CC%80-14.43.09.png?resize=624%2C411&amp;ssl=1 624w, https:\/\/i0.wp.com\/gresvaillant.fr\/wp-content\/uploads\/2020\/11\/Capture-de%CC%81cran-2020-11-03-a%CC%80-14.43.09.png?w=1076&amp;ssl=1 1076w\" sizes=\"auto, (max-width: 825px) 100vw, 825px\" \/><\/figure>\n\n\n\n<ul class=\"wp-block-list\">\n<li>100% pur jus de raisin, pasteuris\u00e9<\/li>\n\n\n\n<li>sans conservateurs<\/li>\n\n\n\n<li>sans colorants<\/li>\n\n\n\n<li>issus de la vendange 2023 \u00e0 d\u00e9guster jusqu&#8217;en 2026<\/li>\n<\/ul>\n\n\n\n<p class=\"wp-block-paragraph\"> <\/p>\n","protected":false},"excerpt":{"rendered":"<p>Pour les petits et les grands nous proposons \u00e9galement du jus de raisin, \u00e9labor\u00e9 \u00e0 partir du c\u00e9page Cabernet-Sauvignon provenant de notre parcelle &#8220;la Cabane&#8221;<\/p>\n","protected":false},"author":1,"featured_media":0,"parent":407,"menu_order":5,"comment_status":"closed","ping_status":"closed","template":"","meta":{"_coblocks_attr":"","_coblocks_dimensions":"","_coblocks_responsive_height":"","_coblocks_accordion_ie_support":"","_crdt_document":"","advanced_seo_description":"","jetpack_seo_html_title":"","jetpack_seo_noindex":false,"footnotes":""},"tags":[],"class_list":["post-1616","page","type-page","status-publish","hentry","without-featured-image"],"translation":{"provider":"WPGlobus","version":"2.12.2","language":"en","enabled_languages":["fr","en"],"languages":{"fr":{"title":true,"content":true,"excerpt":false},"en":{"title":false,"content":false,"excerpt":false}}},"jetpack_sharing_enabled":true,"jetpack_shortlink":"https:\/\/wp.me\/P9vC0e-q4","jetpack_likes_enabled":true,"_links":{"self":[{"href":"https:\/\/gresvaillant.fr\/en\/wp-json\/wp\/v2\/pages\/1616","targetHints":{"allow":["GET"]}}],"collection":[{"href":"https:\/\/gresvaillant.fr\/en\/wp-json\/wp\/v2\/pages"}],"about":[{"href":"https:\/\/gresvaillant.fr\/en\/wp-json\/wp\/v2\/types\/page"}],"author":[{"embeddable":true,"href":"https:\/\/gresvaillant.fr\/en\/wp-json\/wp\/v2\/users\/1"}],"replies":[{"embeddable":true,"href":"https:\/\/gresvaillant.fr\/en\/wp-json\/wp\/v2\/comments?post=1616"}],"version-history":[{"count":5,"href":"https:\/\/gresvaillant.fr\/en\/wp-json\/wp\/v2\/pages\/1616\/revisions"}],"predecessor-version":[{"id":3174,"href":"https:\/\/gresvaillant.fr\/en\/wp-json\/wp\/v2\/pages\/1616\/revisions\/3174"}],"up":[{"embeddable":true,"href":"https:\/\/gresvaillant.fr\/en\/wp-json\/wp\/v2\/pages\/407"}],"wp:attachment":[{"href":"https:\/\/gresvaillant.fr\/en\/wp-json\/wp\/v2\/media?parent=1616"}],"wp:term":[{"taxonomy":"post_tag","embeddable":true,"href":"https:\/\/gresvaillant.fr\/en\/wp-json\/wp\/v2\/tags?post=1616"}],"curies":[{"name":"wp","href":"https:\/\/api.w.org\/{rel}","templated":true}]}}