{"id":1647,"date":"2023-08-17T12:51:16","date_gmt":"2023-08-17T11:51:16","guid":{"rendered":"https:\/\/gresvaillant.fr\/?page_id=1647"},"modified":"2025-09-05T11:11:44","modified_gmt":"2025-09-05T10:11:44","slug":"les-moutons","status":"publish","type":"page","link":"https:\/\/gresvaillant.fr\/en\/les-moutons\/","title":{"rendered":"Les moutons"},"content":{"rendered":"\n<p class=\"wp-block-paragraph\">Le domaine du Gr\u00e8s Vaillant h\u00e9berge un petit troupeau d&#8217;une trentaine de brebis corses.<\/p>\n\n\n\n<figure class=\"wp-block-image size-large\"><img data-recalc-dims=\"1\" loading=\"lazy\" decoding=\"async\" width=\"825\" height=\"619\" data-attachment-id=\"2996\" data-permalink=\"https:\/\/gresvaillant.fr\/en\/les-moutons\/img_20210422_174240-2\/\" data-orig-file=\"https:\/\/i0.wp.com\/gresvaillant.fr\/wp-content\/uploads\/2023\/08\/IMG_20210422_174240.jpg?fit=4000%2C3000&amp;ssl=1\" data-orig-size=\"4000,3000\" data-comments-opened=\"1\" data-image-meta=\"{&quot;aperture&quot;:&quot;1.85&quot;,&quot;credit&quot;:&quot;&quot;,&quot;camera&quot;:&quot;QCAM-AA&quot;,&quot;caption&quot;:&quot;&quot;,&quot;created_timestamp&quot;:&quot;1619113360&quot;,&quot;copyright&quot;:&quot;&quot;,&quot;focal_length&quot;:&quot;4.08&quot;,&quot;iso&quot;:&quot;100&quot;,&quot;shutter_speed&quot;:&quot;0.0032051282051282&quot;,&quot;title&quot;:&quot;&quot;,&quot;orientation&quot;:&quot;0&quot;}\" data-image-title=\"IMG_20210422_174240\" data-image-description=\"\" data-image-caption=\"\" data-large-file=\"https:\/\/i0.wp.com\/gresvaillant.fr\/wp-content\/uploads\/2023\/08\/IMG_20210422_174240.jpg?fit=825%2C619&amp;ssl=1\" src=\"https:\/\/i0.wp.com\/gresvaillant.fr\/wp-content\/uploads\/2023\/08\/IMG_20210422_174240.jpg?resize=825%2C619&#038;ssl=1\" alt=\"\" class=\"wp-image-2996\" srcset=\"https:\/\/i0.wp.com\/gresvaillant.fr\/wp-content\/uploads\/2023\/08\/IMG_20210422_174240.jpg?resize=1024%2C768&amp;ssl=1 1024w, https:\/\/i0.wp.com\/gresvaillant.fr\/wp-content\/uploads\/2023\/08\/IMG_20210422_174240.jpg?resize=300%2C225&amp;ssl=1 300w, https:\/\/i0.wp.com\/gresvaillant.fr\/wp-content\/uploads\/2023\/08\/IMG_20210422_174240.jpg?resize=768%2C576&amp;ssl=1 768w, https:\/\/i0.wp.com\/gresvaillant.fr\/wp-content\/uploads\/2023\/08\/IMG_20210422_174240.jpg?resize=1536%2C1152&amp;ssl=1 1536w, https:\/\/i0.wp.com\/gresvaillant.fr\/wp-content\/uploads\/2023\/08\/IMG_20210422_174240.jpg?resize=2048%2C1536&amp;ssl=1 2048w, https:\/\/i0.wp.com\/gresvaillant.fr\/wp-content\/uploads\/2023\/08\/IMG_20210422_174240.jpg?resize=1200%2C900&amp;ssl=1 1200w, https:\/\/i0.wp.com\/gresvaillant.fr\/wp-content\/uploads\/2023\/08\/IMG_20210422_174240.jpg?resize=800%2C600&amp;ssl=1 800w, https:\/\/i0.wp.com\/gresvaillant.fr\/wp-content\/uploads\/2023\/08\/IMG_20210422_174240.jpg?resize=400%2C300&amp;ssl=1 400w, https:\/\/i0.wp.com\/gresvaillant.fr\/wp-content\/uploads\/2023\/08\/IMG_20210422_174240.jpg?resize=200%2C150&amp;ssl=1 200w, https:\/\/i0.wp.com\/gresvaillant.fr\/wp-content\/uploads\/2023\/08\/IMG_20210422_174240.jpg?resize=624%2C468&amp;ssl=1 624w, https:\/\/i0.wp.com\/gresvaillant.fr\/wp-content\/uploads\/2023\/08\/IMG_20210422_174240.jpg?w=1650&amp;ssl=1 1650w, https:\/\/i0.wp.com\/gresvaillant.fr\/wp-content\/uploads\/2023\/08\/IMG_20210422_174240.jpg?w=2475&amp;ssl=1 2475w\" sizes=\"auto, (max-width: 825px) 100vw, 825px\" \/><\/figure>\n\n\n\n<p class=\"wp-block-paragraph\">Les brebis corses sont rustiques (elle vivent dehors toute l&#8217;ann\u00e9e), habitu\u00e9es aux terres pauvres (m\u00eame si au Gr\u00e8s Vaillant elles b\u00e9n\u00e9ficient de p\u00e2turages nourrissants) et de petite taille (ce qui leur permet de se faufiler sous le palissage des vignes).<\/p>\n\n\n\n<figure class=\"wp-block-image size-large\"><img data-recalc-dims=\"1\" loading=\"lazy\" decoding=\"async\" width=\"825\" height=\"619\" data-attachment-id=\"3006\" data-permalink=\"https:\/\/gresvaillant.fr\/en\/les-moutons\/img_20230320_112746\/\" data-orig-file=\"https:\/\/i0.wp.com\/gresvaillant.fr\/wp-content\/uploads\/2023\/08\/IMG_20230320_112746.jpg?fit=2592%2C1944&amp;ssl=1\" data-orig-size=\"2592,1944\" data-comments-opened=\"1\" data-image-meta=\"{&quot;aperture&quot;:&quot;1.79&quot;,&quot;credit&quot;:&quot;&quot;,&quot;camera&quot;:&quot;Core-X4&quot;,&quot;caption&quot;:&quot;&quot;,&quot;created_timestamp&quot;:&quot;1679311666&quot;,&quot;copyright&quot;:&quot;&quot;,&quot;focal_length&quot;:&quot;4.71&quot;,&quot;iso&quot;:&quot;100&quot;,&quot;shutter_speed&quot;:&quot;0.0002606882168926&quot;,&quot;title&quot;:&quot;&quot;,&quot;orientation&quot;:&quot;0&quot;}\" data-image-title=\"IMG_20230320_112746\" data-image-description=\"\" data-image-caption=\"\" data-large-file=\"https:\/\/i0.wp.com\/gresvaillant.fr\/wp-content\/uploads\/2023\/08\/IMG_20230320_112746.jpg?fit=825%2C619&amp;ssl=1\" src=\"https:\/\/i0.wp.com\/gresvaillant.fr\/wp-content\/uploads\/2023\/08\/IMG_20230320_112746.jpg?resize=825%2C619&#038;ssl=1\" alt=\"\" class=\"wp-image-3006\" srcset=\"https:\/\/i0.wp.com\/gresvaillant.fr\/wp-content\/uploads\/2023\/08\/IMG_20230320_112746.jpg?resize=1024%2C768&amp;ssl=1 1024w, https:\/\/i0.wp.com\/gresvaillant.fr\/wp-content\/uploads\/2023\/08\/IMG_20230320_112746.jpg?resize=300%2C225&amp;ssl=1 300w, https:\/\/i0.wp.com\/gresvaillant.fr\/wp-content\/uploads\/2023\/08\/IMG_20230320_112746.jpg?resize=768%2C576&amp;ssl=1 768w, https:\/\/i0.wp.com\/gresvaillant.fr\/wp-content\/uploads\/2023\/08\/IMG_20230320_112746.jpg?resize=1536%2C1152&amp;ssl=1 1536w, https:\/\/i0.wp.com\/gresvaillant.fr\/wp-content\/uploads\/2023\/08\/IMG_20230320_112746.jpg?resize=2048%2C1536&amp;ssl=1 2048w, https:\/\/i0.wp.com\/gresvaillant.fr\/wp-content\/uploads\/2023\/08\/IMG_20230320_112746.jpg?resize=1200%2C900&amp;ssl=1 1200w, https:\/\/i0.wp.com\/gresvaillant.fr\/wp-content\/uploads\/2023\/08\/IMG_20230320_112746.jpg?resize=800%2C600&amp;ssl=1 800w, https:\/\/i0.wp.com\/gresvaillant.fr\/wp-content\/uploads\/2023\/08\/IMG_20230320_112746.jpg?resize=400%2C300&amp;ssl=1 400w, https:\/\/i0.wp.com\/gresvaillant.fr\/wp-content\/uploads\/2023\/08\/IMG_20230320_112746.jpg?resize=200%2C150&amp;ssl=1 200w, https:\/\/i0.wp.com\/gresvaillant.fr\/wp-content\/uploads\/2023\/08\/IMG_20230320_112746.jpg?resize=624%2C468&amp;ssl=1 624w, https:\/\/i0.wp.com\/gresvaillant.fr\/wp-content\/uploads\/2023\/08\/IMG_20230320_112746.jpg?w=1650&amp;ssl=1 1650w, https:\/\/i0.wp.com\/gresvaillant.fr\/wp-content\/uploads\/2023\/08\/IMG_20230320_112746.jpg?w=2475&amp;ssl=1 2475w\" sizes=\"auto, (max-width: 825px) 100vw, 825px\" \/><\/figure>\n\n\n\n<p class=\"wp-block-paragraph\">Elles passent la fin de l&#8217;automne et l&#8217;hiver dans nos parcelles de vignes o\u00f9 elle limitent la pousse de l&#8217;herbe et fertilisent la vigne dans le m\u00eame temps. L&#8217;engrais produit par nos brebis est particuli\u00e8rement favorable \u00e0 la vigne, il s&#8217;agit d&#8217;ailleurs d&#8217;une m\u00e9thode ancestrale d&#8217;enrichissement des parcelles de vignes.<\/p>\n\n\n\n<figure class=\"wp-block-image size-large\"><img data-recalc-dims=\"1\" loading=\"lazy\" decoding=\"async\" width=\"825\" height=\"619\" data-attachment-id=\"3001\" data-permalink=\"https:\/\/gresvaillant.fr\/en\/les-moutons\/img_20230320_113131\/\" data-orig-file=\"https:\/\/i0.wp.com\/gresvaillant.fr\/wp-content\/uploads\/2023\/08\/IMG_20230320_113131.jpg?fit=2592%2C1944&amp;ssl=1\" data-orig-size=\"2592,1944\" data-comments-opened=\"1\" data-image-meta=\"{&quot;aperture&quot;:&quot;1.79&quot;,&quot;credit&quot;:&quot;&quot;,&quot;camera&quot;:&quot;Core-X4&quot;,&quot;caption&quot;:&quot;&quot;,&quot;created_timestamp&quot;:&quot;1679311891&quot;,&quot;copyright&quot;:&quot;&quot;,&quot;focal_length&quot;:&quot;4.71&quot;,&quot;iso&quot;:&quot;100&quot;,&quot;shutter_speed&quot;:&quot;0.00029197080291971&quot;,&quot;title&quot;:&quot;&quot;,&quot;orientation&quot;:&quot;0&quot;}\" data-image-title=\"IMG_20230320_113131\" data-image-description=\"\" data-image-caption=\"\" data-large-file=\"https:\/\/i0.wp.com\/gresvaillant.fr\/wp-content\/uploads\/2023\/08\/IMG_20230320_113131.jpg?fit=825%2C619&amp;ssl=1\" src=\"https:\/\/i0.wp.com\/gresvaillant.fr\/wp-content\/uploads\/2023\/08\/IMG_20230320_113131.jpg?resize=825%2C619&#038;ssl=1\" alt=\"\" class=\"wp-image-3001\" srcset=\"https:\/\/i0.wp.com\/gresvaillant.fr\/wp-content\/uploads\/2023\/08\/IMG_20230320_113131.jpg?resize=1024%2C768&amp;ssl=1 1024w, https:\/\/i0.wp.com\/gresvaillant.fr\/wp-content\/uploads\/2023\/08\/IMG_20230320_113131.jpg?resize=300%2C225&amp;ssl=1 300w, https:\/\/i0.wp.com\/gresvaillant.fr\/wp-content\/uploads\/2023\/08\/IMG_20230320_113131.jpg?resize=768%2C576&amp;ssl=1 768w, https:\/\/i0.wp.com\/gresvaillant.fr\/wp-content\/uploads\/2023\/08\/IMG_20230320_113131.jpg?resize=1536%2C1152&amp;ssl=1 1536w, https:\/\/i0.wp.com\/gresvaillant.fr\/wp-content\/uploads\/2023\/08\/IMG_20230320_113131.jpg?resize=2048%2C1536&amp;ssl=1 2048w, https:\/\/i0.wp.com\/gresvaillant.fr\/wp-content\/uploads\/2023\/08\/IMG_20230320_113131.jpg?resize=1200%2C900&amp;ssl=1 1200w, https:\/\/i0.wp.com\/gresvaillant.fr\/wp-content\/uploads\/2023\/08\/IMG_20230320_113131.jpg?resize=800%2C600&amp;ssl=1 800w, https:\/\/i0.wp.com\/gresvaillant.fr\/wp-content\/uploads\/2023\/08\/IMG_20230320_113131.jpg?resize=400%2C300&amp;ssl=1 400w, https:\/\/i0.wp.com\/gresvaillant.fr\/wp-content\/uploads\/2023\/08\/IMG_20230320_113131.jpg?resize=200%2C150&amp;ssl=1 200w, https:\/\/i0.wp.com\/gresvaillant.fr\/wp-content\/uploads\/2023\/08\/IMG_20230320_113131.jpg?resize=624%2C468&amp;ssl=1 624w, https:\/\/i0.wp.com\/gresvaillant.fr\/wp-content\/uploads\/2023\/08\/IMG_20230320_113131.jpg?w=1650&amp;ssl=1 1650w, https:\/\/i0.wp.com\/gresvaillant.fr\/wp-content\/uploads\/2023\/08\/IMG_20230320_113131.jpg?w=2475&amp;ssl=1 2475w\" sizes=\"auto, (max-width: 825px) 100vw, 825px\" \/><\/figure>\n\n\n\n<p class=\"wp-block-paragraph\">D\u00e8s la fin du mois de mars, lorsque les bourgeons de vigne \u00e9closent (le d\u00e9bourrement de la vigne) elles sont d\u00e9plac\u00e9es dans nos prairies afin qu&#8217;elles ne mangent pas nos futures grappes de raisin ! <\/p>\n\n\n\n<figure class=\"wp-block-image size-large\"><img data-recalc-dims=\"1\" loading=\"lazy\" decoding=\"async\" width=\"825\" height=\"619\" data-attachment-id=\"2999\" data-permalink=\"https:\/\/gresvaillant.fr\/en\/les-moutons\/img_20230330_152138\/\" data-orig-file=\"https:\/\/i0.wp.com\/gresvaillant.fr\/wp-content\/uploads\/2023\/08\/IMG_20230330_152138.jpg?fit=2592%2C1944&amp;ssl=1\" data-orig-size=\"2592,1944\" data-comments-opened=\"1\" data-image-meta=\"{&quot;aperture&quot;:&quot;1.79&quot;,&quot;credit&quot;:&quot;&quot;,&quot;camera&quot;:&quot;Core-X4&quot;,&quot;caption&quot;:&quot;&quot;,&quot;created_timestamp&quot;:&quot;1680189698&quot;,&quot;copyright&quot;:&quot;&quot;,&quot;focal_length&quot;:&quot;4.71&quot;,&quot;iso&quot;:&quot;103&quot;,&quot;shutter_speed&quot;:&quot;0.00018768768768769&quot;,&quot;title&quot;:&quot;&quot;,&quot;orientation&quot;:&quot;0&quot;}\" data-image-title=\"IMG_20230330_152138\" data-image-description=\"\" data-image-caption=\"\" data-large-file=\"https:\/\/i0.wp.com\/gresvaillant.fr\/wp-content\/uploads\/2023\/08\/IMG_20230330_152138.jpg?fit=825%2C619&amp;ssl=1\" src=\"https:\/\/i0.wp.com\/gresvaillant.fr\/wp-content\/uploads\/2023\/08\/IMG_20230330_152138.jpg?resize=825%2C619&#038;ssl=1\" alt=\"\" class=\"wp-image-2999\" srcset=\"https:\/\/i0.wp.com\/gresvaillant.fr\/wp-content\/uploads\/2023\/08\/IMG_20230330_152138.jpg?resize=1024%2C768&amp;ssl=1 1024w, https:\/\/i0.wp.com\/gresvaillant.fr\/wp-content\/uploads\/2023\/08\/IMG_20230330_152138.jpg?resize=300%2C225&amp;ssl=1 300w, https:\/\/i0.wp.com\/gresvaillant.fr\/wp-content\/uploads\/2023\/08\/IMG_20230330_152138.jpg?resize=768%2C576&amp;ssl=1 768w, https:\/\/i0.wp.com\/gresvaillant.fr\/wp-content\/uploads\/2023\/08\/IMG_20230330_152138.jpg?resize=1536%2C1152&amp;ssl=1 1536w, https:\/\/i0.wp.com\/gresvaillant.fr\/wp-content\/uploads\/2023\/08\/IMG_20230330_152138.jpg?resize=2048%2C1536&amp;ssl=1 2048w, https:\/\/i0.wp.com\/gresvaillant.fr\/wp-content\/uploads\/2023\/08\/IMG_20230330_152138.jpg?resize=1200%2C900&amp;ssl=1 1200w, https:\/\/i0.wp.com\/gresvaillant.fr\/wp-content\/uploads\/2023\/08\/IMG_20230330_152138.jpg?resize=800%2C600&amp;ssl=1 800w, https:\/\/i0.wp.com\/gresvaillant.fr\/wp-content\/uploads\/2023\/08\/IMG_20230330_152138.jpg?resize=400%2C300&amp;ssl=1 400w, https:\/\/i0.wp.com\/gresvaillant.fr\/wp-content\/uploads\/2023\/08\/IMG_20230330_152138.jpg?resize=200%2C150&amp;ssl=1 200w, https:\/\/i0.wp.com\/gresvaillant.fr\/wp-content\/uploads\/2023\/08\/IMG_20230330_152138.jpg?resize=624%2C468&amp;ssl=1 624w, https:\/\/i0.wp.com\/gresvaillant.fr\/wp-content\/uploads\/2023\/08\/IMG_20230330_152138.jpg?w=1650&amp;ssl=1 1650w, https:\/\/i0.wp.com\/gresvaillant.fr\/wp-content\/uploads\/2023\/08\/IMG_20230330_152138.jpg?w=2475&amp;ssl=1 2475w\" sizes=\"auto, (max-width: 825px) 100vw, 825px\" \/><\/figure>\n\n\n\n<p class=\"wp-block-paragraph\">Enfin apr\u00e8s la tonte (en juin) elles passent l&#8217;\u00e9t\u00e9 dans les for\u00eats qui surplombent le domaine pour y profiter de la fraicheur des sous-bois tout en faisant de la pr\u00e9vention incendie en mangeant les broussailles.<\/p>\n\n\n\n<figure class=\"wp-block-image size-large\"><img data-recalc-dims=\"1\" loading=\"lazy\" decoding=\"async\" width=\"825\" height=\"619\" data-attachment-id=\"3924\" data-permalink=\"https:\/\/gresvaillant.fr\/en\/les-moutons\/img_20250827_112532\/\" data-orig-file=\"https:\/\/i0.wp.com\/gresvaillant.fr\/wp-content\/uploads\/2025\/09\/IMG_20250827_112532.jpg?fit=4000%2C3000&amp;ssl=1\" data-orig-size=\"4000,3000\" data-comments-opened=\"1\" data-image-meta=\"{&quot;aperture&quot;:&quot;1.79&quot;,&quot;credit&quot;:&quot;&quot;,&quot;camera&quot;:&quot;Core-X5&quot;,&quot;caption&quot;:&quot;&quot;,&quot;created_timestamp&quot;:&quot;1756293932&quot;,&quot;copyright&quot;:&quot;&quot;,&quot;focal_length&quot;:&quot;4.74&quot;,&quot;iso&quot;:&quot;182&quot;,&quot;shutter_speed&quot;:&quot;0.01&quot;,&quot;title&quot;:&quot;&quot;,&quot;orientation&quot;:&quot;1&quot;}\" data-image-title=\"IMG_20250827_112532\" data-image-description=\"\" data-image-caption=\"\" data-large-file=\"https:\/\/i0.wp.com\/gresvaillant.fr\/wp-content\/uploads\/2025\/09\/IMG_20250827_112532.jpg?fit=825%2C619&amp;ssl=1\" src=\"https:\/\/i0.wp.com\/gresvaillant.fr\/wp-content\/uploads\/2025\/09\/IMG_20250827_112532.jpg?resize=825%2C619&#038;ssl=1\" alt=\"\" class=\"wp-image-3924\" srcset=\"https:\/\/i0.wp.com\/gresvaillant.fr\/wp-content\/uploads\/2025\/09\/IMG_20250827_112532.jpg?resize=1024%2C768&amp;ssl=1 1024w, https:\/\/i0.wp.com\/gresvaillant.fr\/wp-content\/uploads\/2025\/09\/IMG_20250827_112532.jpg?resize=300%2C225&amp;ssl=1 300w, https:\/\/i0.wp.com\/gresvaillant.fr\/wp-content\/uploads\/2025\/09\/IMG_20250827_112532.jpg?resize=768%2C576&amp;ssl=1 768w, https:\/\/i0.wp.com\/gresvaillant.fr\/wp-content\/uploads\/2025\/09\/IMG_20250827_112532.jpg?resize=1536%2C1152&amp;ssl=1 1536w, https:\/\/i0.wp.com\/gresvaillant.fr\/wp-content\/uploads\/2025\/09\/IMG_20250827_112532.jpg?resize=2048%2C1536&amp;ssl=1 2048w, https:\/\/i0.wp.com\/gresvaillant.fr\/wp-content\/uploads\/2025\/09\/IMG_20250827_112532.jpg?resize=1200%2C900&amp;ssl=1 1200w, https:\/\/i0.wp.com\/gresvaillant.fr\/wp-content\/uploads\/2025\/09\/IMG_20250827_112532.jpg?resize=800%2C600&amp;ssl=1 800w, https:\/\/i0.wp.com\/gresvaillant.fr\/wp-content\/uploads\/2025\/09\/IMG_20250827_112532.jpg?resize=600%2C450&amp;ssl=1 600w, https:\/\/i0.wp.com\/gresvaillant.fr\/wp-content\/uploads\/2025\/09\/IMG_20250827_112532.jpg?resize=400%2C300&amp;ssl=1 400w, https:\/\/i0.wp.com\/gresvaillant.fr\/wp-content\/uploads\/2025\/09\/IMG_20250827_112532.jpg?resize=200%2C150&amp;ssl=1 200w, https:\/\/i0.wp.com\/gresvaillant.fr\/wp-content\/uploads\/2025\/09\/IMG_20250827_112532.jpg?resize=624%2C468&amp;ssl=1 624w, https:\/\/i0.wp.com\/gresvaillant.fr\/wp-content\/uploads\/2025\/09\/IMG_20250827_112532.jpg?w=1650&amp;ssl=1 1650w, https:\/\/i0.wp.com\/gresvaillant.fr\/wp-content\/uploads\/2025\/09\/IMG_20250827_112532.jpg?w=2475&amp;ssl=1 2475w\" sizes=\"auto, (max-width: 825px) 100vw, 825px\" \/><\/figure>\n\n\n","protected":false},"excerpt":{"rendered":"<p>Le domaine du Gr\u00e8s Vaillant h\u00e9berge un petit troupeau d&#8217;une trentaine de brebis corses. Les brebis corses sont rustiques (elle vivent dehors toute l&#8217;ann\u00e9e), habitu\u00e9es aux terres pauvres (m\u00eame si au Gr\u00e8s Vaillant elles b\u00e9n\u00e9ficient de p\u00e2turages nourrissants) et de petite taille (ce qui leur permet de se faufiler sous le palissage des vignes). Elles&hellip; <a href=\"https:\/\/gresvaillant.fr\/en\/les-moutons\/\" class=\"more-link\">Continue reading <span class=\"screen-reader-text\">Les moutons<\/span><\/a><\/p>\n","protected":false},"author":1,"featured_media":0,"parent":0,"menu_order":0,"comment_status":"closed","ping_status":"closed","template":"","meta":{"_coblocks_attr":"","_coblocks_dimensions":"","_coblocks_responsive_height":"","_coblocks_accordion_ie_support":"","_crdt_document":"","advanced_seo_description":"","jetpack_seo_html_title":"","jetpack_seo_noindex":false,"jetpack_post_was_ever_published":true,"footnotes":""},"tags":[],"class_list":["post-1647","page","type-page","status-publish","hentry","without-featured-image"],"translation":{"provider":"WPGlobus","version":"2.12.2","language":"en","enabled_languages":["fr","en"],"languages":{"fr":{"title":true,"content":true,"excerpt":false},"en":{"title":false,"content":false,"excerpt":false}}},"jetpack_sharing_enabled":true,"jetpack_shortlink":"https:\/\/wp.me\/P9vC0e-qz","jetpack_likes_enabled":true,"_links":{"self":[{"href":"https:\/\/gresvaillant.fr\/en\/wp-json\/wp\/v2\/pages\/1647","targetHints":{"allow":["GET"]}}],"collection":[{"href":"https:\/\/gresvaillant.fr\/en\/wp-json\/wp\/v2\/pages"}],"about":[{"href":"https:\/\/gresvaillant.fr\/en\/wp-json\/wp\/v2\/types\/page"}],"author":[{"embeddable":true,"href":"https:\/\/gresvaillant.fr\/en\/wp-json\/wp\/v2\/users\/1"}],"replies":[{"embeddable":true,"href":"https:\/\/gresvaillant.fr\/en\/wp-json\/wp\/v2\/comments?post=1647"}],"version-history":[{"count":16,"href":"https:\/\/gresvaillant.fr\/en\/wp-json\/wp\/v2\/pages\/1647\/revisions"}],"predecessor-version":[{"id":3925,"href":"https:\/\/gresvaillant.fr\/en\/wp-json\/wp\/v2\/pages\/1647\/revisions\/3925"}],"wp:attachment":[{"href":"https:\/\/gresvaillant.fr\/en\/wp-json\/wp\/v2\/media?parent=1647"}],"wp:term":[{"taxonomy":"post_tag","embeddable":true,"href":"https:\/\/gresvaillant.fr\/en\/wp-json\/wp\/v2\/tags?post=1647"}],"curies":[{"name":"wp","href":"https:\/\/api.w.org\/{rel}","templated":true}]}}