{"id":181,"date":"2018-07-01T13:05:54","date_gmt":"2018-07-01T12:05:54","guid":{"rendered":"https:\/\/gresvaillant.fr\/?page_id=181"},"modified":"2023-07-18T11:42:35","modified_gmt":"2023-07-18T10:42:35","slug":"tarifs-et-reservation","status":"publish","type":"page","link":"https:\/\/gresvaillant.fr\/en\/les-gites\/tarifs-et-reservation\/","title":{"rendered":"Tarifs et R\u00e9servation"},"content":{"rendered":"\n<p class=\"has-text-align-center wp-block-paragraph\"><strong>Pour r\u00e9server ou demander plus d\u2019informations n\u2019h\u00e9sitez pas \u00e0 nous contacter gresvaillant@gmail.com<\/strong><\/p>\n\n\n\n<p class=\"has-text-align-center wp-block-paragraph\">TARIFS 2023<\/p>\n\n\n\n<p class=\"wp-block-paragraph\">Le domaine du Gr\u00e8s Vaillant propose \u00e0 la location <strong>un g\u00eete <\/strong>; au c\u0153ur du domaine, en pleine nature avec<strong> piscine et jardin-terrasse privatif.<\/strong> Le g\u00eete se compose de 4 chambres (2 personnes) et 3 de salle de bain, 2 wc, 1 salon et une cuisine il peut accueillir un maximum de 10 personnes (avec 2 personnes dans un canap\u00e9-lit dans le salon)<\/p>\n\n\n\n<p class=\"has-text-align-center wp-block-paragraph\"><span style=\"text-decoration: underline;\">Tarifs Haute saison (Juillet-Aout)<br><\/span><\/p>\n\n\n\n<p class=\"has-text-align-left wp-block-paragraph\">Location \u00e0 la semaine du samedi au samedi. Arriv\u00e9e apr\u00e8s 15h, D\u00e9part avant 11h<\/p>\n\n\n\n<ul class=\"wp-block-list\">\n<li>1500\u20ac par semaine + 50\u20ac frais de m\u00e9nage + taxe de s\u00e9jour<\/li>\n<\/ul>\n\n\n\n<p class=\"has-text-align-center wp-block-paragraph\"><u>Tarifs Moyenne saison\u00a0: (<u>de septembre \u00e0 juin<\/u><\/u>)<\/p>\n\n\n\n<p class=\"wp-block-paragraph\">Arriv\u00e9e apr\u00e8s 15h, D\u00e9part avant 11h, minimum 2 nuits<\/p>\n\n\n\n<ul class=\"wp-block-list\">\n<li>120\u20ac par jour + 50\u20ac frais de m\u00e9nage + taxe de s\u00e9jour<\/li>\n<\/ul>\n\n\n\n<p class=\"wp-block-paragraph\"><strong><span style=\"text-decoration: underline;\">Conditions:<\/span><\/strong><\/p>\n\n\n\n<ul class=\"wp-block-list\">\n<li><strong>Caution de 250 \u20ac par ch\u00e8que qui vous sera restitu\u00e9 en fin de s\u00e9jour<\/strong><\/li>\n\n\n\n<li><strong>le linge de maison (draps, serviettes, torchons) est compris<\/strong><\/li>\n<\/ul>\n\n\n\n<p class=\"wp-block-paragraph\"><strong>&nbsp;Paiement:<\/strong><\/p>\n\n\n\n<ul class=\"wp-block-list\">\n<li>Acompte \u00e0 verser \u00e0 la r\u00e9servation par ch\u00e8que ou virement bancaire<\/li>\n\n\n\n<li>Solde \u00e0 r\u00e9gler sur place par ch\u00e8que, esp\u00e8ce ou carte bancaire<\/li>\n<\/ul>\n","protected":false},"excerpt":{"rendered":"<p>Pour r\u00e9server ou demander plus d\u2019informations n\u2019h\u00e9sitez pas \u00e0 nous contacter gresvaillant@gmail.com TARIFS 2023 Le domaine du Gr\u00e8s Vaillant propose \u00e0 la location un g\u00eete ; au c\u0153ur du domaine, en pleine nature avec piscine et jardin-terrasse privatif. Le g\u00eete se compose de 4 chambres (2 personnes) et 3 de salle de bain, 2 wc,&hellip; <a href=\"https:\/\/gresvaillant.fr\/en\/les-gites\/tarifs-et-reservation\/\" class=\"more-link\">Continue reading <span class=\"screen-reader-text\">Tarifs et R\u00e9servation<\/span><\/a><\/p>\n","protected":false},"author":1,"featured_media":0,"parent":40,"menu_order":2,"comment_status":"closed","ping_status":"closed","template":"","meta":{"_coblocks_attr":"","_coblocks_dimensions":"","_coblocks_responsive_height":"","_coblocks_accordion_ie_support":"","_crdt_document":"","advanced_seo_description":"","jetpack_seo_html_title":"","jetpack_seo_noindex":false,"footnotes":""},"tags":[],"class_list":["post-181","page","type-page","status-publish","hentry","without-featured-image"],"translation":{"provider":"WPGlobus","version":"2.12.2","language":"en","enabled_languages":["fr","en"],"languages":{"fr":{"title":true,"content":true,"excerpt":false},"en":{"title":false,"content":false,"excerpt":false}}},"jetpack_sharing_enabled":true,"jetpack_shortlink":"https:\/\/wp.me\/P9vC0e-2V","jetpack_likes_enabled":true,"_links":{"self":[{"href":"https:\/\/gresvaillant.fr\/en\/wp-json\/wp\/v2\/pages\/181","targetHints":{"allow":["GET"]}}],"collection":[{"href":"https:\/\/gresvaillant.fr\/en\/wp-json\/wp\/v2\/pages"}],"about":[{"href":"https:\/\/gresvaillant.fr\/en\/wp-json\/wp\/v2\/types\/page"}],"author":[{"embeddable":true,"href":"https:\/\/gresvaillant.fr\/en\/wp-json\/wp\/v2\/users\/1"}],"replies":[{"embeddable":true,"href":"https:\/\/gresvaillant.fr\/en\/wp-json\/wp\/v2\/comments?post=181"}],"version-history":[{"count":25,"href":"https:\/\/gresvaillant.fr\/en\/wp-json\/wp\/v2\/pages\/181\/revisions"}],"predecessor-version":[{"id":2974,"href":"https:\/\/gresvaillant.fr\/en\/wp-json\/wp\/v2\/pages\/181\/revisions\/2974"}],"up":[{"embeddable":true,"href":"https:\/\/gresvaillant.fr\/en\/wp-json\/wp\/v2\/pages\/40"}],"wp:attachment":[{"href":"https:\/\/gresvaillant.fr\/en\/wp-json\/wp\/v2\/media?parent=181"}],"wp:term":[{"taxonomy":"post_tag","embeddable":true,"href":"https:\/\/gresvaillant.fr\/en\/wp-json\/wp\/v2\/tags?post=181"}],"curies":[{"name":"wp","href":"https:\/\/api.w.org\/{rel}","templated":true}]}}