{"id":2057,"date":"2021-08-20T16:06:39","date_gmt":"2021-08-20T15:06:39","guid":{"rendered":"https:\/\/gresvaillant.fr\/?page_id=2057"},"modified":"2026-01-26T13:36:55","modified_gmt":"2026-01-26T12:36:55","slug":"visites-du-domaine","status":"publish","type":"page","link":"https:\/\/gresvaillant.fr\/en\/visites-du-domaine\/","title":{"rendered":"Visites du domaine"},"content":{"rendered":"\n<p class=\"wp-block-paragraph\"><strong>Suivant la tradition d\u2019accueil vigneron la d\u00e9gustation des vins est gratuite<\/strong>. <strong>Le caveau de d\u00e9gustation et de vente au domaine est ouvert sans RDV tous les jours de 11h \u00e0 19h.<\/strong> N\u2019h\u00e9sitez pas \u00e0 nous pr\u00e9venir de votre venue:<\/p>\n\n\n\n<ul class=\"wp-block-list\">\n<li>par courriel \u00e0 l\u2019adresse <strong>gresvaillant@gmail.com<\/strong><\/li>\n\n\n\n<li>ou par t\u00e9l\u00e9phone au <strong>06 72 15 34 38<\/strong><\/li>\n<\/ul>\n\n\n\n<p class=\"wp-block-paragraph\">Nous proposons par ailleurs une formule de <strong>visite vivante <\/strong>pour partager de mani\u00e8re<br> privil\u00e9gi\u00e9e l&#8217;exp\u00e9rience de notre travail en<strong> symbiose entre l&#8217;homme, l&#8217;animal<br> et la nature<\/strong><\/p>\n\n\n\n<p class=\"wp-block-paragraph\">Afin de vous accueillir dans les meilleures conditions, nos formules doivent<br> \u00eatre r\u00e9serv\u00e9es au minimum<strong> 72h \u00e0 l&#8217;avance <\/strong>par mail \u00e0 gresvaillant@gmail.com<br> ou tel au 06 72 15 34 38. <strong>Visite possible en anglais.<\/strong><\/p>\n\n\n\n<h2 class=\"wp-block-heading has-text-align-center\" id=\"visite-authentique\">Visite &#8220;Authentique&#8221;<\/h2>\n\n\n\n<figure class=\"wp-block-image size-full\"><img data-recalc-dims=\"1\" loading=\"lazy\" decoding=\"async\" width=\"732\" height=\"478\" data-attachment-id=\"1831\" data-permalink=\"https:\/\/gresvaillant.fr\/en\/capture-decran-2021-03-29-a-13-02-12\/\" data-orig-file=\"https:\/\/i0.wp.com\/gresvaillant.fr\/wp-content\/uploads\/2021\/03\/Capture-de%CC%81cran-2021-03-29-a%CC%80-13.02.12.png?fit=732%2C478&amp;ssl=1\" data-orig-size=\"732,478\" data-comments-opened=\"1\" data-image-meta=\"{&quot;aperture&quot;:&quot;0&quot;,&quot;credit&quot;:&quot;&quot;,&quot;camera&quot;:&quot;&quot;,&quot;caption&quot;:&quot;&quot;,&quot;created_timestamp&quot;:&quot;0&quot;,&quot;copyright&quot;:&quot;&quot;,&quot;focal_length&quot;:&quot;0&quot;,&quot;iso&quot;:&quot;0&quot;,&quot;shutter_speed&quot;:&quot;0&quot;,&quot;title&quot;:&quot;&quot;,&quot;orientation&quot;:&quot;0&quot;}\" data-image-title=\"Capture d\u2019e\u0301cran 2021-03-29 a\u0300 13.02.12\" data-image-description=\"\" data-image-caption=\"\" data-medium-file=\"https:\/\/i0.wp.com\/gresvaillant.fr\/wp-content\/uploads\/2021\/03\/Capture-de%CC%81cran-2021-03-29-a%CC%80-13.02.12.png?fit=300%2C196&amp;ssl=1\" data-large-file=\"https:\/\/i0.wp.com\/gresvaillant.fr\/wp-content\/uploads\/2021\/03\/Capture-de%CC%81cran-2021-03-29-a%CC%80-13.02.12.png?fit=732%2C478&amp;ssl=1\" src=\"https:\/\/i0.wp.com\/gresvaillant.fr\/wp-content\/uploads\/2021\/03\/Capture-de%CC%81cran-2021-03-29-a%CC%80-13.02.12.png?resize=732%2C478&#038;ssl=1\" alt=\"\" class=\"wp-image-1831\" srcset=\"https:\/\/i0.wp.com\/gresvaillant.fr\/wp-content\/uploads\/2021\/03\/Capture-de%CC%81cran-2021-03-29-a%CC%80-13.02.12.png?w=732&amp;ssl=1 732w, https:\/\/i0.wp.com\/gresvaillant.fr\/wp-content\/uploads\/2021\/03\/Capture-de%CC%81cran-2021-03-29-a%CC%80-13.02.12.png?resize=300%2C196&amp;ssl=1 300w, https:\/\/i0.wp.com\/gresvaillant.fr\/wp-content\/uploads\/2021\/03\/Capture-de%CC%81cran-2021-03-29-a%CC%80-13.02.12.png?resize=624%2C407&amp;ssl=1 624w\" sizes=\"auto, (max-width: 732px) 100vw, 732px\" \/><\/figure>\n\n\n\n<p class=\"has-text-align-center wp-block-paragraph\"><em>Groupe de 2 \u00e0 15 personnes (20 \u20ac\/personne, gratuit pour les enfants)<br> dur\u00e9e approximative 1h <\/em>30<\/p>\n\n\n\n<ul class=\"wp-block-list\">\n<li><strong>Accueil et pr\u00e9sentation du domaine <\/strong>: Pr\u00e9sentation des vignerons et de leur d\u00e9marche (agriculture biologique, polyculture, r\u00f4le des animaux) et promenade en bordure de vigne avec explication du stade v\u00e9g\u00e9tatif et des travaux de la vigne en fonction de la saison lors de laquelle a lieu la visite<\/li>\n\n\n\n<li> <strong> D\u00e9monstration et explication du travail du cheval dans les vignes <\/strong>: Pr\u00e9sentation de nos trois chevaux dans leur pr\u00e9 puis harnachement d&#8217;un cheval, explication des outils utilis\u00e9s et d\u00e9monstration du cheval au travail<\/li>\n\n\n\n<li> <strong>D\u00e9gustation des vins:<\/strong> d\u00e9gustation des diff\u00e9rents vins du domaine (en fonction des disponibilit\u00e9s des cuv\u00e9es) : blanc, rouge, ros\u00e9 et blanquette de Limoux accompagn\u00e9 d&#8217;explication sur les m\u00e9thodes d&#8217;\u00e9laboration (levures indig\u00e8nes, ma\u00eetrise des sulfites, prise de bulle\u2026)<\/li>\n\n\n\n<li> <strong>Achat libre au tarif caveau<\/strong> : paiement en ch\u00e8que, CB ou esp\u00e8ces<\/li>\n<\/ul>\n\n\n\n<h2 class=\"wp-block-heading has-text-align-center\" id=\"visite-de-la-terre-aux-papilles\">Visite &#8221; De la terre aux papilles&#8221;<\/h2>\n\n\n\n<figure class=\"wp-block-image size-large\"><img data-recalc-dims=\"1\" loading=\"lazy\" decoding=\"async\" width=\"825\" height=\"546\" data-attachment-id=\"475\" data-permalink=\"https:\/\/gresvaillant.fr\/en\/oenotourisme\/dsc_8541\/\" data-orig-file=\"https:\/\/i0.wp.com\/gresvaillant.fr\/wp-content\/uploads\/2019\/05\/DSC_8541.jpg?fit=4928%2C3264&amp;ssl=1\" data-orig-size=\"4928,3264\" data-comments-opened=\"1\" data-image-meta=\"{&quot;aperture&quot;:&quot;10&quot;,&quot;credit&quot;:&quot;&quot;,&quot;camera&quot;:&quot;NIKON D7000&quot;,&quot;caption&quot;:&quot;&quot;,&quot;created_timestamp&quot;:&quot;1551205385&quot;,&quot;copyright&quot;:&quot;&quot;,&quot;focal_length&quot;:&quot;90&quot;,&quot;iso&quot;:&quot;100&quot;,&quot;shutter_speed&quot;:&quot;0.01&quot;,&quot;title&quot;:&quot;&quot;,&quot;orientation&quot;:&quot;1&quot;}\" data-image-title=\"DSC_8541\" data-image-description=\"\" data-image-caption=\"\" data-medium-file=\"https:\/\/i0.wp.com\/gresvaillant.fr\/wp-content\/uploads\/2019\/05\/DSC_8541.jpg?fit=300%2C199&amp;ssl=1\" data-large-file=\"https:\/\/i0.wp.com\/gresvaillant.fr\/wp-content\/uploads\/2019\/05\/DSC_8541.jpg?fit=825%2C546&amp;ssl=1\" src=\"https:\/\/i0.wp.com\/gresvaillant.fr\/wp-content\/uploads\/2019\/05\/DSC_8541.jpg?resize=825%2C546&#038;ssl=1\" alt=\"\" class=\"wp-image-475\" srcset=\"https:\/\/i0.wp.com\/gresvaillant.fr\/wp-content\/uploads\/2019\/05\/DSC_8541.jpg?resize=1024%2C678&amp;ssl=1 1024w, https:\/\/i0.wp.com\/gresvaillant.fr\/wp-content\/uploads\/2019\/05\/DSC_8541.jpg?resize=300%2C199&amp;ssl=1 300w, https:\/\/i0.wp.com\/gresvaillant.fr\/wp-content\/uploads\/2019\/05\/DSC_8541.jpg?resize=768%2C509&amp;ssl=1 768w, https:\/\/i0.wp.com\/gresvaillant.fr\/wp-content\/uploads\/2019\/05\/DSC_8541.jpg?resize=624%2C413&amp;ssl=1 624w, https:\/\/i0.wp.com\/gresvaillant.fr\/wp-content\/uploads\/2019\/05\/DSC_8541.jpg?w=1650&amp;ssl=1 1650w, https:\/\/i0.wp.com\/gresvaillant.fr\/wp-content\/uploads\/2019\/05\/DSC_8541.jpg?w=2475&amp;ssl=1 2475w\" sizes=\"auto, (max-width: 825px) 100vw, 825px\" \/><\/figure>\n\n\n\n<p class=\"has-text-align-center wp-block-paragraph\">G<em>roupe de 2 \u00e0 15 personnes (tarif sur devis)<br> dur\u00e9e approximative <\/em>2h<\/p>\n\n\n\n<ul class=\"wp-block-list\">\n<li><strong>Accueil et pr\u00e9sentation du domaine<\/strong> : Pr\u00e9sentation des vignerons et de leur d\u00e9marche (agriculture biologique, polyculture, r\u00f4le des animaux) et promenade en bordure de vigne avec explication du stade v\u00e9g\u00e9tatif et des travaux de la vigne en fonction de la saison lors de laquelle a lieu la visite<\/li>\n\n\n\n<li><strong>D\u00e9monstration et explication du travail du cheval dans les vignes <\/strong>:  Pr\u00e9sentation de nos trois chevaux dans leur pr\u00e9 puis harnachement d&#8217;un  cheval, explication des outils utilis\u00e9s et d\u00e9monstration du cheval au  travail<\/li>\n\n\n\n<li><strong>D\u00e9gustation des vins avec accords mets-vins <\/strong>: D\u00e9gustation des diff\u00e9rents vins du domaine (en fonction des disponibilit\u00e9s des cuv\u00e9es blanc, rouge, ros\u00e9 et blanquette de Limoux) accompagn\u00e9e de petit mets faits maison avec des produits de saison et locaux (par exemple : terrine de sanglier chass\u00e9 sur le domaine) et d&#8217;explications sur les m\u00e9thodes d&#8217;\u00e9laboration des vins (levures indig\u00e8nes, ma\u00eetrise des sulfites, prise de bulle\u2026)<\/li>\n\n\n\n<li> <strong>Achat libre au tarif caveau<\/strong> : paiement en ch\u00e8que, CB ou esp\u00e8ces<\/li>\n<\/ul>\n","protected":false},"excerpt":{"rendered":"<p>Suivant la tradition d\u2019accueil vigneron la d\u00e9gustation des vins est gratuite. Le caveau de d\u00e9gustation et de vente au domaine est ouvert sans RDV tous les jours de 11h \u00e0 19h. N\u2019h\u00e9sitez pas \u00e0 nous pr\u00e9venir de votre venue: Nous proposons par ailleurs une formule de visite vivante pour partager de mani\u00e8re privil\u00e9gi\u00e9e l&#8217;exp\u00e9rience de&hellip; <a href=\"https:\/\/gresvaillant.fr\/en\/visites-du-domaine\/\" class=\"more-link\">Continue reading <span class=\"screen-reader-text\">Visites du domaine<\/span><\/a><\/p>\n","protected":false},"author":1,"featured_media":0,"parent":0,"menu_order":0,"comment_status":"closed","ping_status":"closed","template":"","meta":{"_coblocks_attr":"","_coblocks_dimensions":"","_coblocks_responsive_height":"","_coblocks_accordion_ie_support":"","_crdt_document":"","advanced_seo_description":"","jetpack_seo_html_title":"","jetpack_seo_noindex":false,"jetpack_post_was_ever_published":false,"footnotes":""},"tags":[],"class_list":["post-2057","page","type-page","status-publish","hentry","without-featured-image"],"translation":{"provider":"WPGlobus","version":"2.12.2","language":"en","enabled_languages":["fr","en"],"languages":{"fr":{"title":true,"content":true,"excerpt":false},"en":{"title":false,"content":false,"excerpt":false}}},"jetpack_sharing_enabled":true,"jetpack_shortlink":"https:\/\/wp.me\/P9vC0e-xb","jetpack_likes_enabled":true,"_links":{"self":[{"href":"https:\/\/gresvaillant.fr\/en\/wp-json\/wp\/v2\/pages\/2057","targetHints":{"allow":["GET"]}}],"collection":[{"href":"https:\/\/gresvaillant.fr\/en\/wp-json\/wp\/v2\/pages"}],"about":[{"href":"https:\/\/gresvaillant.fr\/en\/wp-json\/wp\/v2\/types\/page"}],"author":[{"embeddable":true,"href":"https:\/\/gresvaillant.fr\/en\/wp-json\/wp\/v2\/users\/1"}],"replies":[{"embeddable":true,"href":"https:\/\/gresvaillant.fr\/en\/wp-json\/wp\/v2\/comments?post=2057"}],"version-history":[{"count":11,"href":"https:\/\/gresvaillant.fr\/en\/wp-json\/wp\/v2\/pages\/2057\/revisions"}],"predecessor-version":[{"id":4070,"href":"https:\/\/gresvaillant.fr\/en\/wp-json\/wp\/v2\/pages\/2057\/revisions\/4070"}],"wp:attachment":[{"href":"https:\/\/gresvaillant.fr\/en\/wp-json\/wp\/v2\/media?parent=2057"}],"wp:term":[{"taxonomy":"post_tag","embeddable":true,"href":"https:\/\/gresvaillant.fr\/en\/wp-json\/wp\/v2\/tags?post=2057"}],"curies":[{"name":"wp","href":"https:\/\/api.w.org\/{rel}","templated":true}]}}