{"id":284,"date":"2018-11-28T20:22:13","date_gmt":"2018-11-28T19:22:13","guid":{"rendered":"https:\/\/gresvaillant.fr\/?page_id=284"},"modified":"2021-03-14T19:29:22","modified_gmt":"2021-03-14T18:29:22","slug":"hiver","status":"publish","type":"page","link":"https:\/\/gresvaillant.fr\/en\/la-vigne\/hiver\/","title":{"rendered":"Hiver"},"content":{"rendered":"\n<p class=\"wp-block-paragraph\">Durant l\u2019hiver, la nature s&#8217;endort doucement et la vigne entre dans sa phase de &#8220;repos v\u00e9g\u00e9tatif&#8221; ; toutes les feuilles sont tomb\u00e9es, les sarments autrefois verts et souples sont devenus bruns et secs comme du bois, la s\u00e8ve est descendue dans le tronc et les racines o\u00f9 elle se stocke sous forme d&#8217;amidon, mis en r\u00e9serve pour le printemps prochain.<\/p>\n\n\n\n<div class=\"wp-block-image\"><figure class=\"aligncenter is-resized\"><img data-recalc-dims=\"1\" loading=\"lazy\" decoding=\"async\" data-attachment-id=\"293\" data-permalink=\"https:\/\/gresvaillant.fr\/en\/la-vigne\/hiver\/20180208_090647\/\" data-orig-file=\"https:\/\/i0.wp.com\/gresvaillant.fr\/wp-content\/uploads\/2018\/11\/20180208_090647.jpg?fit=4128%2C3096&amp;ssl=1\" data-orig-size=\"4128,3096\" data-comments-opened=\"1\" data-image-meta=\"{&quot;aperture&quot;:&quot;1.9&quot;,&quot;credit&quot;:&quot;&quot;,&quot;camera&quot;:&quot;SM-J510FN&quot;,&quot;caption&quot;:&quot;&quot;,&quot;created_timestamp&quot;:&quot;1518080807&quot;,&quot;copyright&quot;:&quot;&quot;,&quot;focal_length&quot;:&quot;3.7&quot;,&quot;iso&quot;:&quot;64&quot;,&quot;shutter_speed&quot;:&quot;0.0052910052910053&quot;,&quot;title&quot;:&quot;&quot;,&quot;orientation&quot;:&quot;1&quot;}\" data-image-title=\"20180208_090647\" data-image-description=\"\" data-image-caption=\"\" data-large-file=\"https:\/\/i0.wp.com\/gresvaillant.fr\/wp-content\/uploads\/2018\/11\/20180208_090647.jpg?fit=825%2C619&amp;ssl=1\" src=\"https:\/\/i0.wp.com\/gresvaillant.fr\/wp-content\/uploads\/2018\/11\/20180208_090647.jpg?resize=551%2C413&#038;ssl=1\" alt=\"\" class=\"wp-image-293\" width=\"551\" height=\"413\" srcset=\"https:\/\/i0.wp.com\/gresvaillant.fr\/wp-content\/uploads\/2018\/11\/20180208_090647.jpg?resize=1024%2C768&amp;ssl=1 1024w, https:\/\/i0.wp.com\/gresvaillant.fr\/wp-content\/uploads\/2018\/11\/20180208_090647.jpg?resize=300%2C225&amp;ssl=1 300w, https:\/\/i0.wp.com\/gresvaillant.fr\/wp-content\/uploads\/2018\/11\/20180208_090647.jpg?resize=624%2C468&amp;ssl=1 624w, https:\/\/i0.wp.com\/gresvaillant.fr\/wp-content\/uploads\/2018\/11\/20180208_090647.jpg?w=1650&amp;ssl=1 1650w, https:\/\/i0.wp.com\/gresvaillant.fr\/wp-content\/uploads\/2018\/11\/20180208_090647.jpg?w=2475&amp;ssl=1 2475w\" sizes=\"auto, (max-width: 551px) 100vw, 551px\" \/><\/figure><\/div>\n\n\n\n<p class=\"wp-block-paragraph\"><strong>C&#8217;est pour le vigneron la saison de la taille.<\/strong><\/p>\n\n\n\n<p class=\"wp-block-paragraph\">Nous pratiquons la taille en guyot, &#8220;simple&#8221; (c&#8217;est \u00e0 dire \u00e0 une seule baguette) pour favoriser la qualit\u00e9 plut\u00f4t que la quantit\u00e9.<\/p>\n\n\n\n<p class=\"wp-block-paragraph\">Il s&#8217;agit de choisir l&#8217;un des sarments ayant pouss\u00e9 au printemps dernier pour le plier sur le fil porteur et devenir la baguette de l&#8217;ann\u00e9e \u00e0 venir. Cette baguette portera \u00e0 son tour plusieurs sarments qui porteront eux-m\u00eames des grappes<\/p>\n\n\n\n<div class=\"wp-block-image\"><figure class=\"aligncenter is-resized\"><img data-recalc-dims=\"1\" loading=\"lazy\" decoding=\"async\" data-attachment-id=\"287\" data-permalink=\"https:\/\/gresvaillant.fr\/en\/la-vigne\/hiver\/20181127_110837\/\" data-orig-file=\"https:\/\/i0.wp.com\/gresvaillant.fr\/wp-content\/uploads\/2018\/11\/20181127_110837.jpg?fit=4128%2C3096&amp;ssl=1\" data-orig-size=\"4128,3096\" data-comments-opened=\"1\" data-image-meta=\"{&quot;aperture&quot;:&quot;1.9&quot;,&quot;credit&quot;:&quot;&quot;,&quot;camera&quot;:&quot;SM-J510FN&quot;,&quot;caption&quot;:&quot;&quot;,&quot;created_timestamp&quot;:&quot;1543316916&quot;,&quot;copyright&quot;:&quot;&quot;,&quot;focal_length&quot;:&quot;3.7&quot;,&quot;iso&quot;:&quot;64&quot;,&quot;shutter_speed&quot;:&quot;0.0071428571428571&quot;,&quot;title&quot;:&quot;&quot;,&quot;orientation&quot;:&quot;1&quot;}\" data-image-title=\"20181127_110837\" data-image-description=\"\" data-image-caption=\"\" data-large-file=\"https:\/\/i0.wp.com\/gresvaillant.fr\/wp-content\/uploads\/2018\/11\/20181127_110837.jpg?fit=825%2C619&amp;ssl=1\" src=\"https:\/\/i0.wp.com\/gresvaillant.fr\/wp-content\/uploads\/2018\/11\/20181127_110837.jpg?resize=489%2C367&#038;ssl=1\" alt=\"\" class=\"wp-image-287\" width=\"489\" height=\"367\" srcset=\"https:\/\/i0.wp.com\/gresvaillant.fr\/wp-content\/uploads\/2018\/11\/20181127_110837.jpg?resize=1024%2C768&amp;ssl=1 1024w, https:\/\/i0.wp.com\/gresvaillant.fr\/wp-content\/uploads\/2018\/11\/20181127_110837.jpg?resize=300%2C225&amp;ssl=1 300w, https:\/\/i0.wp.com\/gresvaillant.fr\/wp-content\/uploads\/2018\/11\/20181127_110837.jpg?resize=624%2C468&amp;ssl=1 624w, https:\/\/i0.wp.com\/gresvaillant.fr\/wp-content\/uploads\/2018\/11\/20181127_110837.jpg?w=1650&amp;ssl=1 1650w, https:\/\/i0.wp.com\/gresvaillant.fr\/wp-content\/uploads\/2018\/11\/20181127_110837.jpg?w=2475&amp;ssl=1 2475w\" sizes=\"auto, (max-width: 489px) 100vw, 489px\" \/><figcaption>Taille en Guyot: 1 baguette et 2 coursons<\/figcaption><\/figure><\/div>\n\n\n\n<p class=\"wp-block-paragraph\">Les autres sarments sont coup\u00e9s et nous conservons seulement 1 ou 2 coursons,  sarments que nous taillons en leur pr\u00e9servant deux yeux (bourgeons), qui deviendront \u00e0 leur tour des baguettes, dans 2 ans.<\/p>\n\n\n\n<div class=\"wp-block-image\"><figure class=\"aligncenter is-resized\"><img data-recalc-dims=\"1\" loading=\"lazy\" decoding=\"async\" data-attachment-id=\"521\" data-permalink=\"https:\/\/gresvaillant.fr\/en\/la-vigne\/hiver\/img_20190410_190538\/\" data-orig-file=\"https:\/\/i0.wp.com\/gresvaillant.fr\/wp-content\/uploads\/2019\/06\/IMG_20190410_190538.jpg?fit=969%2C727&amp;ssl=1\" data-orig-size=\"969,727\" data-comments-opened=\"1\" data-image-meta=\"{&quot;aperture&quot;:&quot;0&quot;,&quot;credit&quot;:&quot;&quot;,&quot;camera&quot;:&quot;&quot;,&quot;caption&quot;:&quot;&quot;,&quot;created_timestamp&quot;:&quot;0&quot;,&quot;copyright&quot;:&quot;&quot;,&quot;focal_length&quot;:&quot;0&quot;,&quot;iso&quot;:&quot;0&quot;,&quot;shutter_speed&quot;:&quot;0&quot;,&quot;title&quot;:&quot;&quot;,&quot;orientation&quot;:&quot;0&quot;}\" data-image-title=\"IMG_20190410_190538\" data-image-description=\"\" data-image-caption=\"\" data-large-file=\"https:\/\/i0.wp.com\/gresvaillant.fr\/wp-content\/uploads\/2019\/06\/IMG_20190410_190538.jpg?fit=825%2C619&amp;ssl=1\" src=\"https:\/\/i0.wp.com\/gresvaillant.fr\/wp-content\/uploads\/2019\/06\/IMG_20190410_190538.jpg?resize=585%2C439&#038;ssl=1\" alt=\"\" class=\"wp-image-521\" width=\"585\" height=\"439\" srcset=\"https:\/\/i0.wp.com\/gresvaillant.fr\/wp-content\/uploads\/2019\/06\/IMG_20190410_190538.jpg?w=969&amp;ssl=1 969w, https:\/\/i0.wp.com\/gresvaillant.fr\/wp-content\/uploads\/2019\/06\/IMG_20190410_190538.jpg?resize=300%2C225&amp;ssl=1 300w, https:\/\/i0.wp.com\/gresvaillant.fr\/wp-content\/uploads\/2019\/06\/IMG_20190410_190538.jpg?resize=768%2C576&amp;ssl=1 768w, https:\/\/i0.wp.com\/gresvaillant.fr\/wp-content\/uploads\/2019\/06\/IMG_20190410_190538.jpg?resize=624%2C468&amp;ssl=1 624w\" sizes=\"auto, (max-width: 585px) 100vw, 585px\" \/><figcaption>Baguette de gauche attach\u00e9e au fil porteur, baguette de droite non attach\u00e9e<\/figcaption><\/figure><\/div>\n\n\n\n<p class=\"wp-block-paragraph\">Il faut ensuite attacher chaque baguette au fil porteur.<\/p>\n\n\n\n<p class=\"wp-block-paragraph\">Nous veillons aussi  \u00e0 <strong>limiter la pr\u00e9sence des herbes adventices<\/strong> qui concurrenceront la vigne au printemps, pour cela selon les parcelles nous utilisons deux m\u00e9thodes:<\/p>\n\n\n\n<ul class=\"wp-block-list\"><li><strong>Le travail du sol <\/strong>avec l&#8217;aide des chevaux qui tirent  la bineuse ou le canadien afin de d\u00e9truire l&#8217;herbe dans les rang\u00e9es et  la charrue afin de buter (recouvrir de terre) les pieds des vignes. <\/li><\/ul>\n\n\n\n<div class=\"wp-block-image\"><figure class=\"aligncenter is-resized\"><img data-recalc-dims=\"1\" loading=\"lazy\" decoding=\"async\" data-attachment-id=\"286\" data-permalink=\"https:\/\/gresvaillant.fr\/en\/la-vigne\/hiver\/20180223_094753\/\" data-orig-file=\"https:\/\/i0.wp.com\/gresvaillant.fr\/wp-content\/uploads\/2018\/11\/20180223_094753-e1543340510186.jpg?fit=3096%2C4128&amp;ssl=1\" data-orig-size=\"3096,4128\" data-comments-opened=\"1\" data-image-meta=\"{&quot;aperture&quot;:&quot;1.9&quot;,&quot;credit&quot;:&quot;&quot;,&quot;camera&quot;:&quot;SM-J510FN&quot;,&quot;caption&quot;:&quot;&quot;,&quot;created_timestamp&quot;:&quot;1519379273&quot;,&quot;copyright&quot;:&quot;&quot;,&quot;focal_length&quot;:&quot;3.7&quot;,&quot;iso&quot;:&quot;64&quot;,&quot;shutter_speed&quot;:&quot;0.0021786492374728&quot;,&quot;title&quot;:&quot;&quot;,&quot;orientation&quot;:&quot;6&quot;}\" data-image-title=\"20180223_094753\" data-image-description=\"\" data-image-caption=\"&lt;p&gt;Rustica ici men\u00e9e par Nina&lt;\/p&gt;\n\" data-large-file=\"https:\/\/i0.wp.com\/gresvaillant.fr\/wp-content\/uploads\/2018\/11\/20180223_094753-e1543340510186.jpg?fit=768%2C1024&amp;ssl=1\" src=\"https:\/\/i0.wp.com\/gresvaillant.fr\/wp-content\/uploads\/2018\/11\/20180223_094753-e1543340510186-768x1024.jpg?resize=508%2C677&#038;ssl=1\" alt=\"\" class=\"wp-image-286\" width=\"508\" height=\"677\" srcset=\"https:\/\/i0.wp.com\/gresvaillant.fr\/wp-content\/uploads\/2018\/11\/20180223_094753-e1543340510186.jpg?resize=768%2C1024&amp;ssl=1 768w, https:\/\/i0.wp.com\/gresvaillant.fr\/wp-content\/uploads\/2018\/11\/20180223_094753-e1543340510186.jpg?resize=225%2C300&amp;ssl=1 225w, https:\/\/i0.wp.com\/gresvaillant.fr\/wp-content\/uploads\/2018\/11\/20180223_094753-e1543340510186.jpg?resize=300%2C400&amp;ssl=1 300w, https:\/\/i0.wp.com\/gresvaillant.fr\/wp-content\/uploads\/2018\/11\/20180223_094753-e1543340510186.jpg?resize=624%2C832&amp;ssl=1 624w, https:\/\/i0.wp.com\/gresvaillant.fr\/wp-content\/uploads\/2018\/11\/20180223_094753-e1543340510186.jpg?w=1650&amp;ssl=1 1650w, https:\/\/i0.wp.com\/gresvaillant.fr\/wp-content\/uploads\/2018\/11\/20180223_094753-e1543340510186.jpg?w=2475&amp;ssl=1 2475w\" sizes=\"auto, (max-width: 508px) 100vw, 508px\" \/><figcaption>Rustica tirant un canadien, men\u00e9e par Nina<\/figcaption><\/figure><\/div>\n\n\n\n<figure class=\"wp-block-image size-large\"><img data-recalc-dims=\"1\" loading=\"lazy\" decoding=\"async\" width=\"825\" height=\"619\" data-attachment-id=\"1441\" data-permalink=\"https:\/\/gresvaillant.fr\/en\/la-vigne\/hiver\/img_20200318_1111561\/\" data-orig-file=\"https:\/\/i0.wp.com\/gresvaillant.fr\/wp-content\/uploads\/2020\/05\/IMG_20200318_1111561.jpg?fit=2592%2C1944&amp;ssl=1\" data-orig-size=\"2592,1944\" data-comments-opened=\"1\" data-image-meta=\"{&quot;aperture&quot;:&quot;2&quot;,&quot;credit&quot;:&quot;&quot;,&quot;camera&quot;:&quot;TREKKER-X3&quot;,&quot;caption&quot;:&quot;&quot;,&quot;created_timestamp&quot;:&quot;1584529917&quot;,&quot;copyright&quot;:&quot;&quot;,&quot;focal_length&quot;:&quot;4.04&quot;,&quot;iso&quot;:&quot;100&quot;,&quot;shutter_speed&quot;:&quot;0.0012453300124533&quot;,&quot;title&quot;:&quot;&quot;,&quot;orientation&quot;:&quot;0&quot;}\" data-image-title=\"IMG_20200318_1111561\" data-image-description=\"\" data-image-caption=\"\" data-large-file=\"https:\/\/i0.wp.com\/gresvaillant.fr\/wp-content\/uploads\/2020\/05\/IMG_20200318_1111561.jpg?fit=825%2C619&amp;ssl=1\" src=\"https:\/\/i0.wp.com\/gresvaillant.fr\/wp-content\/uploads\/2020\/05\/IMG_20200318_1111561.jpg?resize=825%2C619&#038;ssl=1\" alt=\"\" class=\"wp-image-1441\" srcset=\"https:\/\/i0.wp.com\/gresvaillant.fr\/wp-content\/uploads\/2020\/05\/IMG_20200318_1111561.jpg?resize=1024%2C768&amp;ssl=1 1024w, https:\/\/i0.wp.com\/gresvaillant.fr\/wp-content\/uploads\/2020\/05\/IMG_20200318_1111561.jpg?resize=300%2C225&amp;ssl=1 300w, https:\/\/i0.wp.com\/gresvaillant.fr\/wp-content\/uploads\/2020\/05\/IMG_20200318_1111561.jpg?resize=768%2C576&amp;ssl=1 768w, https:\/\/i0.wp.com\/gresvaillant.fr\/wp-content\/uploads\/2020\/05\/IMG_20200318_1111561.jpg?resize=1536%2C1152&amp;ssl=1 1536w, https:\/\/i0.wp.com\/gresvaillant.fr\/wp-content\/uploads\/2020\/05\/IMG_20200318_1111561.jpg?resize=2048%2C1536&amp;ssl=1 2048w, https:\/\/i0.wp.com\/gresvaillant.fr\/wp-content\/uploads\/2020\/05\/IMG_20200318_1111561.jpg?resize=624%2C468&amp;ssl=1 624w, https:\/\/i0.wp.com\/gresvaillant.fr\/wp-content\/uploads\/2020\/05\/IMG_20200318_1111561.jpg?w=1650&amp;ssl=1 1650w, https:\/\/i0.wp.com\/gresvaillant.fr\/wp-content\/uploads\/2020\/05\/IMG_20200318_1111561.jpg?w=2475&amp;ssl=1 2475w\" sizes=\"auto, (max-width: 825px) 100vw, 825px\" \/><figcaption>Vigne de la Cabane butt\u00e9e<\/figcaption><\/figure>\n\n\n\n<ul class=\"wp-block-list\"><li><strong>le p\u00e2turage de mouton sur les parcelles de vigne; <\/strong>en  broutant au ras du sol ils aideront \u00e0 ralentir la pousse de l&#8217;herbe au  printemps, de petite taille ils se faufilent sous les fils du palissage  pour manger au plus pr\u00e8s de la vigne sans l&#8217;abimer et ils apportent m\u00eame  un engrais naturel ! <\/li><\/ul>\n\n\n\n<div class=\"wp-block-image\"><figure class=\"aligncenter is-resized\"><img data-recalc-dims=\"1\" loading=\"lazy\" decoding=\"async\" data-attachment-id=\"291\" data-permalink=\"https:\/\/gresvaillant.fr\/en\/la-vigne\/hiver\/img_20181127_115321\/\" data-orig-file=\"https:\/\/i0.wp.com\/gresvaillant.fr\/wp-content\/uploads\/2018\/11\/IMG_20181127_115321.jpg?fit=3264%2C2448&amp;ssl=1\" data-orig-size=\"3264,2448\" data-comments-opened=\"1\" data-image-meta=\"{&quot;aperture&quot;:&quot;2&quot;,&quot;credit&quot;:&quot;&quot;,&quot;camera&quot;:&quot;TREKKER-X3&quot;,&quot;caption&quot;:&quot;&quot;,&quot;created_timestamp&quot;:&quot;1543319601&quot;,&quot;copyright&quot;:&quot;&quot;,&quot;focal_length&quot;:&quot;4.04&quot;,&quot;iso&quot;:&quot;100&quot;,&quot;shutter_speed&quot;:&quot;0.0016233766233766&quot;,&quot;title&quot;:&quot;&quot;,&quot;orientation&quot;:&quot;0&quot;}\" data-image-title=\"IMG_20181127_115321\" data-image-description=\"\" data-image-caption=\"\" data-large-file=\"https:\/\/i0.wp.com\/gresvaillant.fr\/wp-content\/uploads\/2018\/11\/IMG_20181127_115321.jpg?fit=825%2C619&amp;ssl=1\" src=\"https:\/\/i0.wp.com\/gresvaillant.fr\/wp-content\/uploads\/2018\/11\/IMG_20181127_115321.jpg?resize=508%2C381&#038;ssl=1\" alt=\"\" class=\"wp-image-291\" width=\"508\" height=\"381\" srcset=\"https:\/\/i0.wp.com\/gresvaillant.fr\/wp-content\/uploads\/2018\/11\/IMG_20181127_115321.jpg?resize=1024%2C768&amp;ssl=1 1024w, https:\/\/i0.wp.com\/gresvaillant.fr\/wp-content\/uploads\/2018\/11\/IMG_20181127_115321.jpg?resize=300%2C225&amp;ssl=1 300w, https:\/\/i0.wp.com\/gresvaillant.fr\/wp-content\/uploads\/2018\/11\/IMG_20181127_115321.jpg?resize=624%2C468&amp;ssl=1 624w, https:\/\/i0.wp.com\/gresvaillant.fr\/wp-content\/uploads\/2018\/11\/IMG_20181127_115321.jpg?w=1650&amp;ssl=1 1650w, https:\/\/i0.wp.com\/gresvaillant.fr\/wp-content\/uploads\/2018\/11\/IMG_20181127_115321.jpg?w=2475&amp;ssl=1 2475w\" sizes=\"auto, (max-width: 508px) 100vw, 508px\" \/><\/figure><\/div>\n\n\n","protected":false},"excerpt":{"rendered":"<p>Durant l\u2019hiver, la nature s&#8217;endort doucement et la vigne entre dans sa phase de &#8220;repos v\u00e9g\u00e9tatif&#8221; ; toutes les feuilles sont tomb\u00e9es, les sarments autrefois verts et souples sont devenus bruns et secs comme du bois, la s\u00e8ve est descendue dans le tronc et les racines o\u00f9 elle se stocke sous forme d&#8217;amidon, mis en&hellip; <a href=\"https:\/\/gresvaillant.fr\/en\/la-vigne\/hiver\/\" class=\"more-link\">Continue reading <span class=\"screen-reader-text\">Hiver<\/span><\/a><\/p>\n","protected":false},"author":1,"featured_media":1457,"parent":272,"menu_order":1,"comment_status":"closed","ping_status":"closed","template":"","meta":{"_coblocks_attr":"","_coblocks_dimensions":"","_coblocks_responsive_height":"","_coblocks_accordion_ie_support":"","_crdt_document":"","advanced_seo_description":"","jetpack_seo_html_title":"","jetpack_seo_noindex":false,"footnotes":""},"tags":[],"class_list":["post-284","page","type-page","status-publish","has-post-thumbnail","hentry","without-featured-image"],"translation":{"provider":"WPGlobus","version":"2.12.2","language":"en","enabled_languages":["fr","en"],"languages":{"fr":{"title":true,"content":true,"excerpt":false},"en":{"title":false,"content":false,"excerpt":false}}},"jetpack_sharing_enabled":true,"jetpack_shortlink":"https:\/\/wp.me\/P9vC0e-4A","jetpack_likes_enabled":true,"_links":{"self":[{"href":"https:\/\/gresvaillant.fr\/en\/wp-json\/wp\/v2\/pages\/284","targetHints":{"allow":["GET"]}}],"collection":[{"href":"https:\/\/gresvaillant.fr\/en\/wp-json\/wp\/v2\/pages"}],"about":[{"href":"https:\/\/gresvaillant.fr\/en\/wp-json\/wp\/v2\/types\/page"}],"author":[{"embeddable":true,"href":"https:\/\/gresvaillant.fr\/en\/wp-json\/wp\/v2\/users\/1"}],"replies":[{"embeddable":true,"href":"https:\/\/gresvaillant.fr\/en\/wp-json\/wp\/v2\/comments?post=284"}],"version-history":[{"count":18,"href":"https:\/\/gresvaillant.fr\/en\/wp-json\/wp\/v2\/pages\/284\/revisions"}],"predecessor-version":[{"id":1822,"href":"https:\/\/gresvaillant.fr\/en\/wp-json\/wp\/v2\/pages\/284\/revisions\/1822"}],"up":[{"embeddable":true,"href":"https:\/\/gresvaillant.fr\/en\/wp-json\/wp\/v2\/pages\/272"}],"wp:featuredmedia":[{"embeddable":true,"href":"https:\/\/gresvaillant.fr\/en\/wp-json\/wp\/v2\/media\/1457"}],"wp:attachment":[{"href":"https:\/\/gresvaillant.fr\/en\/wp-json\/wp\/v2\/media?parent=284"}],"wp:term":[{"taxonomy":"post_tag","embeddable":true,"href":"https:\/\/gresvaillant.fr\/en\/wp-json\/wp\/v2\/tags?post=284"}],"curies":[{"name":"wp","href":"https:\/\/api.w.org\/{rel}","templated":true}]}}