{"id":351,"date":"2019-06-20T20:44:18","date_gmt":"2019-06-20T19:44:18","guid":{"rendered":"https:\/\/gresvaillant.fr\/?page_id=351"},"modified":"2021-03-14T19:33:41","modified_gmt":"2021-03-14T18:33:41","slug":"printemps","status":"publish","type":"page","link":"https:\/\/gresvaillant.fr\/en\/la-vigne\/printemps\/","title":{"rendered":"Printemps"},"content":{"rendered":"\n<p class=\"wp-block-paragraph\"> D\u00e9but <em>Avril,<\/em> les bourgeons \u00e9closent : les \u00e9cailles protectrices qui les recouvrent s\u2019\u00e9cartent , laissant appara\u00eetre la bourre: <em>c\u2019est le <strong>d\u00e9bourrement<\/strong><\/em>.<\/p>\n\n\n\n<div class=\"wp-block-image\"><figure class=\"aligncenter is-resized\"><img data-recalc-dims=\"1\" loading=\"lazy\" decoding=\"async\" data-attachment-id=\"518\" data-permalink=\"https:\/\/gresvaillant.fr\/en\/la-vigne\/printemps\/55509660_651216445307918_8011489655000137728_n\/\" data-orig-file=\"https:\/\/i0.wp.com\/gresvaillant.fr\/wp-content\/uploads\/2019\/06\/55509660_651216445307918_8011489655000137728_n.jpg?fit=320%2C320&amp;ssl=1\" data-orig-size=\"320,320\" data-comments-opened=\"1\" data-image-meta=\"{&quot;aperture&quot;:&quot;0&quot;,&quot;credit&quot;:&quot;&quot;,&quot;camera&quot;:&quot;&quot;,&quot;caption&quot;:&quot;&quot;,&quot;created_timestamp&quot;:&quot;0&quot;,&quot;copyright&quot;:&quot;&quot;,&quot;focal_length&quot;:&quot;0&quot;,&quot;iso&quot;:&quot;0&quot;,&quot;shutter_speed&quot;:&quot;0&quot;,&quot;title&quot;:&quot;&quot;,&quot;orientation&quot;:&quot;0&quot;}\" data-image-title=\"55509660_651216445307918_8011489655000137728_n\" data-image-description=\"\" data-image-caption=\"\" data-large-file=\"https:\/\/i0.wp.com\/gresvaillant.fr\/wp-content\/uploads\/2019\/06\/55509660_651216445307918_8011489655000137728_n.jpg?fit=320%2C320&amp;ssl=1\" src=\"https:\/\/i0.wp.com\/gresvaillant.fr\/wp-content\/uploads\/2019\/06\/55509660_651216445307918_8011489655000137728_n.jpg?resize=522%2C522&#038;ssl=1\" alt=\"\" class=\"wp-image-518\" width=\"522\" height=\"522\" srcset=\"https:\/\/i0.wp.com\/gresvaillant.fr\/wp-content\/uploads\/2019\/06\/55509660_651216445307918_8011489655000137728_n.jpg?w=320&amp;ssl=1 320w, https:\/\/i0.wp.com\/gresvaillant.fr\/wp-content\/uploads\/2019\/06\/55509660_651216445307918_8011489655000137728_n.jpg?resize=150%2C150&amp;ssl=1 150w, https:\/\/i0.wp.com\/gresvaillant.fr\/wp-content\/uploads\/2019\/06\/55509660_651216445307918_8011489655000137728_n.jpg?resize=300%2C300&amp;ssl=1 300w, https:\/\/i0.wp.com\/gresvaillant.fr\/wp-content\/uploads\/2019\/06\/55509660_651216445307918_8011489655000137728_n.jpg?resize=180%2C180&amp;ssl=1 180w, https:\/\/i0.wp.com\/gresvaillant.fr\/wp-content\/uploads\/2019\/06\/55509660_651216445307918_8011489655000137728_n.jpg?resize=100%2C100&amp;ssl=1 100w\" sizes=\"auto, (max-width: 522px) 100vw, 522px\" \/><\/figure><\/div>\n\n\n\n<p class=\"wp-block-paragraph\">C&#8217;est la saison des <span style=\"text-decoration: underline;\">&#8220;travaux en vert&#8221;:<\/span><\/p>\n\n\n\n<ul class=\"wp-block-list\"><li><strong>\u00e9pamprag<\/strong>e  : nous enlevons les pampres (aussi appel\u00e9 &#8220;gourmands&#8221;), c&#8217;est \u00e0 dire les sarments qui poussent depuis la base du pied de vigne. Trop proches du sol ils ne m\u00fbriront pas convenablement tout en privant le reste du pied de vigne d&#8217;une part de son alimentation. Nous r\u00e9alisons cette t\u00e2che \u00e0 la main<\/li><li><strong>\u00e9bourgeonnage<\/strong>: selon la vigueur de la vigne nous supprimons certains bourgeons pour permettre \u00e0 ceux restant d&#8217;avoir la place de se d\u00e9velopper et de produire de beaux raisins. Nous r\u00e9alisons cette t\u00e2che \u00e0 la main.<\/li><\/ul>\n\n\n\n<p class=\"wp-block-paragraph\"><span style=\"text-decoration: underline;\">Le travail du sol<\/span> est \u00e9galement primordial \u00e0 cette saison pour freiner la croissance de l&#8217;herbe dans la vigne, elle concurrence la vigne en alimentation et en eau et favorise l&#8217;apparition des maladies d\u00e8s qu&#8217;elle devient trop haute et trop dense.<\/p>\n\n\n\n<ul class=\"wp-block-list\"><li><strong>travail dans l&#8217;inter-rang<\/strong> : avec une bineuse tir\u00e9e par les chevaux nous enlevons une partie de l&#8217;herbe et a\u00e9rons le sol pour lui permettre de mieux absorber l&#8217;eau de pluie<\/li><\/ul>\n\n\n\n<div class=\"wp-block-image\"><figure class=\"aligncenter is-resized\"><img loading=\"lazy\" decoding=\"async\" data-attachment-id=\"387\" data-permalink=\"https:\/\/gresvaillant.fr\/en\/la-vigne\/printemps\/img_20190409_173026\/\" data-orig-file=\"https:\/\/i0.wp.com\/gresvaillant.fr\/wp-content\/uploads\/2019\/04\/IMG_20190409_173026.jpg?fit=3264%2C2448&amp;ssl=1\" data-orig-size=\"3264,2448\" data-comments-opened=\"1\" data-image-meta=\"{&quot;aperture&quot;:&quot;2.2&quot;,&quot;credit&quot;:&quot;&quot;,&quot;camera&quot;:&quot;Core-X3&quot;,&quot;caption&quot;:&quot;&quot;,&quot;created_timestamp&quot;:&quot;1554831026&quot;,&quot;copyright&quot;:&quot;&quot;,&quot;focal_length&quot;:&quot;2.86&quot;,&quot;iso&quot;:&quot;100&quot;,&quot;shutter_speed&quot;:&quot;0.00051466803911477&quot;,&quot;title&quot;:&quot;&quot;,&quot;orientation&quot;:&quot;1&quot;}\" data-image-title=\"IMG_20190409_173026\" data-image-description=\"\" data-image-caption=\"\" data-large-file=\"https:\/\/i0.wp.com\/gresvaillant.fr\/wp-content\/uploads\/2019\/04\/IMG_20190409_173026.jpg?fit=825%2C619&amp;ssl=1\" src=\"https:\/\/i2.wp.com\/gresvaillant.fr\/wp-content\/uploads\/2019\/04\/IMG_20190409_173026.jpg?fit=825%2C619&amp;ssl=1\" alt=\"\" class=\"wp-image-387\" width=\"522\" height=\"391\" srcset=\"https:\/\/i0.wp.com\/gresvaillant.fr\/wp-content\/uploads\/2019\/04\/IMG_20190409_173026.jpg?w=3264&amp;ssl=1 3264w, https:\/\/i0.wp.com\/gresvaillant.fr\/wp-content\/uploads\/2019\/04\/IMG_20190409_173026.jpg?resize=300%2C225&amp;ssl=1 300w, https:\/\/i0.wp.com\/gresvaillant.fr\/wp-content\/uploads\/2019\/04\/IMG_20190409_173026.jpg?resize=768%2C576&amp;ssl=1 768w, https:\/\/i0.wp.com\/gresvaillant.fr\/wp-content\/uploads\/2019\/04\/IMG_20190409_173026.jpg?resize=1024%2C768&amp;ssl=1 1024w, https:\/\/i0.wp.com\/gresvaillant.fr\/wp-content\/uploads\/2019\/04\/IMG_20190409_173026.jpg?resize=624%2C468&amp;ssl=1 624w, https:\/\/i0.wp.com\/gresvaillant.fr\/wp-content\/uploads\/2019\/04\/IMG_20190409_173026.jpg?w=1650&amp;ssl=1 1650w, https:\/\/i0.wp.com\/gresvaillant.fr\/wp-content\/uploads\/2019\/04\/IMG_20190409_173026.jpg?w=2475&amp;ssl=1 2475w\" sizes=\"auto, (max-width: 522px) 100vw, 522px\" \/><figcaption>Inter-rang travaill\u00e9 dans la vigne de Mauzac<\/figcaption><\/figure><\/div>\n\n\n\n<ul class=\"wp-block-list\"><li><strong>travail sous le rang:<\/strong> avec une d\u00e9cavaillonneuse (sorte de charrue d\u00e9sax\u00e9e) nous tachons d&#8217;\u00e9liminer l&#8217;herbe poussant au plus pr\u00e8s des pied de vigne. Ce travail de pr\u00e9cision fait avec les chevaux leur demande une grande concentration pour marcher tr\u00e8s lentement<\/li><\/ul>\n\n\n\n<div class=\"wp-block-image\"><figure class=\"aligncenter is-resized\"><img data-recalc-dims=\"1\" loading=\"lazy\" decoding=\"async\" data-attachment-id=\"132\" data-permalink=\"https:\/\/gresvaillant.fr\/en\/accueil\/img_20180426_153540\/\" data-orig-file=\"https:\/\/i0.wp.com\/gresvaillant.fr\/wp-content\/uploads\/2018\/05\/IMG_20180426_153540.jpg?fit=4000%2C3000&amp;ssl=1\" data-orig-size=\"4000,3000\" data-comments-opened=\"1\" data-image-meta=\"{&quot;aperture&quot;:&quot;2&quot;,&quot;credit&quot;:&quot;&quot;,&quot;camera&quot;:&quot;TREKKER-X3&quot;,&quot;caption&quot;:&quot;&quot;,&quot;created_timestamp&quot;:&quot;1524756941&quot;,&quot;copyright&quot;:&quot;&quot;,&quot;focal_length&quot;:&quot;4.04&quot;,&quot;iso&quot;:&quot;100&quot;,&quot;shutter_speed&quot;:&quot;0.0011376564277588&quot;,&quot;title&quot;:&quot;&quot;,&quot;orientation&quot;:&quot;0&quot;}\" data-image-title=\"IMG_20180426_153540\" data-image-description=\"\" data-image-caption=\"\" data-large-file=\"https:\/\/i0.wp.com\/gresvaillant.fr\/wp-content\/uploads\/2018\/05\/IMG_20180426_153540.jpg?fit=825%2C619&amp;ssl=1\" src=\"https:\/\/i0.wp.com\/gresvaillant.fr\/wp-content\/uploads\/2018\/05\/IMG_20180426_153540.jpg?resize=532%2C399&#038;ssl=1\" alt=\"\" class=\"wp-image-132\" width=\"532\" height=\"399\" srcset=\"https:\/\/i0.wp.com\/gresvaillant.fr\/wp-content\/uploads\/2018\/05\/IMG_20180426_153540.jpg?resize=1024%2C768&amp;ssl=1 1024w, https:\/\/i0.wp.com\/gresvaillant.fr\/wp-content\/uploads\/2018\/05\/IMG_20180426_153540.jpg?resize=300%2C225&amp;ssl=1 300w, https:\/\/i0.wp.com\/gresvaillant.fr\/wp-content\/uploads\/2018\/05\/IMG_20180426_153540.jpg?resize=624%2C468&amp;ssl=1 624w, https:\/\/i0.wp.com\/gresvaillant.fr\/wp-content\/uploads\/2018\/05\/IMG_20180426_153540.jpg?w=1650&amp;ssl=1 1650w, https:\/\/i0.wp.com\/gresvaillant.fr\/wp-content\/uploads\/2018\/05\/IMG_20180426_153540.jpg?w=2475&amp;ssl=1 2475w\" sizes=\"auto, (max-width: 532px) 100vw, 532px\" \/><figcaption>Rustica tirant la d\u00e9cavaillonneuse<\/figcaption><\/figure><\/div>\n\n\n\n<div class=\"wp-block-image\"><figure class=\"aligncenter size-medium is-resized\"><img data-recalc-dims=\"1\" loading=\"lazy\" decoding=\"async\" data-attachment-id=\"1444\" data-permalink=\"https:\/\/gresvaillant.fr\/en\/la-vigne\/printemps\/img_20200505_092433\/\" data-orig-file=\"https:\/\/i0.wp.com\/gresvaillant.fr\/wp-content\/uploads\/2020\/05\/IMG_20200505_092433.jpg?fit=1024%2C768&amp;ssl=1\" data-orig-size=\"1024,768\" data-comments-opened=\"1\" data-image-meta=\"{&quot;aperture&quot;:&quot;2.2&quot;,&quot;credit&quot;:&quot;&quot;,&quot;camera&quot;:&quot;Core-X3&quot;,&quot;caption&quot;:&quot;&quot;,&quot;created_timestamp&quot;:&quot;1588670673&quot;,&quot;copyright&quot;:&quot;&quot;,&quot;focal_length&quot;:&quot;2.86&quot;,&quot;iso&quot;:&quot;100&quot;,&quot;shutter_speed&quot;:&quot;0.004950495049505&quot;,&quot;title&quot;:&quot;&quot;,&quot;orientation&quot;:&quot;0&quot;}\" data-image-title=\"IMG_20200505_092433\" data-image-description=\"\" data-image-caption=\"\" data-large-file=\"https:\/\/i0.wp.com\/gresvaillant.fr\/wp-content\/uploads\/2020\/05\/IMG_20200505_092433.jpg?fit=825%2C619&amp;ssl=1\" src=\"https:\/\/i0.wp.com\/gresvaillant.fr\/wp-content\/uploads\/2020\/05\/IMG_20200505_092433.jpg?resize=541%2C406&#038;ssl=1\" alt=\"\" class=\"wp-image-1444\" width=\"541\" height=\"406\" srcset=\"https:\/\/i0.wp.com\/gresvaillant.fr\/wp-content\/uploads\/2020\/05\/IMG_20200505_092433.jpg?resize=300%2C225&amp;ssl=1 300w, https:\/\/i0.wp.com\/gresvaillant.fr\/wp-content\/uploads\/2020\/05\/IMG_20200505_092433.jpg?resize=768%2C576&amp;ssl=1 768w, https:\/\/i0.wp.com\/gresvaillant.fr\/wp-content\/uploads\/2020\/05\/IMG_20200505_092433.jpg?resize=624%2C468&amp;ssl=1 624w, https:\/\/i0.wp.com\/gresvaillant.fr\/wp-content\/uploads\/2020\/05\/IMG_20200505_092433.jpg?w=1024&amp;ssl=1 1024w\" sizes=\"auto, (max-width: 541px) 100vw, 541px\" \/><figcaption>Vigne des Abeilles d\u00e9cavaillonn\u00e9e<\/figcaption><\/figure><\/div>\n\n\n\n<p class=\"wp-block-paragraph\">Durant le mois de<em> Mai<\/em> la vigne continue \u00e0 pousser , c&#8217;est le temps du <strong>relevage<\/strong>: selon les c\u00e9pages la vigne a besoin d&#8217;aide pour se &#8220;tenir&#8221; (n&#8217;oublions pas qu&#8217;il s&#8217;agit d&#8217;une liane qui s&#8217;accroche \u00e0 ce qu&#8217;elle trouve mais qui peut aussi ramper au sol), les fils &#8220;releveur&#8221; qui ont \u00e9t\u00e9 abaiss\u00e9s \u00e0 la fin de l\u2019hiver doivent \u00eatre relev\u00e9s pour aider les jeunes sarments \u00e0 pousser vers le soleil. Nous r\u00e9alisons cette t\u00e2che \u00e0 la main.<\/p>\n\n\n\n<div class=\"wp-block-image\"><figure class=\"aligncenter is-resized\"><img data-recalc-dims=\"1\" loading=\"lazy\" decoding=\"async\" data-attachment-id=\"528\" data-permalink=\"https:\/\/gresvaillant.fr\/en\/la-vigne\/printemps\/img_20190618_184606\/\" data-orig-file=\"https:\/\/i0.wp.com\/gresvaillant.fr\/wp-content\/uploads\/2019\/06\/IMG_20190618_184606.jpg?fit=975%2C731&amp;ssl=1\" data-orig-size=\"975,731\" data-comments-opened=\"1\" data-image-meta=\"{&quot;aperture&quot;:&quot;0&quot;,&quot;credit&quot;:&quot;&quot;,&quot;camera&quot;:&quot;&quot;,&quot;caption&quot;:&quot;&quot;,&quot;created_timestamp&quot;:&quot;0&quot;,&quot;copyright&quot;:&quot;&quot;,&quot;focal_length&quot;:&quot;0&quot;,&quot;iso&quot;:&quot;0&quot;,&quot;shutter_speed&quot;:&quot;0&quot;,&quot;title&quot;:&quot;&quot;,&quot;orientation&quot;:&quot;0&quot;}\" data-image-title=\"IMG_20190618_184606\" data-image-description=\"\" data-image-caption=\"\" data-large-file=\"https:\/\/i0.wp.com\/gresvaillant.fr\/wp-content\/uploads\/2019\/06\/IMG_20190618_184606.jpg?fit=825%2C619&amp;ssl=1\" src=\"https:\/\/i0.wp.com\/gresvaillant.fr\/wp-content\/uploads\/2019\/06\/IMG_20190618_184606.jpg?resize=598%2C448&#038;ssl=1\" alt=\"\" class=\"wp-image-528\" width=\"598\" height=\"448\" srcset=\"https:\/\/i0.wp.com\/gresvaillant.fr\/wp-content\/uploads\/2019\/06\/IMG_20190618_184606.jpg?w=975&amp;ssl=1 975w, https:\/\/i0.wp.com\/gresvaillant.fr\/wp-content\/uploads\/2019\/06\/IMG_20190618_184606.jpg?resize=300%2C225&amp;ssl=1 300w, https:\/\/i0.wp.com\/gresvaillant.fr\/wp-content\/uploads\/2019\/06\/IMG_20190618_184606.jpg?resize=768%2C576&amp;ssl=1 768w, https:\/\/i0.wp.com\/gresvaillant.fr\/wp-content\/uploads\/2019\/06\/IMG_20190618_184606.jpg?resize=624%2C468&amp;ssl=1 624w\" sizes=\"auto, (max-width: 598px) 100vw, 598px\" \/><figcaption>Vigne de Mauzac relev\u00e9e<\/figcaption><\/figure><\/div>\n\n\n\n<p class=\"wp-block-paragraph\">Puis en <em>Juin<\/em> les fleurs de vignes apparaissent : c&#8217;est la<strong> floraison<\/strong>.  <br>On consid\u00e8re traditionnellement que la vendange aura lieu 100 jours apr\u00e8s l&#8217;apparition des fleurs.<\/p>\n\n\n\n<div class=\"wp-block-image\"><figure class=\"aligncenter is-resized\"><img data-recalc-dims=\"1\" loading=\"lazy\" decoding=\"async\" data-attachment-id=\"517\" data-permalink=\"https:\/\/gresvaillant.fr\/en\/la-vigne\/printemps\/61606549_693844054378490_1968315062863003648_n\/\" data-orig-file=\"https:\/\/i0.wp.com\/gresvaillant.fr\/wp-content\/uploads\/2019\/06\/61606549_693844054378490_1968315062863003648_n.jpg?fit=960%2C960&amp;ssl=1\" data-orig-size=\"960,960\" data-comments-opened=\"1\" data-image-meta=\"{&quot;aperture&quot;:&quot;0&quot;,&quot;credit&quot;:&quot;&quot;,&quot;camera&quot;:&quot;&quot;,&quot;caption&quot;:&quot;&quot;,&quot;created_timestamp&quot;:&quot;0&quot;,&quot;copyright&quot;:&quot;&quot;,&quot;focal_length&quot;:&quot;0&quot;,&quot;iso&quot;:&quot;0&quot;,&quot;shutter_speed&quot;:&quot;0&quot;,&quot;title&quot;:&quot;&quot;,&quot;orientation&quot;:&quot;0&quot;}\" data-image-title=\"61606549_693844054378490_1968315062863003648_n\" data-image-description=\"\" data-image-caption=\"\" data-large-file=\"https:\/\/i0.wp.com\/gresvaillant.fr\/wp-content\/uploads\/2019\/06\/61606549_693844054378490_1968315062863003648_n.jpg?fit=825%2C825&amp;ssl=1\" src=\"https:\/\/i0.wp.com\/gresvaillant.fr\/wp-content\/uploads\/2019\/06\/61606549_693844054378490_1968315062863003648_n.jpg?resize=531%2C531&#038;ssl=1\" alt=\"\" class=\"wp-image-517\" width=\"531\" height=\"531\" srcset=\"https:\/\/i0.wp.com\/gresvaillant.fr\/wp-content\/uploads\/2019\/06\/61606549_693844054378490_1968315062863003648_n.jpg?w=960&amp;ssl=1 960w, https:\/\/i0.wp.com\/gresvaillant.fr\/wp-content\/uploads\/2019\/06\/61606549_693844054378490_1968315062863003648_n.jpg?resize=150%2C150&amp;ssl=1 150w, https:\/\/i0.wp.com\/gresvaillant.fr\/wp-content\/uploads\/2019\/06\/61606549_693844054378490_1968315062863003648_n.jpg?resize=300%2C300&amp;ssl=1 300w, https:\/\/i0.wp.com\/gresvaillant.fr\/wp-content\/uploads\/2019\/06\/61606549_693844054378490_1968315062863003648_n.jpg?resize=768%2C768&amp;ssl=1 768w, https:\/\/i0.wp.com\/gresvaillant.fr\/wp-content\/uploads\/2019\/06\/61606549_693844054378490_1968315062863003648_n.jpg?resize=180%2C180&amp;ssl=1 180w, https:\/\/i0.wp.com\/gresvaillant.fr\/wp-content\/uploads\/2019\/06\/61606549_693844054378490_1968315062863003648_n.jpg?resize=624%2C624&amp;ssl=1 624w, https:\/\/i0.wp.com\/gresvaillant.fr\/wp-content\/uploads\/2019\/06\/61606549_693844054378490_1968315062863003648_n.jpg?resize=100%2C100&amp;ssl=1 100w\" sizes=\"auto, (max-width: 531px) 100vw, 531px\" \/><figcaption>fleur de Chardonnay<\/figcaption><\/figure><\/div>\n\n\n\n\n\n<p class=\"wp-block-paragraph\"><br><\/p>\n\n\n\n<p class=\"wp-block-paragraph\"><\/p>\n\n\n\n<p class=\"wp-block-paragraph\"><\/p>\n","protected":false},"excerpt":{"rendered":"<p>D\u00e9but Avril, les bourgeons \u00e9closent : les \u00e9cailles protectrices qui les recouvrent s\u2019\u00e9cartent , laissant appara\u00eetre la bourre: c\u2019est le d\u00e9bourrement. C&#8217;est la saison des &#8220;travaux en vert&#8221;: \u00e9pamprage : nous enlevons les pampres (aussi appel\u00e9 &#8220;gourmands&#8221;), c&#8217;est \u00e0 dire les sarments qui poussent depuis la base du pied de vigne. Trop proches du sol&hellip; <a href=\"https:\/\/gresvaillant.fr\/en\/la-vigne\/printemps\/\" class=\"more-link\">Continue reading <span class=\"screen-reader-text\">Printemps<\/span><\/a><\/p>\n","protected":false},"author":1,"featured_media":1456,"parent":272,"menu_order":2,"comment_status":"closed","ping_status":"closed","template":"","meta":{"_coblocks_attr":"","_coblocks_dimensions":"","_coblocks_responsive_height":"","_coblocks_accordion_ie_support":"","_crdt_document":"","advanced_seo_description":"","jetpack_seo_html_title":"","jetpack_seo_noindex":false,"footnotes":""},"tags":[],"class_list":["post-351","page","type-page","status-publish","has-post-thumbnail","hentry","without-featured-image"],"translation":{"provider":"WPGlobus","version":"2.12.2","language":"en","enabled_languages":["fr","en"],"languages":{"fr":{"title":true,"content":true,"excerpt":false},"en":{"title":false,"content":false,"excerpt":false}}},"jetpack_sharing_enabled":true,"jetpack_shortlink":"https:\/\/wp.me\/P9vC0e-5F","jetpack_likes_enabled":true,"_links":{"self":[{"href":"https:\/\/gresvaillant.fr\/en\/wp-json\/wp\/v2\/pages\/351","targetHints":{"allow":["GET"]}}],"collection":[{"href":"https:\/\/gresvaillant.fr\/en\/wp-json\/wp\/v2\/pages"}],"about":[{"href":"https:\/\/gresvaillant.fr\/en\/wp-json\/wp\/v2\/types\/page"}],"author":[{"embeddable":true,"href":"https:\/\/gresvaillant.fr\/en\/wp-json\/wp\/v2\/users\/1"}],"replies":[{"embeddable":true,"href":"https:\/\/gresvaillant.fr\/en\/wp-json\/wp\/v2\/comments?post=351"}],"version-history":[{"count":12,"href":"https:\/\/gresvaillant.fr\/en\/wp-json\/wp\/v2\/pages\/351\/revisions"}],"predecessor-version":[{"id":1824,"href":"https:\/\/gresvaillant.fr\/en\/wp-json\/wp\/v2\/pages\/351\/revisions\/1824"}],"up":[{"embeddable":true,"href":"https:\/\/gresvaillant.fr\/en\/wp-json\/wp\/v2\/pages\/272"}],"wp:featuredmedia":[{"embeddable":true,"href":"https:\/\/gresvaillant.fr\/en\/wp-json\/wp\/v2\/media\/1456"}],"wp:attachment":[{"href":"https:\/\/gresvaillant.fr\/en\/wp-json\/wp\/v2\/media?parent=351"}],"wp:term":[{"taxonomy":"post_tag","embeddable":true,"href":"https:\/\/gresvaillant.fr\/en\/wp-json\/wp\/v2\/tags?post=351"}],"curies":[{"name":"wp","href":"https:\/\/api.w.org\/{rel}","templated":true}]}}