{"id":40,"date":"2018-02-07T20:17:28","date_gmt":"2018-02-07T19:17:28","guid":{"rendered":"https:\/\/gresvaillant.wordpress.com\/?page_id=40"},"modified":"2023-07-18T11:14:51","modified_gmt":"2023-07-18T10:14:51","slug":"les-gites","status":"publish","type":"page","link":"https:\/\/gresvaillant.fr\/en\/les-gites\/","title":{"rendered":"Le G\u00eete"},"content":{"rendered":"\n<p class=\"wp-block-paragraph\">Le domaine du Gr\u00e8s Vaillant propose \u00e0 la location <strong>un  g\u00eete <\/strong>au c\u0153ur du domaine, en pleine nature avec piscine et jardin-terrasse privatif. <\/p>\n\n\n\n<p class=\"wp-block-paragraph\">Le nombre de couchage de ce g\u00eete est de <strong>10 personne<\/strong>s au maximum.<\/p>\n\n\n\n<figure class=\"wp-block-image\"><img data-recalc-dims=\"1\" loading=\"lazy\" decoding=\"async\" width=\"825\" height=\"619\" data-attachment-id=\"169\" data-permalink=\"https:\/\/gresvaillant.fr\/en\/les-gites\/img_20180621_123951\/\" data-orig-file=\"https:\/\/i0.wp.com\/gresvaillant.fr\/wp-content\/uploads\/2018\/06\/IMG_20180621_123951.jpg?fit=3264%2C2448&amp;ssl=1\" data-orig-size=\"3264,2448\" data-comments-opened=\"1\" data-image-meta=\"{&quot;aperture&quot;:&quot;2&quot;,&quot;credit&quot;:&quot;&quot;,&quot;camera&quot;:&quot;TREKKER-X3&quot;,&quot;caption&quot;:&quot;&quot;,&quot;created_timestamp&quot;:&quot;1529584791&quot;,&quot;copyright&quot;:&quot;&quot;,&quot;focal_length&quot;:&quot;4.04&quot;,&quot;iso&quot;:&quot;100&quot;,&quot;shutter_speed&quot;:&quot;0.0015384615384615&quot;,&quot;title&quot;:&quot;&quot;,&quot;orientation&quot;:&quot;0&quot;}\" data-image-title=\"IMG_20180621_123951\" data-image-description=\"\" data-image-caption=\"\" data-large-file=\"https:\/\/i0.wp.com\/gresvaillant.fr\/wp-content\/uploads\/2018\/06\/IMG_20180621_123951.jpg?fit=825%2C619&amp;ssl=1\" src=\"https:\/\/i0.wp.com\/gresvaillant.fr\/wp-content\/uploads\/2018\/06\/IMG_20180621_123951.jpg?resize=825%2C619&#038;ssl=1\" alt=\"IMG_20180621_123951.jpg\" class=\"wp-image-169\" srcset=\"https:\/\/i0.wp.com\/gresvaillant.fr\/wp-content\/uploads\/2018\/06\/IMG_20180621_123951.jpg?w=3264&amp;ssl=1 3264w, https:\/\/i0.wp.com\/gresvaillant.fr\/wp-content\/uploads\/2018\/06\/IMG_20180621_123951.jpg?resize=300%2C225&amp;ssl=1 300w, https:\/\/i0.wp.com\/gresvaillant.fr\/wp-content\/uploads\/2018\/06\/IMG_20180621_123951.jpg?resize=1024%2C768&amp;ssl=1 1024w, https:\/\/i0.wp.com\/gresvaillant.fr\/wp-content\/uploads\/2018\/06\/IMG_20180621_123951.jpg?resize=624%2C468&amp;ssl=1 624w, https:\/\/i0.wp.com\/gresvaillant.fr\/wp-content\/uploads\/2018\/06\/IMG_20180621_123951.jpg?w=1650&amp;ssl=1 1650w, https:\/\/i0.wp.com\/gresvaillant.fr\/wp-content\/uploads\/2018\/06\/IMG_20180621_123951.jpg?w=2475&amp;ssl=1 2475w\" sizes=\"auto, (max-width: 825px) 100vw, 825px\" \/><\/figure>\n\n\n\n<p class=\"wp-block-paragraph\">Voir <a href=\"https:\/\/gresvaillant.fr\/les-gites\/description\/\">description<\/a><\/p>\n\n\n\n<ul class=\"wp-block-list\">\n<li>3 chambres avec lit-double <\/li>\n\n\n\n<li>1 chambre 2 lit simple <\/li>\n\n\n\n<li>salon avec canap\u00e9 lit pour 2 personnes (RDC)<\/li>\n\n\n\n<li>3 salles de Bain<\/li>\n\n\n\n<li>2 WC <\/li>\n\n\n\n<li>cuisine ouverte et espace salle \u00e0 manger (RDC)<\/li>\n\n\n\n<li>piscine privative sur une terrasse avec espace repas en ext\u00e9rieur (RDC)<\/li>\n\n\n\n<li>Wifi gratuit, pas de tv<\/li>\n\n\n\n<li>Linge de maison fourni <\/li>\n<\/ul>\n","protected":false},"excerpt":{"rendered":"<p>Le domaine du Gr\u00e8s Vaillant propose \u00e0 la location un g\u00eete au c\u0153ur du domaine, en pleine nature avec piscine et jardin-terrasse privatif. Le nombre de couchage de ce g\u00eete est de 10 personnes au maximum. Voir description<\/p>\n","protected":false},"author":1,"featured_media":0,"parent":0,"menu_order":0,"comment_status":"closed","ping_status":"closed","template":"templates\/grid-page.php","meta":{"_coblocks_attr":"","_coblocks_dimensions":"","_coblocks_responsive_height":"","_coblocks_accordion_ie_support":"","_crdt_document":"","advanced_seo_description":"","jetpack_seo_html_title":"","jetpack_seo_noindex":false,"footnotes":""},"tags":[],"class_list":["post-40","page","type-page","status-publish","hentry","without-featured-image"],"translation":{"provider":"WPGlobus","version":"2.12.2","language":"en","enabled_languages":["fr","en"],"languages":{"fr":{"title":true,"content":true,"excerpt":false},"en":{"title":false,"content":false,"excerpt":false}}},"jetpack_sharing_enabled":true,"jetpack_shortlink":"https:\/\/wp.me\/P9vC0e-E","jetpack_likes_enabled":true,"_links":{"self":[{"href":"https:\/\/gresvaillant.fr\/en\/wp-json\/wp\/v2\/pages\/40","targetHints":{"allow":["GET"]}}],"collection":[{"href":"https:\/\/gresvaillant.fr\/en\/wp-json\/wp\/v2\/pages"}],"about":[{"href":"https:\/\/gresvaillant.fr\/en\/wp-json\/wp\/v2\/types\/page"}],"author":[{"embeddable":true,"href":"https:\/\/gresvaillant.fr\/en\/wp-json\/wp\/v2\/users\/1"}],"replies":[{"embeddable":true,"href":"https:\/\/gresvaillant.fr\/en\/wp-json\/wp\/v2\/comments?post=40"}],"version-history":[{"count":21,"href":"https:\/\/gresvaillant.fr\/en\/wp-json\/wp\/v2\/pages\/40\/revisions"}],"predecessor-version":[{"id":2972,"href":"https:\/\/gresvaillant.fr\/en\/wp-json\/wp\/v2\/pages\/40\/revisions\/2972"}],"wp:attachment":[{"href":"https:\/\/gresvaillant.fr\/en\/wp-json\/wp\/v2\/media?parent=40"}],"wp:term":[{"taxonomy":"post_tag","embeddable":true,"href":"https:\/\/gresvaillant.fr\/en\/wp-json\/wp\/v2\/tags?post=40"}],"curies":[{"name":"wp","href":"https:\/\/api.w.org\/{rel}","templated":true}]}}