{"id":407,"date":"2019-05-12T06:26:54","date_gmt":"2019-05-12T05:26:54","guid":{"rendered":"https:\/\/gresvaillant.fr\/?page_id=407"},"modified":"2021-08-20T16:43:41","modified_gmt":"2021-08-20T15:43:41","slug":"les-vins","status":"publish","type":"page","link":"https:\/\/gresvaillant.fr\/en\/les-vins\/","title":{"rendered":"Les Vins"},"content":{"rendered":"\n<p class=\"wp-block-paragraph\">Nos vins sont issus de nos raisins, tous vendang\u00e9s \u00e0 la main, et trait\u00e9s avec le plus grand respect durant tout le processus de vinification. <\/p>\n\n\n\n<p class=\"wp-block-paragraph\">Nous proposons actuellement \u00e0 la vente  les vins du mill\u00e9sime 2017 (notre premi\u00e8re r\u00e9colte),  2019 et 2020. <\/p>\n\n\n\n<p class=\"wp-block-paragraph\">Ils se d\u00e9clinent en Blanc, Ros\u00e9, Rouge et en Bulles.<\/p>\n\n\n\n<div class=\"wp-block-image\"><figure class=\"aligncenter size-full is-resized\"><img data-recalc-dims=\"1\" loading=\"lazy\" decoding=\"async\" data-attachment-id=\"2071\" data-permalink=\"https:\/\/gresvaillant.fr\/en\/les-vins\/capture-decran-2021-05-13-a-13-32-22\/\" data-orig-file=\"https:\/\/i0.wp.com\/gresvaillant.fr\/wp-content\/uploads\/2021\/08\/Capture-de%CC%81cran-2021-05-13-a%CC%80-13.32.22.png?fit=468%2C218&amp;ssl=1\" data-orig-size=\"468,218\" data-comments-opened=\"1\" data-image-meta=\"{&quot;aperture&quot;:&quot;0&quot;,&quot;credit&quot;:&quot;&quot;,&quot;camera&quot;:&quot;&quot;,&quot;caption&quot;:&quot;&quot;,&quot;created_timestamp&quot;:&quot;0&quot;,&quot;copyright&quot;:&quot;&quot;,&quot;focal_length&quot;:&quot;0&quot;,&quot;iso&quot;:&quot;0&quot;,&quot;shutter_speed&quot;:&quot;0&quot;,&quot;title&quot;:&quot;&quot;,&quot;orientation&quot;:&quot;0&quot;}\" data-image-title=\"Capture-de\u0301cran-2021-05-13-a\u0300-13.32.22\" data-image-description=\"\" data-image-caption=\"\" data-large-file=\"https:\/\/i0.wp.com\/gresvaillant.fr\/wp-content\/uploads\/2021\/08\/Capture-de%CC%81cran-2021-05-13-a%CC%80-13.32.22.png?fit=468%2C218&amp;ssl=1\" src=\"https:\/\/i0.wp.com\/gresvaillant.fr\/wp-content\/uploads\/2021\/08\/Capture-de%CC%81cran-2021-05-13-a%CC%80-13.32.22.png?resize=617%2C287&#038;ssl=1\" alt=\"\" class=\"wp-image-2071\" width=\"617\" height=\"287\" srcset=\"https:\/\/i0.wp.com\/gresvaillant.fr\/wp-content\/uploads\/2021\/08\/Capture-de%CC%81cran-2021-05-13-a%CC%80-13.32.22.png?w=468&amp;ssl=1 468w, https:\/\/i0.wp.com\/gresvaillant.fr\/wp-content\/uploads\/2021\/08\/Capture-de%CC%81cran-2021-05-13-a%CC%80-13.32.22.png?resize=300%2C140&amp;ssl=1 300w\" sizes=\"auto, (max-width: 617px) 100vw, 617px\" \/><\/figure><\/div>\n","protected":false},"excerpt":{"rendered":"<p>Nos vins sont issus de nos raisins, tous vendang\u00e9s \u00e0 la main, et trait\u00e9s avec le plus grand respect durant tout le processus de vinification. Nous proposons actuellement \u00e0 la vente les vins du mill\u00e9sime 2017 (notre premi\u00e8re r\u00e9colte), 2019 et 2020. Ils se d\u00e9clinent en Blanc, Ros\u00e9, Rouge et en Bulles.<\/p>\n","protected":false},"author":1,"featured_media":0,"parent":0,"menu_order":0,"comment_status":"closed","ping_status":"closed","template":"","meta":{"_coblocks_attr":"","_coblocks_dimensions":"","_coblocks_responsive_height":"","_coblocks_accordion_ie_support":"","_crdt_document":"","advanced_seo_description":"","jetpack_seo_html_title":"","jetpack_seo_noindex":false,"footnotes":""},"tags":[],"class_list":["post-407","page","type-page","status-publish","hentry","without-featured-image"],"translation":{"provider":"WPGlobus","version":"2.12.2","language":"en","enabled_languages":["fr","en"],"languages":{"fr":{"title":true,"content":true,"excerpt":false},"en":{"title":false,"content":false,"excerpt":false}}},"jetpack_sharing_enabled":true,"jetpack_shortlink":"https:\/\/wp.me\/P9vC0e-6z","jetpack_likes_enabled":true,"_links":{"self":[{"href":"https:\/\/gresvaillant.fr\/en\/wp-json\/wp\/v2\/pages\/407","targetHints":{"allow":["GET"]}}],"collection":[{"href":"https:\/\/gresvaillant.fr\/en\/wp-json\/wp\/v2\/pages"}],"about":[{"href":"https:\/\/gresvaillant.fr\/en\/wp-json\/wp\/v2\/types\/page"}],"author":[{"embeddable":true,"href":"https:\/\/gresvaillant.fr\/en\/wp-json\/wp\/v2\/users\/1"}],"replies":[{"embeddable":true,"href":"https:\/\/gresvaillant.fr\/en\/wp-json\/wp\/v2\/comments?post=407"}],"version-history":[{"count":5,"href":"https:\/\/gresvaillant.fr\/en\/wp-json\/wp\/v2\/pages\/407\/revisions"}],"predecessor-version":[{"id":2072,"href":"https:\/\/gresvaillant.fr\/en\/wp-json\/wp\/v2\/pages\/407\/revisions\/2072"}],"wp:attachment":[{"href":"https:\/\/gresvaillant.fr\/en\/wp-json\/wp\/v2\/media?parent=407"}],"wp:term":[{"taxonomy":"post_tag","embeddable":true,"href":"https:\/\/gresvaillant.fr\/en\/wp-json\/wp\/v2\/tags?post=407"}],"curies":[{"name":"wp","href":"https:\/\/api.w.org\/{rel}","templated":true}]}}