{"id":505,"date":"2019-05-31T06:33:48","date_gmt":"2019-05-31T05:33:48","guid":{"rendered":"https:\/\/gresvaillant.fr\/?page_id=505"},"modified":"2025-05-05T12:19:46","modified_gmt":"2025-05-05T11:19:46","slug":"ou-trouver-nos-vins","status":"publish","type":"page","link":"https:\/\/gresvaillant.fr\/en\/ou-trouver-nos-vins\/","title":{"rendered":"O\u00f9 trouver nos vins"},"content":{"rendered":"\n<h1 class=\"wp-block-heading has-text-align-center\">Au domaine<\/h1>\n\n\n\n<div class=\"wp-block-media-text alignwide\"><figure class=\"wp-block-media-text__media\"><img data-recalc-dims=\"1\" loading=\"lazy\" decoding=\"async\" width=\"825\" height=\"546\" data-attachment-id=\"303\" data-permalink=\"https:\/\/gresvaillant.fr\/en\/la-vigne\/dsc_0010\/\" data-orig-file=\"https:\/\/i0.wp.com\/gresvaillant.fr\/wp-content\/uploads\/2018\/11\/DSC_0010.jpg?fit=4928%2C3264&amp;ssl=1\" data-orig-size=\"4928,3264\" data-comments-opened=\"1\" data-image-meta=\"{&quot;aperture&quot;:&quot;16&quot;,&quot;credit&quot;:&quot;&quot;,&quot;camera&quot;:&quot;NIKON D5100&quot;,&quot;caption&quot;:&quot;&quot;,&quot;created_timestamp&quot;:&quot;1501764201&quot;,&quot;copyright&quot;:&quot;&quot;,&quot;focal_length&quot;:&quot;35&quot;,&quot;iso&quot;:&quot;200&quot;,&quot;shutter_speed&quot;:&quot;0.00625&quot;,&quot;title&quot;:&quot;&quot;,&quot;orientation&quot;:&quot;1&quot;}\" data-image-title=\"DSC_0010\" data-image-description=\"\" data-image-caption=\"\" data-large-file=\"https:\/\/i0.wp.com\/gresvaillant.fr\/wp-content\/uploads\/2018\/11\/DSC_0010.jpg?fit=825%2C546&amp;ssl=1\" src=\"https:\/\/i0.wp.com\/gresvaillant.fr\/wp-content\/uploads\/2018\/11\/DSC_0010.jpg?resize=825%2C546&#038;ssl=1\" alt=\"\" class=\"wp-image-303 size-full\" srcset=\"https:\/\/i0.wp.com\/gresvaillant.fr\/wp-content\/uploads\/2018\/11\/DSC_0010.jpg?resize=1024%2C678&amp;ssl=1 1024w, https:\/\/i0.wp.com\/gresvaillant.fr\/wp-content\/uploads\/2018\/11\/DSC_0010.jpg?resize=300%2C199&amp;ssl=1 300w, https:\/\/i0.wp.com\/gresvaillant.fr\/wp-content\/uploads\/2018\/11\/DSC_0010.jpg?resize=624%2C413&amp;ssl=1 624w, https:\/\/i0.wp.com\/gresvaillant.fr\/wp-content\/uploads\/2018\/11\/DSC_0010.jpg?w=1650&amp;ssl=1 1650w, https:\/\/i0.wp.com\/gresvaillant.fr\/wp-content\/uploads\/2018\/11\/DSC_0010.jpg?w=2475&amp;ssl=1 2475w\" sizes=\"auto, (max-width: 825px) 100vw, 825px\" \/><\/figure><div class=\"wp-block-media-text__content\">\n<ul class=\"wp-block-list\">\n<li><a href=\"https:\/\/gresvaillant.fr\/contact\/\">Ouvert tous les jours de 11h \u00e0 19h.<\/a><\/li>\n\n\n\n<li><a href=\"https:\/\/gresvaillant.fr\/contact\/\">D\u00e9gustation et vente sans RDV<\/a><\/li>\n<\/ul>\n<\/div><\/div>\n\n\n\n<div class=\"wp-block-media-text alignwide has-media-on-the-right\" style=\"grid-template-columns:auto 47%\"><div class=\"wp-block-media-text__content\">\n<p class=\"has-text-align-center wp-block-paragraph\" style=\"font-size:21px\"><strong>Domaine du Gr\u00e8s Vaillant <\/strong>  <\/p>\n\n\n\n<p class=\"has-text-align-center wp-block-paragraph\">chemin du casse         <\/p>\n\n\n\n<p class=\"has-text-align-center wp-block-paragraph\">11300 Saint-Polycarpe<\/p>\n\n\n\n<p class=\"wp-block-paragraph\"><\/p>\n<\/div><figure class=\"wp-block-media-text__media\"><img data-recalc-dims=\"1\" loading=\"lazy\" decoding=\"async\" width=\"293\" height=\"265\" data-attachment-id=\"478\" data-permalink=\"https:\/\/gresvaillant.fr\/en\/contact\/capture-decran-2019-05-08-a-19-40-23\/\" data-orig-file=\"https:\/\/i0.wp.com\/gresvaillant.fr\/wp-content\/uploads\/2019\/05\/Capture-d%E2%80%99e%CC%81cran-2019-05-08-a%CC%80-19.40.23.png?fit=293%2C265&amp;ssl=1\" data-orig-size=\"293,265\" data-comments-opened=\"1\" data-image-meta=\"{&quot;aperture&quot;:&quot;0&quot;,&quot;credit&quot;:&quot;&quot;,&quot;camera&quot;:&quot;&quot;,&quot;caption&quot;:&quot;&quot;,&quot;created_timestamp&quot;:&quot;0&quot;,&quot;copyright&quot;:&quot;&quot;,&quot;focal_length&quot;:&quot;0&quot;,&quot;iso&quot;:&quot;0&quot;,&quot;shutter_speed&quot;:&quot;0&quot;,&quot;title&quot;:&quot;&quot;,&quot;orientation&quot;:&quot;0&quot;}\" data-image-title=\"Capture d\u2019e\u0301cran 2019-05-08 a\u0300 19.40.23\" data-image-description=\"\" data-image-caption=\"\" data-large-file=\"https:\/\/i0.wp.com\/gresvaillant.fr\/wp-content\/uploads\/2019\/05\/Capture-d%E2%80%99e%CC%81cran-2019-05-08-a%CC%80-19.40.23.png?fit=293%2C265&amp;ssl=1\" src=\"https:\/\/i0.wp.com\/gresvaillant.fr\/wp-content\/uploads\/2019\/05\/Capture-d%E2%80%99e%CC%81cran-2019-05-08-a%CC%80-19.40.23.png?resize=293%2C265&#038;ssl=1\" alt=\"\" class=\"wp-image-478 size-full\"\/><\/figure><\/div>\n\n\n\n<h1 class=\"wp-block-heading has-text-align-center\">Sur notre Boutique en Ligne<\/h1>\n\n\n\n<div class=\"wp-block-media-text alignwide\"><figure class=\"wp-block-media-text__media\"><img data-recalc-dims=\"1\" loading=\"lazy\" decoding=\"async\" width=\"545\" height=\"592\" data-attachment-id=\"506\" data-permalink=\"https:\/\/gresvaillant.fr\/en\/ou-trouver-nos-vins\/capture-decran-2019-05-30-a-12-36-07\/\" data-orig-file=\"https:\/\/i0.wp.com\/gresvaillant.fr\/wp-content\/uploads\/2019\/05\/Capture-d%E2%80%99e%CC%81cran-2019-05-30-a%CC%80-12.36.07.png?fit=545%2C592&amp;ssl=1\" data-orig-size=\"545,592\" data-comments-opened=\"1\" data-image-meta=\"{&quot;aperture&quot;:&quot;0&quot;,&quot;credit&quot;:&quot;&quot;,&quot;camera&quot;:&quot;&quot;,&quot;caption&quot;:&quot;&quot;,&quot;created_timestamp&quot;:&quot;0&quot;,&quot;copyright&quot;:&quot;&quot;,&quot;focal_length&quot;:&quot;0&quot;,&quot;iso&quot;:&quot;0&quot;,&quot;shutter_speed&quot;:&quot;0&quot;,&quot;title&quot;:&quot;&quot;,&quot;orientation&quot;:&quot;0&quot;}\" data-image-title=\"Capture-d\u2019e\u0301cran-2019-05-30-a\u0300-12.36.07\" data-image-description=\"\" data-image-caption=\"\" data-large-file=\"https:\/\/i0.wp.com\/gresvaillant.fr\/wp-content\/uploads\/2019\/05\/Capture-d%E2%80%99e%CC%81cran-2019-05-30-a%CC%80-12.36.07.png?fit=545%2C592&amp;ssl=1\" src=\"https:\/\/i0.wp.com\/gresvaillant.fr\/wp-content\/uploads\/2019\/05\/Capture-d%E2%80%99e%CC%81cran-2019-05-30-a%CC%80-12.36.07.png?resize=545%2C592&#038;ssl=1\" alt=\"\" class=\"wp-image-506 size-full\" srcset=\"https:\/\/i0.wp.com\/gresvaillant.fr\/wp-content\/uploads\/2019\/05\/Capture-d%E2%80%99e%CC%81cran-2019-05-30-a%CC%80-12.36.07.png?w=545&amp;ssl=1 545w, https:\/\/i0.wp.com\/gresvaillant.fr\/wp-content\/uploads\/2019\/05\/Capture-d%E2%80%99e%CC%81cran-2019-05-30-a%CC%80-12.36.07.png?resize=276%2C300&amp;ssl=1 276w, https:\/\/i0.wp.com\/gresvaillant.fr\/wp-content\/uploads\/2019\/05\/Capture-d%E2%80%99e%CC%81cran-2019-05-30-a%CC%80-12.36.07.png?resize=300%2C326&amp;ssl=1 300w\" sizes=\"auto, (max-width: 545px) 100vw, 545px\" \/><\/figure><div class=\"wp-block-media-text__content\">\n<ul class=\"wp-block-list\">\n<li><a href=\"https:\/\/gresvaillant.fr\/boutique\/\">Commandez et payez en ligne pour recevoir vos bouteilles directement chez vous<\/a><\/li>\n\n\n\n<li>Livraison en France m\u00e9tropolitaine et Allemagne, Belgique, Luxembourg, Pays-Bas<\/li>\n<\/ul>\n<\/div><\/div>\n\n\n\n<h1 class=\"wp-block-heading has-text-align-center\">Pr\u00e8s de chez vous<\/h1>\n\n\n\n<p class=\"wp-block-paragraph\"><\/p>\n\n\n\n<h2 class=\"wp-block-heading\">Allier (03) <\/h2>\n\n\n\n<ul class=\"wp-block-list\">\n<li>In Vino, 37 Quai Louis Blanc, 03100 Montlu\u00e7on<\/li>\n<\/ul>\n\n\n\n<h2 class=\"wp-block-heading\">Alpes-de-Haute-Provence (04)<\/h2>\n\n\n\n<ul class=\"wp-block-list\">\n<li>Le Lacustre, Roufleiran D908, 04370, Beauvezer (restaurant)<\/li>\n\n\n\n<li>Lac de castillon, residence le cheiron, 04120 Castellane (restaurant)<\/li>\n\n\n\n<li>La Cave a vin, Grand Rue, 04370 Colmars les alpes<\/li>\n\n\n\n<li>La Vo\u00fbte, Rue du mitan, 04120 Castellane&nbsp;<\/li>\n\n\n\n<li>Parle \u00e0 mon cru, Route Nationale 100, 04110 Reillanne<\/li>\n\n\n\n<li>Le 28, 28 rue de lhubac&nbsp; 04000 digne les bains<\/li>\n<\/ul>\n\n\n\n<h2 class=\"wp-block-heading\">Alpes-Maritimes (06)<\/h2>\n\n\n\n<ul class=\"wp-block-list\">\n<li>l&#8217;Ecri vin, 2050 Chemin du Peyron, 06640 Saint-Jeannet<\/li>\n\n\n\n<li>Dussal, 2 Pl. Surian, 06140 Vence<\/li>\n\n\n\n<li>Les Copains d&#8217;abord, 4 place de la liberation, 06140 tourrettes sur loup (restaurant)<\/li>\n\n\n\n<li>l&#8217;Hermine blanche, 17 avenue de valberg, 06470 Peone (restaurant)<\/li>\n\n\n\n<li>Le Jardin des saveurs, 195 chemin de la ginestiere 06200 Nice<\/li>\n\n\n\n<li>Chez Meyer, route de nice, 06170 Touet sur Var (restaurant)<\/li>\n<\/ul>\n\n\n\n<h2 class=\"wp-block-heading\">Arri\u00e8ge (09)<\/h2>\n\n\n\n<ul class=\"wp-block-list\">\n<li>Le Temps et le Vin, 1 place du Mar\u00e9chal Leclerc 09500 Mirepoix (Restaurant)<\/li>\n<\/ul>\n\n\n\n<h2 class=\"wp-block-heading\">C\u00f4tes d&#8217;Armor (22)<\/h2>\n\n\n\n<ul class=\"wp-block-list\">\n<li>Le Jus d\u2019Octobre, ZAC Les Landes, 22490 Plouer sur Rance<\/li>\n\n\n\n<li>Cave Le Port Jacquet \u00e0 St Casl Le Guildo <\/li>\n\n\n\n<li>Cave d\u2019Erquy \u00e0 Erquy<\/li>\n\n\n\n<li>Caves Au Fil du Vin \u00e0 Lamballe et Ploumagoar<\/li>\n\n\n\n<li>Cave Mr Morin \u00e0 Pordic<\/li>\n\n\n\n<li>Restaurant Les Causettes \u00e0 Plouer sur Rance<\/li>\n\n\n\n<li>O Mat \u00e0 Erquy<\/li>\n<\/ul>\n\n\n\n<h2 class=\"wp-block-heading\">Haute-Garonne (31) <\/h2>\n\n\n\n<ul class=\"wp-block-list\">\n<li>La Madelaine de Proust, Rue Peyroli\u00e8res, 31000 Toulouse (restaurant)<\/li>\n\n\n\n<li>La cave des sens, 1 rue velane, 31000 Toulouse<\/li>\n\n\n\n<li>La Cave Spirituelle, 31 rue de la Concorde, 31000 Toulouse<\/li>\n\n\n\n<li>Aux Briques Rouges, 90 rue des 36 ponts, 31400 Toulouse<\/li>\n\n\n\n<li>Vinea, Centre Commercial St Caprais, 31240 L&#8217;Union<\/li>\n\n\n\n<li>A la saison Go\u00fbteuse, 15 boulevard Jean Brunhes 31300 Toulouse<\/li>\n<\/ul>\n\n\n\n<h2 class=\"wp-block-heading\">Gironde (33) <\/h2>\n\n\n\n<ul class=\"wp-block-list\">\n<li>Le Vertige, 18 Rue Parlement Saint-Pierre, 33000 Bordeaux (bar \u00e0 vin)<\/li>\n<\/ul>\n\n\n\n<h2 class=\"wp-block-heading\">H\u00e9rault (34)<\/h2>\n\n\n\n<h3 class=\"wp-block-heading\">A B\u00e9ziers<\/h3>\n\n\n\n<ul class=\"wp-block-list\">\n<li>Les Caves Paul Riquet, 7 rue Pierre Flourens, 34500 Beziers<\/li>\n\n\n\n<li>Pica pica, 34500 Beziers<\/li>\n<\/ul>\n\n\n\n<h3 class=\"wp-block-heading\">A Montpellier<\/h3>\n\n\n\n<ul class=\"wp-block-list\">\n<li>La Dolia, 2 rue Pasteur, 34170 CASTELNAU-LE-LEZ<\/li>\n\n\n\n<li>PAPAGROS, 5 rue de la petite loge, 34000 Montpellier (bar \u00e0 vin)<\/li>\n\n\n\n<li>La Maison R\u00e9gionale des vins, 34 rue Saint-Guilhem, 34000 Montpellier<\/li>\n\n\n\n<li>Anga, 10 rue Saint-Firmin, 34000 Montpellier (Restaurant)<\/li>\n\n\n\n<li>La Cave du Boutonnet, 57 rue du faubourg Boutonnet 34090 Montpellier<\/li>\n\n\n\n<li>Le Tire-bouteille, 20 Bd de Strasbourg, 34000 Montpellier<\/li>\n\n\n\n<li>Le Sens Six, 106 Av. de Lodeve, 34070 Montpellier (restaurant)<\/li>\n\n\n\n<li>L&#8217;Epicerie de Jacques, 250 Av. de la Pompignane, 34000 Montpellier<\/li>\n<\/ul>\n\n\n\n<h3 class=\"wp-block-heading\">A Siran<\/h3>\n\n\n\n<ul class=\"wp-block-list\">\n<li>La Cave, Route de Cesseras, RD 168, 34210 Siran<\/li>\n<\/ul>\n\n\n\n<h2 class=\"wp-block-heading\">Ile et vilaine (35)<\/h2>\n\n\n\n<ul class=\"wp-block-list\">\n<li>Le Jus d\u2019Octobre, 12 Bd de Rochebonne, 35400 St-Malo<\/li>\n\n\n\n<li>Le Jus d\u2019Octobre, 44 rue General Patton, 35400 St-Malo<\/li>\n\n\n\n<li>Restaurant Chez Paul, Rennes<\/li>\n\n\n\n<li>Le Bistrot du Roche, St-Malo<\/li>\n\n\n\n<li>Grain Noir, St-Malo<\/li>\n\n\n\n<li>Cave \/ Bar \u00e0 Vins Le Galion, Cancale<\/li>\n\n\n\n<li>La Cave de Merlin, Pl\u00e9lan le Grand<\/li>\n\n\n\n<li>Cave de Vignes en Verre, Liffr\u00e9<\/li>\n\n\n\n<li>Cave un Peu de Vin, St M\u00e9en Le Grand<\/li>\n<\/ul>\n\n\n\n<h2 class=\"wp-block-heading\">Morbihan (56)<\/h2>\n\n\n\n<ul class=\"wp-block-list\">\n<li>Le Pressoir \u00e0 St Av\u00e9<\/li>\n\n\n\n<li>Estime \u00e0 Vannes<\/li>\n\n\n\n<li>Au nom du vin, 4 Pl. Notre Dame du Loc, 56890 Saint-Av\u00e9<\/li>\n<\/ul>\n\n\n\n<h2 class=\"wp-block-heading\">Le Nord (59)<\/h2>\n\n\n\n<ul class=\"wp-block-list\">\n<li>Le Verlaine, 48 Bd Jean-Baptiste Lebas, 59000 Lille<\/li>\n<\/ul>\n\n\n\n<h2 class=\"wp-block-heading\">Paris (75)<\/h2>\n\n\n\n<ul class=\"wp-block-list\">\n<li>Les Crus du Soleil, 146 Rue du Ch\u00e2teau, 75014 Paris<\/li>\n\n\n\n<li>Les Rouquins, 146 Rue du Ch\u00e2teau, 75014 Paris (restaurant)<\/li>\n\n\n\n<li>Le Chat Ivre 22 Rue des Taillandiers, 75011 Paris<\/li>\n\n\n\n<li>Les Coltineurs\u00a097 Av. de Versailles, 75016 Paris<\/li>\n<\/ul>\n\n\n\n<h2 class=\"wp-block-heading\">Tarn et Garonne (82)<\/h2>\n\n\n\n<ul class=\"wp-block-list\">\n<li>L&#8217;ECHOPPE, 4 rue du march\u00e9 82110 Lauzerte (galerie d&#8217;art)<\/li>\n<\/ul>\n\n\n\n<h2 class=\"wp-block-heading\">Var (83)<\/h2>\n\n\n\n<ul class=\"wp-block-list\">\n<li>Tonkafe, 11 bis Rue Georges Clemenceau, 83300 Draguignan<\/li>\n<\/ul>\n\n\n\n<h2 class=\"wp-block-heading\">Val de Marne (94)<\/h2>\n\n\n\n<ul class=\"wp-block-list\">\n<li>LOVIN&#8217; , 1 avenue L\u00e9on Blum, 94700 Maisons-Alfort<\/li>\n<\/ul>\n\n\n\n<h2 class=\"wp-block-heading\">Val d&#8217;Oise (95)<\/h2>\n\n\n\n<ul class=\"wp-block-list\">\n<li>La cave \u00e0 Riton, 20 Pl. du C\u0153ur Battant, 95490 Vaur\u00e9al<\/li>\n\n\n\n<li>Aux c\u00e9pages d&#8217;Ermont, 5 Rue de la R\u00e9publique, 95120 Ermont<\/li>\n<\/ul>\n\n\n\n<h2 class=\"wp-block-heading has-text-align-center\">En Belgique<\/h2>\n\n\n\n<ul class=\"wp-block-list\">\n<li>XD Wines, <a rel=\"noreferrer noopener\" href=\"https:\/\/xdwines.wixsite.com\/xdwines?fbclid=IwAR1iqCLIVPf8YH4bLJ_7prHUfWyZvP0ht7ABcy3SPqmxNU9Ofs7AtfhB9Rw\" target=\"_blank\">https:\/\/xdwines.wixsite.com\/xdwines<\/a><\/li>\n<\/ul>\n\n\n\n<ul class=\"wp-block-list\">\n<li>Vin\u00e9aste <strong><a rel=\"noreferrer noopener\" href=\"http:\/\/www.vineaste.com\" target=\"_blank\">www.vineaste.com<\/a><\/strong><\/li>\n<\/ul>\n\n\n\n<h2 class=\"wp-block-heading has-text-align-center\">En Su\u00e8de<\/h2>\n\n\n\n<ul class=\"wp-block-list\">\n<li>OCCIVIN, <a href=\"https:\/\/occivins.se\/\" rel=\"nofollow\">https:\/\/occivins.se\/<\/a><\/li>\n<\/ul>\n\n\n\n<h2 class=\"wp-block-heading has-text-align-center\">Au Pays-Bas<\/h2>\n\n\n\n<ul class=\"wp-block-list\">\n<li>Mme Bouquet, <a href=\"https:\/\/www.mmebouquet.com\/\" rel=\"nofollow\">https:\/\/www.mmebouquet.com\/<\/a><\/li>\n<\/ul>\n\n\n\n<h2 class=\"wp-block-heading has-text-align-center\">Au Danemark<\/h2>\n\n\n\n<ul class=\"wp-block-list\">\n<li><a href=\"https:\/\/www.elkjaerposch.dk\/\" rel=\"nofollow\">https:\/\/www.elkjaerposch.dk\/<\/a><\/li>\n<\/ul>\n","protected":false},"excerpt":{"rendered":"<p>Au domaine Domaine du Gr\u00e8s Vaillant chemin du casse 11300 Saint-Polycarpe Sur notre Boutique en Ligne Pr\u00e8s de chez vous Allier (03) Alpes-de-Haute-Provence (04) Alpes-Maritimes (06) Arri\u00e8ge (09) C\u00f4tes d&#8217;Armor (22) Haute-Garonne (31) Gironde (33) H\u00e9rault (34) A B\u00e9ziers A Montpellier A Siran Ile et vilaine (35) Morbihan (56) Le Nord (59) Paris (75) Tarn&hellip; <a href=\"https:\/\/gresvaillant.fr\/en\/ou-trouver-nos-vins\/\" class=\"more-link\">Continue reading <span class=\"screen-reader-text\">O\u00f9 trouver nos vins<\/span><\/a><\/p>\n","protected":false},"author":1,"featured_media":0,"parent":0,"menu_order":0,"comment_status":"closed","ping_status":"closed","template":"","meta":{"_coblocks_attr":"","_coblocks_dimensions":"","_coblocks_responsive_height":"","_coblocks_accordion_ie_support":"","_crdt_document":"","advanced_seo_description":"","jetpack_seo_html_title":"","jetpack_seo_noindex":false,"footnotes":""},"tags":[],"class_list":["post-505","page","type-page","status-publish","hentry","without-featured-image"],"translation":{"provider":"WPGlobus","version":"2.12.2","language":"en","enabled_languages":["fr","en"],"languages":{"fr":{"title":true,"content":true,"excerpt":false},"en":{"title":false,"content":false,"excerpt":false}}},"jetpack_sharing_enabled":true,"jetpack_shortlink":"https:\/\/wp.me\/P9vC0e-89","jetpack_likes_enabled":true,"_links":{"self":[{"href":"https:\/\/gresvaillant.fr\/en\/wp-json\/wp\/v2\/pages\/505","targetHints":{"allow":["GET"]}}],"collection":[{"href":"https:\/\/gresvaillant.fr\/en\/wp-json\/wp\/v2\/pages"}],"about":[{"href":"https:\/\/gresvaillant.fr\/en\/wp-json\/wp\/v2\/types\/page"}],"author":[{"embeddable":true,"href":"https:\/\/gresvaillant.fr\/en\/wp-json\/wp\/v2\/users\/1"}],"replies":[{"embeddable":true,"href":"https:\/\/gresvaillant.fr\/en\/wp-json\/wp\/v2\/comments?post=505"}],"version-history":[{"count":35,"href":"https:\/\/gresvaillant.fr\/en\/wp-json\/wp\/v2\/pages\/505\/revisions"}],"predecessor-version":[{"id":3820,"href":"https:\/\/gresvaillant.fr\/en\/wp-json\/wp\/v2\/pages\/505\/revisions\/3820"}],"wp:attachment":[{"href":"https:\/\/gresvaillant.fr\/en\/wp-json\/wp\/v2\/media?parent=505"}],"wp:term":[{"taxonomy":"post_tag","embeddable":true,"href":"https:\/\/gresvaillant.fr\/en\/wp-json\/wp\/v2\/tags?post=505"}],"curies":[{"name":"wp","href":"https:\/\/api.w.org\/{rel}","templated":true}]}}