{"id":582,"date":"2020-02-12T23:32:47","date_gmt":"2020-02-12T22:32:47","guid":{"rendered":"https:\/\/gresvaillant.fr\/?page_id=582"},"modified":"2021-03-02T18:02:54","modified_gmt":"2021-03-02T17:02:54","slug":"ete","status":"publish","type":"page","link":"https:\/\/gresvaillant.fr\/en\/ete\/","title":{"rendered":"\u00c9t\u00e9"},"content":{"rendered":"\n<p class=\"wp-block-paragraph\">En Juillet de petites boules vertes apparaissent \u00e0 la place des fleurs de vigne, d&#8217;abord de la taille d&#8217;un grain de plomb elles grossissent jusqu\u2019\u00e0 prendre la taille de petits pois: c&#8217;est la<em> nouaison<\/em>.<\/p>\n\n\n\n<div class=\"wp-block-image\"><figure class=\"aligncenter is-resized\"><img data-recalc-dims=\"1\" loading=\"lazy\" decoding=\"async\" data-attachment-id=\"584\" data-permalink=\"https:\/\/gresvaillant.fr\/en\/ete\/petit-pois\/\" data-orig-file=\"https:\/\/i0.wp.com\/gresvaillant.fr\/wp-content\/uploads\/2019\/08\/petit-pois.jpg?fit=923%2C692&amp;ssl=1\" data-orig-size=\"923,692\" data-comments-opened=\"1\" data-image-meta=\"{&quot;aperture&quot;:&quot;0&quot;,&quot;credit&quot;:&quot;&quot;,&quot;camera&quot;:&quot;&quot;,&quot;caption&quot;:&quot;&quot;,&quot;created_timestamp&quot;:&quot;0&quot;,&quot;copyright&quot;:&quot;&quot;,&quot;focal_length&quot;:&quot;0&quot;,&quot;iso&quot;:&quot;0&quot;,&quot;shutter_speed&quot;:&quot;0&quot;,&quot;title&quot;:&quot;&quot;,&quot;orientation&quot;:&quot;0&quot;}\" data-image-title=\"petit-pois\" data-image-description=\"\" data-image-caption=\"\" data-large-file=\"https:\/\/i0.wp.com\/gresvaillant.fr\/wp-content\/uploads\/2019\/08\/petit-pois.jpg?fit=825%2C619&amp;ssl=1\" src=\"https:\/\/i0.wp.com\/gresvaillant.fr\/wp-content\/uploads\/2019\/08\/petit-pois.jpg?resize=575%2C430&#038;ssl=1\" alt=\"\" class=\"wp-image-584\" width=\"575\" height=\"430\" srcset=\"https:\/\/i0.wp.com\/gresvaillant.fr\/wp-content\/uploads\/2019\/08\/petit-pois.jpg?w=923&amp;ssl=1 923w, https:\/\/i0.wp.com\/gresvaillant.fr\/wp-content\/uploads\/2019\/08\/petit-pois.jpg?resize=300%2C225&amp;ssl=1 300w, https:\/\/i0.wp.com\/gresvaillant.fr\/wp-content\/uploads\/2019\/08\/petit-pois.jpg?resize=768%2C576&amp;ssl=1 768w, https:\/\/i0.wp.com\/gresvaillant.fr\/wp-content\/uploads\/2019\/08\/petit-pois.jpg?resize=624%2C468&amp;ssl=1 624w\" sizes=\"auto, (max-width: 575px) 100vw, 575px\" \/><figcaption>Merlot en cours de nouaison<\/figcaption><\/figure><\/div>\n\n\n\n<p class=\"wp-block-paragraph\">La vigne est alors particuli\u00e8rement sensible aux  principales maladies (mildiou et odium) qui se d\u00e9veloppent en cas d&#8217;humidit\u00e9. Avant chaque pluie nous prot\u00e9geons les vignes en pulv\u00e9risant des pr\u00e9parations de soufre, cuivre et huiles essentielles.<\/p>\n\n\n\n<p class=\"wp-block-paragraph\">Les sarments principaux (qui portent les grappes de la future vendange) s&#8217;allongent et des sarments secondaires apparaissent .<\/p>\n\n\n\n<p class=\"wp-block-paragraph\">Pour le vigneron c&#8217;est l&#8217;\u00e9poque de l&#8217;\u00e9cimage et du rognage: les sarments qui poussent trop haut et les sarments secondaires qui poussent sur les cot\u00e9s en risquant de rejoindre les pieds de vigne du rang d&#8217;\u00e0 cot\u00e9 sont coup\u00e9s ou tress\u00e9s. Nous r\u00e9alisons cette t\u00e2che \u00e0 la main.<\/p>\n\n\n\n<p class=\"wp-block-paragraph\">Puis en Aout les baies de raisin perdent leurs couleur verte pour devenir selon les c\u00e9pages: dor\u00e9e ou rouge, c&#8217;est la<em> v\u00e9raison<\/em><\/p>\n\n\n\n<div class=\"wp-block-image\"><figure class=\"aligncenter is-resized\"><img loading=\"lazy\" decoding=\"async\" data-attachment-id=\"607\" data-permalink=\"https:\/\/gresvaillant.fr\/en\/ete\/img_20190821_112237\/\" data-orig-file=\"https:\/\/i0.wp.com\/gresvaillant.fr\/wp-content\/uploads\/2019\/10\/IMG_20190821_112237.jpg?fit=3264%2C2448&amp;ssl=1\" data-orig-size=\"3264,2448\" data-comments-opened=\"1\" data-image-meta=\"{&quot;aperture&quot;:&quot;2.2&quot;,&quot;credit&quot;:&quot;&quot;,&quot;camera&quot;:&quot;Core-X3&quot;,&quot;caption&quot;:&quot;&quot;,&quot;created_timestamp&quot;:&quot;1566386557&quot;,&quot;copyright&quot;:&quot;&quot;,&quot;focal_length&quot;:&quot;2.86&quot;,&quot;iso&quot;:&quot;100&quot;,&quot;shutter_speed&quot;:&quot;0.0088495575221239&quot;,&quot;title&quot;:&quot;&quot;,&quot;orientation&quot;:&quot;0&quot;}\" data-image-title=\"IMG_20190821_112237\" data-image-description=\"\" data-image-caption=\"\" data-large-file=\"https:\/\/i0.wp.com\/gresvaillant.fr\/wp-content\/uploads\/2019\/10\/IMG_20190821_112237.jpg?fit=825%2C619&amp;ssl=1\" src=\"https:\/\/i2.wp.com\/gresvaillant.fr\/wp-content\/uploads\/2019\/10\/IMG_20190821_112237.jpg?fit=825%2C619&amp;ssl=1\" alt=\"\" class=\"wp-image-607\" width=\"600\" height=\"449\" srcset=\"https:\/\/i0.wp.com\/gresvaillant.fr\/wp-content\/uploads\/2019\/10\/IMG_20190821_112237.jpg?w=3264&amp;ssl=1 3264w, https:\/\/i0.wp.com\/gresvaillant.fr\/wp-content\/uploads\/2019\/10\/IMG_20190821_112237.jpg?resize=300%2C225&amp;ssl=1 300w, https:\/\/i0.wp.com\/gresvaillant.fr\/wp-content\/uploads\/2019\/10\/IMG_20190821_112237.jpg?resize=768%2C576&amp;ssl=1 768w, https:\/\/i0.wp.com\/gresvaillant.fr\/wp-content\/uploads\/2019\/10\/IMG_20190821_112237.jpg?resize=1024%2C768&amp;ssl=1 1024w, https:\/\/i0.wp.com\/gresvaillant.fr\/wp-content\/uploads\/2019\/10\/IMG_20190821_112237.jpg?resize=624%2C468&amp;ssl=1 624w, https:\/\/i0.wp.com\/gresvaillant.fr\/wp-content\/uploads\/2019\/10\/IMG_20190821_112237.jpg?w=1650&amp;ssl=1 1650w, https:\/\/i0.wp.com\/gresvaillant.fr\/wp-content\/uploads\/2019\/10\/IMG_20190821_112237.jpg?w=2475&amp;ssl=1 2475w\" sizes=\"auto, (max-width: 600px) 100vw, 600px\" \/><figcaption>Cabernet-Sauvignon en cours de v\u00e9raison<\/figcaption><\/figure><\/div>\n\n\n\n<p class=\"wp-block-paragraph\">Pour le vigneron c&#8217;est le moment de l&#8217;<em>effeuillage<\/em> : les feuilles se trouvant autour des grappes sont enlev\u00e9es afin d&#8217;aider les grappes \u00e0 m\u00fbrir sainement en permettant au vent de s\u00e9cher l&#8217;exc\u00e8s d&#8217;humidit\u00e9. Nous effectuons cette t\u00e2che \u00e0 la main<\/p>\n\n\n\n<div class=\"wp-block-image\"><figure class=\"aligncenter is-resized\"><img data-recalc-dims=\"1\" loading=\"lazy\" decoding=\"async\" data-attachment-id=\"613\" data-permalink=\"https:\/\/gresvaillant.fr\/en\/ete\/effeuillage\/\" data-orig-file=\"https:\/\/i0.wp.com\/gresvaillant.fr\/wp-content\/uploads\/2019\/10\/effeuillage.jpg?fit=960%2C960&amp;ssl=1\" data-orig-size=\"960,960\" data-comments-opened=\"1\" data-image-meta=\"{&quot;aperture&quot;:&quot;0&quot;,&quot;credit&quot;:&quot;&quot;,&quot;camera&quot;:&quot;&quot;,&quot;caption&quot;:&quot;&quot;,&quot;created_timestamp&quot;:&quot;0&quot;,&quot;copyright&quot;:&quot;&quot;,&quot;focal_length&quot;:&quot;0&quot;,&quot;iso&quot;:&quot;0&quot;,&quot;shutter_speed&quot;:&quot;0&quot;,&quot;title&quot;:&quot;&quot;,&quot;orientation&quot;:&quot;0&quot;}\" data-image-title=\"effeuillage\" data-image-description=\"\" data-image-caption=\"\" data-large-file=\"https:\/\/i0.wp.com\/gresvaillant.fr\/wp-content\/uploads\/2019\/10\/effeuillage.jpg?fit=825%2C825&amp;ssl=1\" src=\"https:\/\/i0.wp.com\/gresvaillant.fr\/wp-content\/uploads\/2019\/10\/effeuillage.jpg?resize=553%2C553&#038;ssl=1\" alt=\"\" class=\"wp-image-613\" width=\"553\" height=\"553\" srcset=\"https:\/\/i0.wp.com\/gresvaillant.fr\/wp-content\/uploads\/2019\/10\/effeuillage.jpg?w=960&amp;ssl=1 960w, https:\/\/i0.wp.com\/gresvaillant.fr\/wp-content\/uploads\/2019\/10\/effeuillage.jpg?resize=150%2C150&amp;ssl=1 150w, https:\/\/i0.wp.com\/gresvaillant.fr\/wp-content\/uploads\/2019\/10\/effeuillage.jpg?resize=300%2C300&amp;ssl=1 300w, https:\/\/i0.wp.com\/gresvaillant.fr\/wp-content\/uploads\/2019\/10\/effeuillage.jpg?resize=768%2C768&amp;ssl=1 768w, https:\/\/i0.wp.com\/gresvaillant.fr\/wp-content\/uploads\/2019\/10\/effeuillage.jpg?resize=180%2C180&amp;ssl=1 180w, https:\/\/i0.wp.com\/gresvaillant.fr\/wp-content\/uploads\/2019\/10\/effeuillage.jpg?resize=624%2C624&amp;ssl=1 624w, https:\/\/i0.wp.com\/gresvaillant.fr\/wp-content\/uploads\/2019\/10\/effeuillage.jpg?resize=100%2C100&amp;ssl=1 100w\" sizes=\"auto, (max-width: 553px) 100vw, 553px\" \/><figcaption>Pinot Noir effeuill\u00e9<\/figcaption><\/figure><\/div>\n\n\n\n<p class=\"wp-block-paragraph\">A la fin du mois d&#8217;ao\u00fbt c&#8217;est l&#8217;Aoutement: la lignification  des sarments et des rafles, c&#8217;est \u00e0 dire leur transformation en bois, commence.<\/p>\n","protected":false},"excerpt":{"rendered":"<p>En Juillet de petites boules vertes apparaissent \u00e0 la place des fleurs de vigne, d&#8217;abord de la taille d&#8217;un grain de plomb elles grossissent jusqu\u2019\u00e0 prendre la taille de petits pois: c&#8217;est la nouaison. La vigne est alors particuli\u00e8rement sensible aux principales maladies (mildiou et odium) qui se d\u00e9veloppent en cas d&#8217;humidit\u00e9. Avant chaque pluie&hellip; <a href=\"https:\/\/gresvaillant.fr\/en\/ete\/\" class=\"more-link\">Continue reading <span class=\"screen-reader-text\">\u00c9t\u00e9<\/span><\/a><\/p>\n","protected":false},"author":1,"featured_media":607,"parent":0,"menu_order":0,"comment_status":"closed","ping_status":"closed","template":"","meta":{"_coblocks_attr":"","_coblocks_dimensions":"","_coblocks_responsive_height":"","_coblocks_accordion_ie_support":"","_crdt_document":"","advanced_seo_description":"","jetpack_seo_html_title":"","jetpack_seo_noindex":false,"footnotes":""},"tags":[],"class_list":["post-582","page","type-page","status-publish","has-post-thumbnail","hentry","without-featured-image"],"translation":{"provider":"WPGlobus","version":"2.12.2","language":"en","enabled_languages":["fr","en"],"languages":{"fr":{"title":true,"content":true,"excerpt":false},"en":{"title":false,"content":false,"excerpt":false}}},"jetpack_sharing_enabled":true,"jetpack_shortlink":"https:\/\/wp.me\/P9vC0e-9o","jetpack_likes_enabled":true,"_links":{"self":[{"href":"https:\/\/gresvaillant.fr\/en\/wp-json\/wp\/v2\/pages\/582","targetHints":{"allow":["GET"]}}],"collection":[{"href":"https:\/\/gresvaillant.fr\/en\/wp-json\/wp\/v2\/pages"}],"about":[{"href":"https:\/\/gresvaillant.fr\/en\/wp-json\/wp\/v2\/types\/page"}],"author":[{"embeddable":true,"href":"https:\/\/gresvaillant.fr\/en\/wp-json\/wp\/v2\/users\/1"}],"replies":[{"embeddable":true,"href":"https:\/\/gresvaillant.fr\/en\/wp-json\/wp\/v2\/comments?post=582"}],"version-history":[{"count":9,"href":"https:\/\/gresvaillant.fr\/en\/wp-json\/wp\/v2\/pages\/582\/revisions"}],"predecessor-version":[{"id":1801,"href":"https:\/\/gresvaillant.fr\/en\/wp-json\/wp\/v2\/pages\/582\/revisions\/1801"}],"wp:featuredmedia":[{"embeddable":true,"href":"https:\/\/gresvaillant.fr\/en\/wp-json\/wp\/v2\/media\/607"}],"wp:attachment":[{"href":"https:\/\/gresvaillant.fr\/en\/wp-json\/wp\/v2\/media?parent=582"}],"wp:term":[{"taxonomy":"post_tag","embeddable":true,"href":"https:\/\/gresvaillant.fr\/en\/wp-json\/wp\/v2\/tags?post=582"}],"curies":[{"name":"wp","href":"https:\/\/api.w.org\/{rel}","templated":true}]}}