{"id":610,"date":"2020-05-10T08:00:50","date_gmt":"2020-05-10T07:00:50","guid":{"rendered":"https:\/\/gresvaillant.fr\/?page_id=610"},"modified":"2021-03-02T18:05:16","modified_gmt":"2021-03-02T17:05:16","slug":"automne","status":"publish","type":"page","link":"https:\/\/gresvaillant.fr\/en\/la-vigne\/automne\/","title":{"rendered":"Automne"},"content":{"rendered":"\n<p class=\"wp-block-paragraph\">En septembre (voir fin ao\u00fbt) c&#8217;est le d\u00e9but de la vendange qui durera jusqu\u2019\u00e0 mi-octobre selon les c\u00e9pages.<\/p>\n\n\n\n<p class=\"wp-block-paragraph\">Chaque grappe de raisin est coup\u00e9e \u00e0 la main et d\u00e9pos\u00e9e dans une petite caisse pesant une fois pleine autour de 13kg<\/p>\n\n\n\n<div class=\"wp-block-jetpack-tiled-gallery aligncenter is-style-rectangular\"><div class=\"tiled-gallery__gallery\"><div class=\"tiled-gallery__row\"><div class=\"tiled-gallery__col\" style=\"flex-basis:100%\"><figure class=\"tiled-gallery__item\"><img decoding=\"async\" data-attachment-id=\"713\" data-permalink=\"https:\/\/gresvaillant.fr\/en\/la-vigne\/automne\/img_20191007_155557\/\" data-orig-file=\"https:\/\/i0.wp.com\/gresvaillant.fr\/wp-content\/uploads\/2020\/02\/IMG_20191007_155557.jpg?fit=2592%2C1944&amp;ssl=1\" data-orig-size=\"2592,1944\" data-comments-opened=\"1\" data-image-meta=\"{&quot;aperture&quot;:&quot;2&quot;,&quot;credit&quot;:&quot;&quot;,&quot;camera&quot;:&quot;TREKKER-X3&quot;,&quot;caption&quot;:&quot;&quot;,&quot;created_timestamp&quot;:&quot;1570463758&quot;,&quot;copyright&quot;:&quot;&quot;,&quot;focal_length&quot;:&quot;4.04&quot;,&quot;iso&quot;:&quot;100&quot;,&quot;shutter_speed&quot;:&quot;0.0038461538461538&quot;,&quot;title&quot;:&quot;&quot;,&quot;orientation&quot;:&quot;0&quot;}\" data-image-title=\"IMG_20191007_155557\" data-image-description=\"\" data-image-caption=\"\" data-medium-file=\"https:\/\/i0.wp.com\/gresvaillant.fr\/wp-content\/uploads\/2020\/02\/IMG_20191007_155557.jpg?fit=300%2C225&amp;ssl=1\" data-large-file=\"https:\/\/i0.wp.com\/gresvaillant.fr\/wp-content\/uploads\/2020\/02\/IMG_20191007_155557.jpg?fit=825%2C619&amp;ssl=1\" data-attachment-id=\"713\" data-permalink=\"https:\/\/gresvaillant.fr\/en\/la-vigne\/automne\/img_20191007_155557\/\" data-orig-file=\"https:\/\/i0.wp.com\/gresvaillant.fr\/wp-content\/uploads\/2020\/02\/IMG_20191007_155557.jpg?fit=2592%2C1944&amp;ssl=1\" data-orig-size=\"2592,1944\" data-comments-opened=\"1\" data-image-meta=\"{&quot;aperture&quot;:&quot;2&quot;,&quot;credit&quot;:&quot;&quot;,&quot;camera&quot;:&quot;TREKKER-X3&quot;,&quot;caption&quot;:&quot;&quot;,&quot;created_timestamp&quot;:&quot;1570463758&quot;,&quot;copyright&quot;:&quot;&quot;,&quot;focal_length&quot;:&quot;4.04&quot;,&quot;iso&quot;:&quot;100&quot;,&quot;shutter_speed&quot;:&quot;0.0038461538461538&quot;,&quot;title&quot;:&quot;&quot;,&quot;orientation&quot;:&quot;0&quot;}\" data-image-title=\"IMG_20191007_155557\" data-image-description=\"\" data-image-caption=\"\" data-medium-file=\"https:\/\/i0.wp.com\/gresvaillant.fr\/wp-content\/uploads\/2020\/02\/IMG_20191007_155557.jpg?fit=300%2C225&amp;ssl=1\" data-large-file=\"https:\/\/i0.wp.com\/gresvaillant.fr\/wp-content\/uploads\/2020\/02\/IMG_20191007_155557.jpg?fit=825%2C619&amp;ssl=1\" role=\"button\" tabindex=\"0\" aria-label=\"Open image 1 of 1 in full-screen\"srcset=\"https:\/\/i0.wp.com\/gresvaillant.fr\/wp-content\/uploads\/2020\/02\/IMG_20191007_155557.jpg?strip=info&#038;w=600&#038;ssl=1 600w,https:\/\/i0.wp.com\/gresvaillant.fr\/wp-content\/uploads\/2020\/02\/IMG_20191007_155557.jpg?strip=info&#038;w=900&#038;ssl=1 900w,https:\/\/i0.wp.com\/gresvaillant.fr\/wp-content\/uploads\/2020\/02\/IMG_20191007_155557.jpg?strip=info&#038;w=1200&#038;ssl=1 1200w,https:\/\/i0.wp.com\/gresvaillant.fr\/wp-content\/uploads\/2020\/02\/IMG_20191007_155557.jpg?strip=info&#038;w=1500&#038;ssl=1 1500w,https:\/\/i0.wp.com\/gresvaillant.fr\/wp-content\/uploads\/2020\/02\/IMG_20191007_155557.jpg?strip=info&#038;w=1800&#038;ssl=1 1800w,https:\/\/i0.wp.com\/gresvaillant.fr\/wp-content\/uploads\/2020\/02\/IMG_20191007_155557.jpg?strip=info&#038;w=2000&#038;ssl=1 2000w\" alt=\"\" data-height=\"1944\" data-id=\"713\" data-link=\"https:\/\/gresvaillant.fr\/la-vigne\/automne\/img_20191007_155557\/\" data-url=\"https:\/\/gresvaillant.fr\/wp-content\/uploads\/2020\/02\/IMG_20191007_155557.jpg\" data-width=\"2592\" src=\"https:\/\/i0.wp.com\/gresvaillant.fr\/wp-content\/uploads\/2020\/02\/IMG_20191007_155557.jpg?ssl=1\" layout=\"responsive\"\/><\/figure><\/div><\/div><\/div><\/div>\n\n\n\n<figure class=\"wp-block-image size-large\"><img data-recalc-dims=\"1\" loading=\"lazy\" decoding=\"async\" width=\"825\" height=\"619\" data-attachment-id=\"1656\" data-permalink=\"https:\/\/gresvaillant.fr\/en\/la-vigne\/automne\/20170910_092955\/\" data-orig-file=\"https:\/\/i0.wp.com\/gresvaillant.fr\/wp-content\/uploads\/2020\/11\/20170910_092955.jpg?fit=4128%2C3096&amp;ssl=1\" data-orig-size=\"4128,3096\" data-comments-opened=\"1\" data-image-meta=\"{&quot;aperture&quot;:&quot;1.9&quot;,&quot;credit&quot;:&quot;&quot;,&quot;camera&quot;:&quot;SM-J510FN&quot;,&quot;caption&quot;:&quot;&quot;,&quot;created_timestamp&quot;:&quot;1505035795&quot;,&quot;copyright&quot;:&quot;&quot;,&quot;focal_length&quot;:&quot;3.7&quot;,&quot;iso&quot;:&quot;64&quot;,&quot;shutter_speed&quot;:&quot;0.0092592592592593&quot;,&quot;title&quot;:&quot;&quot;,&quot;orientation&quot;:&quot;1&quot;}\" data-image-title=\"20170910_092955\" data-image-description=\"\" data-image-caption=\"\" data-medium-file=\"https:\/\/i0.wp.com\/gresvaillant.fr\/wp-content\/uploads\/2020\/11\/20170910_092955.jpg?fit=300%2C225&amp;ssl=1\" data-large-file=\"https:\/\/i0.wp.com\/gresvaillant.fr\/wp-content\/uploads\/2020\/11\/20170910_092955.jpg?fit=825%2C619&amp;ssl=1\" src=\"https:\/\/i0.wp.com\/gresvaillant.fr\/wp-content\/uploads\/2020\/11\/20170910_092955.jpg?resize=825%2C619&#038;ssl=1\" alt=\"\" class=\"wp-image-1656\" srcset=\"https:\/\/i0.wp.com\/gresvaillant.fr\/wp-content\/uploads\/2020\/11\/20170910_092955.jpg?resize=1024%2C768&amp;ssl=1 1024w, https:\/\/i0.wp.com\/gresvaillant.fr\/wp-content\/uploads\/2020\/11\/20170910_092955.jpg?resize=300%2C225&amp;ssl=1 300w, https:\/\/i0.wp.com\/gresvaillant.fr\/wp-content\/uploads\/2020\/11\/20170910_092955.jpg?resize=768%2C576&amp;ssl=1 768w, https:\/\/i0.wp.com\/gresvaillant.fr\/wp-content\/uploads\/2020\/11\/20170910_092955.jpg?resize=1536%2C1152&amp;ssl=1 1536w, https:\/\/i0.wp.com\/gresvaillant.fr\/wp-content\/uploads\/2020\/11\/20170910_092955.jpg?resize=2048%2C1536&amp;ssl=1 2048w, https:\/\/i0.wp.com\/gresvaillant.fr\/wp-content\/uploads\/2020\/11\/20170910_092955.jpg?resize=624%2C468&amp;ssl=1 624w, https:\/\/i0.wp.com\/gresvaillant.fr\/wp-content\/uploads\/2020\/11\/20170910_092955.jpg?w=1650&amp;ssl=1 1650w, https:\/\/i0.wp.com\/gresvaillant.fr\/wp-content\/uploads\/2020\/11\/20170910_092955.jpg?w=2475&amp;ssl=1 2475w\" sizes=\"auto, (max-width: 825px) 100vw, 825px\" \/><\/figure>\n\n\n\n<p class=\"wp-block-paragraph\">Les caisses pleines de raisins sont laiss\u00e9es par les coupeurs de raisins aux pieds des vignes et ramass\u00e9es sur un traineau tir\u00e9 par un de nos chevaux passant entre les rang\u00e9es.<\/p>\n\n\n\n<div class=\"wp-block-image\"><figure class=\"aligncenter size-large is-resized\"><img loading=\"lazy\" decoding=\"async\" data-attachment-id=\"710\" data-permalink=\"https:\/\/gresvaillant.fr\/en\/la-vigne\/automne\/img_0546-31\/\" data-orig-file=\"https:\/\/i0.wp.com\/gresvaillant.fr\/wp-content\/uploads\/2020\/02\/IMG_0546-31-e1589110743337.jpg?fit=3024%2C2046&amp;ssl=1\" data-orig-size=\"3024,2046\" data-comments-opened=\"1\" data-image-meta=\"{&quot;aperture&quot;:&quot;1.8&quot;,&quot;credit&quot;:&quot;&quot;,&quot;camera&quot;:&quot;iPhone 7&quot;,&quot;caption&quot;:&quot;&quot;,&quot;created_timestamp&quot;:&quot;1567861923&quot;,&quot;copyright&quot;:&quot;&quot;,&quot;focal_length&quot;:&quot;3.99&quot;,&quot;iso&quot;:&quot;20&quot;,&quot;shutter_speed&quot;:&quot;0.00069979006298111&quot;,&quot;title&quot;:&quot;&quot;,&quot;orientation&quot;:&quot;0&quot;}\" data-image-title=\"IMG_0546-31\" data-image-description=\"\" data-image-caption=\"\" data-medium-file=\"https:\/\/i0.wp.com\/gresvaillant.fr\/wp-content\/uploads\/2020\/02\/IMG_0546-31-e1589110743337.jpg?fit=300%2C203&amp;ssl=1\" data-large-file=\"https:\/\/i0.wp.com\/gresvaillant.fr\/wp-content\/uploads\/2020\/02\/IMG_0546-31-e1589110743337.jpg?fit=825%2C558&amp;ssl=1\" src=\"https:\/\/i0.wp.com\/gresvaillant.fr\/wp-content\/uploads\/2020\/02\/IMG_0546-31.jpg?fit=768%2C1024&amp;ssl=1\" alt=\"\" class=\"wp-image-710\" width=\"609\" height=\"812\"\/><figcaption>Colette et son chargement de Pinot Noir<\/figcaption><\/figure><\/div>\n\n\n\n<figure class=\"wp-block-embed is-type-video is-provider-youtube wp-block-embed-youtube wp-embed-aspect-16-9 wp-has-aspect-ratio\"><div class=\"wp-block-embed__wrapper\">\n<span class=\"embed-youtube\" style=\"text-align:center; display: block;\"><iframe loading=\"lazy\" class=\"youtube-player\" width=\"825\" height=\"465\" src=\"https:\/\/www.youtube.com\/embed\/lGao2LriarA?version=3&#038;rel=1&#038;showsearch=0&#038;showinfo=1&#038;iv_load_policy=1&#038;fs=1&#038;hl=en-US&#038;autohide=2&#038;wmode=transparent\" allowfullscreen=\"true\" style=\"border:0;\" sandbox=\"allow-scripts allow-same-origin allow-popups allow-presentation allow-popups-to-escape-sandbox\"><\/iframe><\/span>\n<\/div><\/figure>\n\n\n\n<p class=\"wp-block-paragraph\">Le traineau est charg\u00e9 au fur et \u00e0 mesure, jusqu&#8217;\u00e0 3 \u00e9tages de caisses (soit 200 kg) pour pr\u00e9server un bon \u00e9quilibre sur nos parcelles parfois en pente ou en d\u00e9vers<\/p>\n\n\n\n<div class=\"wp-block-image\"><figure class=\"aligncenter size-large is-resized\"><img data-recalc-dims=\"1\" loading=\"lazy\" decoding=\"async\" data-attachment-id=\"714\" data-permalink=\"https:\/\/gresvaillant.fr\/en\/la-vigne\/automne\/img_20190923_115617\/\" data-orig-file=\"https:\/\/i0.wp.com\/gresvaillant.fr\/wp-content\/uploads\/2020\/02\/IMG_20190923_115617.jpg?fit=1944%2C2592&amp;ssl=1\" data-orig-size=\"1944,2592\" data-comments-opened=\"1\" data-image-meta=\"{&quot;aperture&quot;:&quot;2&quot;,&quot;credit&quot;:&quot;&quot;,&quot;camera&quot;:&quot;TREKKER-X3&quot;,&quot;caption&quot;:&quot;&quot;,&quot;created_timestamp&quot;:&quot;1569239778&quot;,&quot;copyright&quot;:&quot;&quot;,&quot;focal_length&quot;:&quot;4.04&quot;,&quot;iso&quot;:&quot;101&quot;,&quot;shutter_speed&quot;:&quot;0.00070372976776918&quot;,&quot;title&quot;:&quot;&quot;,&quot;orientation&quot;:&quot;0&quot;}\" data-image-title=\"IMG_20190923_115617\" data-image-description=\"\" data-image-caption=\"\" data-medium-file=\"https:\/\/i0.wp.com\/gresvaillant.fr\/wp-content\/uploads\/2020\/02\/IMG_20190923_115617.jpg?fit=225%2C300&amp;ssl=1\" data-large-file=\"https:\/\/i0.wp.com\/gresvaillant.fr\/wp-content\/uploads\/2020\/02\/IMG_20190923_115617.jpg?fit=768%2C1024&amp;ssl=1\" src=\"https:\/\/i0.wp.com\/gresvaillant.fr\/wp-content\/uploads\/2020\/02\/IMG_20190923_115617.jpg?resize=612%2C816&#038;ssl=1\" alt=\"\" class=\"wp-image-714\" width=\"612\" height=\"816\" srcset=\"https:\/\/i0.wp.com\/gresvaillant.fr\/wp-content\/uploads\/2020\/02\/IMG_20190923_115617.jpg?w=1944&amp;ssl=1 1944w, https:\/\/i0.wp.com\/gresvaillant.fr\/wp-content\/uploads\/2020\/02\/IMG_20190923_115617.jpg?resize=225%2C300&amp;ssl=1 225w, https:\/\/i0.wp.com\/gresvaillant.fr\/wp-content\/uploads\/2020\/02\/IMG_20190923_115617.jpg?resize=768%2C1024&amp;ssl=1 768w, https:\/\/i0.wp.com\/gresvaillant.fr\/wp-content\/uploads\/2020\/02\/IMG_20190923_115617.jpg?resize=1152%2C1536&amp;ssl=1 1152w, https:\/\/i0.wp.com\/gresvaillant.fr\/wp-content\/uploads\/2020\/02\/IMG_20190923_115617.jpg?resize=1536%2C2048&amp;ssl=1 1536w, https:\/\/i0.wp.com\/gresvaillant.fr\/wp-content\/uploads\/2020\/02\/IMG_20190923_115617.jpg?resize=300%2C400&amp;ssl=1 300w, https:\/\/i0.wp.com\/gresvaillant.fr\/wp-content\/uploads\/2020\/02\/IMG_20190923_115617.jpg?resize=624%2C832&amp;ssl=1 624w, https:\/\/i0.wp.com\/gresvaillant.fr\/wp-content\/uploads\/2020\/02\/IMG_20190923_115617.jpg?w=1650&amp;ssl=1 1650w\" sizes=\"auto, (max-width: 612px) 100vw, 612px\" \/><figcaption>Carolus et son chargement de Merlot<\/figcaption><\/figure><\/div>\n\n\n\n<div class=\"wp-block-image\"><figure class=\"aligncenter size-large is-resized\"><img loading=\"lazy\" decoding=\"async\" data-attachment-id=\"711\" data-permalink=\"https:\/\/gresvaillant.fr\/en\/la-vigne\/automne\/img_20190907_091623\/\" data-orig-file=\"https:\/\/i0.wp.com\/gresvaillant.fr\/wp-content\/uploads\/2020\/02\/IMG_20190907_091623.jpg?fit=2592%2C1944&amp;ssl=1\" data-orig-size=\"2592,1944\" data-comments-opened=\"1\" data-image-meta=\"{&quot;aperture&quot;:&quot;2&quot;,&quot;credit&quot;:&quot;&quot;,&quot;camera&quot;:&quot;TREKKER-X3&quot;,&quot;caption&quot;:&quot;&quot;,&quot;created_timestamp&quot;:&quot;1567847783&quot;,&quot;copyright&quot;:&quot;&quot;,&quot;focal_length&quot;:&quot;4.04&quot;,&quot;iso&quot;:&quot;100&quot;,&quot;shutter_speed&quot;:&quot;0.00059559261465158&quot;,&quot;title&quot;:&quot;&quot;,&quot;orientation&quot;:&quot;0&quot;}\" data-image-title=\"IMG_20190907_091623\" data-image-description=\"\" data-image-caption=\"\" data-medium-file=\"https:\/\/i0.wp.com\/gresvaillant.fr\/wp-content\/uploads\/2020\/02\/IMG_20190907_091623.jpg?fit=300%2C225&amp;ssl=1\" data-large-file=\"https:\/\/i0.wp.com\/gresvaillant.fr\/wp-content\/uploads\/2020\/02\/IMG_20190907_091623.jpg?fit=825%2C619&amp;ssl=1\" src=\"https:\/\/i1.wp.com\/gresvaillant.fr\/wp-content\/uploads\/2020\/02\/IMG_20190907_091623.jpg?fit=825%2C619&amp;ssl=1\" alt=\"\" class=\"wp-image-711\" width=\"641\" height=\"480\" srcset=\"https:\/\/i0.wp.com\/gresvaillant.fr\/wp-content\/uploads\/2020\/02\/IMG_20190907_091623.jpg?w=2592&amp;ssl=1 2592w, https:\/\/i0.wp.com\/gresvaillant.fr\/wp-content\/uploads\/2020\/02\/IMG_20190907_091623.jpg?resize=300%2C225&amp;ssl=1 300w, https:\/\/i0.wp.com\/gresvaillant.fr\/wp-content\/uploads\/2020\/02\/IMG_20190907_091623.jpg?resize=1024%2C768&amp;ssl=1 1024w, https:\/\/i0.wp.com\/gresvaillant.fr\/wp-content\/uploads\/2020\/02\/IMG_20190907_091623.jpg?resize=768%2C576&amp;ssl=1 768w, https:\/\/i0.wp.com\/gresvaillant.fr\/wp-content\/uploads\/2020\/02\/IMG_20190907_091623.jpg?resize=1536%2C1152&amp;ssl=1 1536w, https:\/\/i0.wp.com\/gresvaillant.fr\/wp-content\/uploads\/2020\/02\/IMG_20190907_091623.jpg?resize=2048%2C1536&amp;ssl=1 2048w, https:\/\/i0.wp.com\/gresvaillant.fr\/wp-content\/uploads\/2020\/02\/IMG_20190907_091623.jpg?resize=624%2C468&amp;ssl=1 624w, https:\/\/i0.wp.com\/gresvaillant.fr\/wp-content\/uploads\/2020\/02\/IMG_20190907_091623.jpg?w=1650&amp;ssl=1 1650w, https:\/\/i0.wp.com\/gresvaillant.fr\/wp-content\/uploads\/2020\/02\/IMG_20190907_091623.jpg?w=2475&amp;ssl=1 2475w\" sizes=\"auto, (max-width: 641px) 100vw, 641px\" \/><figcaption>Rustica et son chargement de Pinot Noir<\/figcaption><\/figure><\/div>\n\n\n\n<p class=\"wp-block-paragraph\">Le raisin est ensuite achemin\u00e9 jusqu&#8217;\u00e0 la cave pour \u00eatre selon les cuv\u00e9es : mis dans le pressoir (blanc et ros\u00e9) ou directement encuv\u00e9 (rouge). <\/p>\n\n\n\n<p class=\"wp-block-paragraph\">Chaque caissette \u00e0 vendange est ensuite lav\u00e9e \u00e0 l&#8217;eau claire pour \u00e9liminer les d\u00e9p\u00f4ts \u00e9ventuels: poussi\u00e8re, jus de raisin s\u00e9ch\u00e9&#8230; afin d&#8217;\u00eatre pr\u00eates \u00e0 \u00eatre utilis\u00e9es \u00e0 nouveau d\u00e8s le lendemain<\/p>\n\n\n\n<div class=\"wp-block-image\"><figure class=\"aligncenter size-large is-resized\"><img loading=\"lazy\" decoding=\"async\" data-attachment-id=\"1447\" data-permalink=\"https:\/\/gresvaillant.fr\/en\/la-vigne\/automne\/20180903_125000\/\" data-orig-file=\"https:\/\/i0.wp.com\/gresvaillant.fr\/wp-content\/uploads\/2020\/05\/20180903_125000.jpg?fit=4128%2C3096&amp;ssl=1\" data-orig-size=\"4128,3096\" data-comments-opened=\"1\" data-image-meta=\"{&quot;aperture&quot;:&quot;1.9&quot;,&quot;credit&quot;:&quot;&quot;,&quot;camera&quot;:&quot;SM-J510FN&quot;,&quot;caption&quot;:&quot;&quot;,&quot;created_timestamp&quot;:&quot;1535979000&quot;,&quot;copyright&quot;:&quot;&quot;,&quot;focal_length&quot;:&quot;3.7&quot;,&quot;iso&quot;:&quot;64&quot;,&quot;shutter_speed&quot;:&quot;0.00045913682277319&quot;,&quot;title&quot;:&quot;&quot;,&quot;orientation&quot;:&quot;1&quot;}\" data-image-title=\"20180903_125000\" data-image-description=\"\" data-image-caption=\"\" data-medium-file=\"https:\/\/i0.wp.com\/gresvaillant.fr\/wp-content\/uploads\/2020\/05\/20180903_125000.jpg?fit=300%2C225&amp;ssl=1\" data-large-file=\"https:\/\/i0.wp.com\/gresvaillant.fr\/wp-content\/uploads\/2020\/05\/20180903_125000.jpg?fit=825%2C619&amp;ssl=1\" src=\"https:\/\/i1.wp.com\/gresvaillant.fr\/wp-content\/uploads\/2020\/05\/20180903_125000.jpg?fit=825%2C619&amp;ssl=1\" alt=\"\" class=\"wp-image-1447\" width=\"586\" height=\"439\" srcset=\"https:\/\/i0.wp.com\/gresvaillant.fr\/wp-content\/uploads\/2020\/05\/20180903_125000.jpg?w=4128&amp;ssl=1 4128w, https:\/\/i0.wp.com\/gresvaillant.fr\/wp-content\/uploads\/2020\/05\/20180903_125000.jpg?resize=300%2C225&amp;ssl=1 300w, https:\/\/i0.wp.com\/gresvaillant.fr\/wp-content\/uploads\/2020\/05\/20180903_125000.jpg?resize=1024%2C768&amp;ssl=1 1024w, https:\/\/i0.wp.com\/gresvaillant.fr\/wp-content\/uploads\/2020\/05\/20180903_125000.jpg?resize=768%2C576&amp;ssl=1 768w, https:\/\/i0.wp.com\/gresvaillant.fr\/wp-content\/uploads\/2020\/05\/20180903_125000.jpg?resize=1536%2C1152&amp;ssl=1 1536w, https:\/\/i0.wp.com\/gresvaillant.fr\/wp-content\/uploads\/2020\/05\/20180903_125000.jpg?resize=2048%2C1536&amp;ssl=1 2048w, https:\/\/i0.wp.com\/gresvaillant.fr\/wp-content\/uploads\/2020\/05\/20180903_125000.jpg?resize=624%2C468&amp;ssl=1 624w, https:\/\/i0.wp.com\/gresvaillant.fr\/wp-content\/uploads\/2020\/05\/20180903_125000.jpg?w=1650&amp;ssl=1 1650w, https:\/\/i0.wp.com\/gresvaillant.fr\/wp-content\/uploads\/2020\/05\/20180903_125000.jpg?w=2475&amp;ssl=1 2475w\" sizes=\"auto, (max-width: 586px) 100vw, 586px\" \/><\/figure><\/div>\n","protected":false},"excerpt":{"rendered":"<p>En septembre (voir fin Aout) c&#8217;est le d\u00e9but de la vendange qui durera jusqu\u2019\u00e0 mi-octobre selon les c\u00e9pages.<\/p>\n","protected":false},"author":1,"featured_media":710,"parent":272,"menu_order":2,"comment_status":"closed","ping_status":"closed","template":"","meta":{"_coblocks_attr":"","_coblocks_dimensions":"","_coblocks_responsive_height":"","_coblocks_accordion_ie_support":"","_crdt_document":"","advanced_seo_description":"","jetpack_seo_html_title":"","jetpack_seo_noindex":false,"jetpack_post_was_ever_published":false,"footnotes":""},"tags":[],"class_list":["post-610","page","type-page","status-publish","has-post-thumbnail","hentry","without-featured-image"],"translation":{"provider":"WPGlobus","version":"2.12.2","language":"en","enabled_languages":["fr","en"],"languages":{"fr":{"title":true,"content":true,"excerpt":true},"en":{"title":false,"content":false,"excerpt":false}}},"jetpack_sharing_enabled":true,"jetpack_shortlink":"https:\/\/wp.me\/P9vC0e-9Q","jetpack_likes_enabled":true,"_links":{"self":[{"href":"https:\/\/gresvaillant.fr\/en\/wp-json\/wp\/v2\/pages\/610","targetHints":{"allow":["GET"]}}],"collection":[{"href":"https:\/\/gresvaillant.fr\/en\/wp-json\/wp\/v2\/pages"}],"about":[{"href":"https:\/\/gresvaillant.fr\/en\/wp-json\/wp\/v2\/types\/page"}],"author":[{"embeddable":true,"href":"https:\/\/gresvaillant.fr\/en\/wp-json\/wp\/v2\/users\/1"}],"replies":[{"embeddable":true,"href":"https:\/\/gresvaillant.fr\/en\/wp-json\/wp\/v2\/comments?post=610"}],"version-history":[{"count":17,"href":"https:\/\/gresvaillant.fr\/en\/wp-json\/wp\/v2\/pages\/610\/revisions"}],"predecessor-version":[{"id":1825,"href":"https:\/\/gresvaillant.fr\/en\/wp-json\/wp\/v2\/pages\/610\/revisions\/1825"}],"up":[{"embeddable":true,"href":"https:\/\/gresvaillant.fr\/en\/wp-json\/wp\/v2\/pages\/272"}],"wp:featuredmedia":[{"embeddable":true,"href":"https:\/\/gresvaillant.fr\/en\/wp-json\/wp\/v2\/media\/710"}],"wp:attachment":[{"href":"https:\/\/gresvaillant.fr\/en\/wp-json\/wp\/v2\/media?parent=610"}],"wp:term":[{"taxonomy":"post_tag","embeddable":true,"href":"https:\/\/gresvaillant.fr\/en\/wp-json\/wp\/v2\/tags?post=610"}],"curies":[{"name":"wp","href":"https:\/\/api.w.org\/{rel}","templated":true}]}}