{"id":651,"date":"2019-12-04T12:45:48","date_gmt":"2019-12-04T11:45:48","guid":{"rendered":"https:\/\/gresvaillant.fr\/?page_id=651"},"modified":"2021-03-03T10:12:41","modified_gmt":"2021-03-03T09:12:41","slug":"accueil-equestre","status":"publish","type":"page","link":"https:\/\/gresvaillant.fr\/en\/accueil-equestre\/","title":{"rendered":"Accueil \u00e9questre"},"content":{"rendered":"\n<p class=\"wp-block-paragraph\">Pour les personnes souhaitant partir en vacances avec leurs chevaux et les randonneurs, nous proposons une solution d\u2019h\u00e9bergement pour chevaux et poneys<\/p>\n\n\n\n<ul class=\"wp-block-list\"><li>Pr\u00e9 individuel ou collectif avec abri, eau et foin bio \u00e0 volont\u00e9<\/li><li>Espace couvert pour les soins (pansage, douche) et espace sellerie<\/li><li>Acc\u00e8s \u00e0 5 km de chemins de balade dans le domaine (sans traverser de route) \u00e0 travers vignes, prairies et for\u00eats<\/li><\/ul>\n\n\n\n<p class=\"wp-block-paragraph\">Tarifs: 5\u20ac\/jour\/cheval<\/p>\n\n\n\n<figure class=\"wp-block-gallery columns-4 is-cropped wp-block-gallery-1 is-layout-flex wp-block-gallery-is-layout-flex\"><ul class=\"blocks-gallery-grid\"><li class=\"blocks-gallery-item\"><figure><img loading=\"lazy\" decoding=\"async\" width=\"4128\" height=\"3096\" data-attachment-id=\"668\" data-permalink=\"https:\/\/gresvaillant.fr\/en\/accueil-equestre\/20170825_132553-1\/\" data-orig-file=\"https:\/\/i0.wp.com\/gresvaillant.fr\/wp-content\/uploads\/2019\/12\/20170825_132553-1.jpg?fit=4128%2C3096&amp;ssl=1\" data-orig-size=\"4128,3096\" data-comments-opened=\"1\" data-image-meta=\"{&quot;aperture&quot;:&quot;1.9&quot;,&quot;credit&quot;:&quot;&quot;,&quot;camera&quot;:&quot;SM-J510FN&quot;,&quot;caption&quot;:&quot;&quot;,&quot;created_timestamp&quot;:&quot;1503667553&quot;,&quot;copyright&quot;:&quot;&quot;,&quot;focal_length&quot;:&quot;3.7&quot;,&quot;iso&quot;:&quot;64&quot;,&quot;shutter_speed&quot;:&quot;0.0018796992481203&quot;,&quot;title&quot;:&quot;&quot;,&quot;orientation&quot;:&quot;1&quot;}\" data-image-title=\"20170825_132553-1\" data-image-description=\"\" data-image-caption=\"\" data-large-file=\"https:\/\/i0.wp.com\/gresvaillant.fr\/wp-content\/uploads\/2019\/12\/20170825_132553-1.jpg?fit=825%2C619&amp;ssl=1\" src=\"https:\/\/i0.wp.com\/gresvaillant.fr\/wp-content\/uploads\/2019\/12\/20170825_132553-1.jpg?fit=825%2C619&amp;ssl=1\" alt=\"\" data-id=\"668\" data-full-url=\"https:\/\/i0.wp.com\/gresvaillant.fr\/wp-content\/uploads\/2019\/12\/20170825_132553-1.jpg?fit=4128%2C3096&amp;ssl=1\" data-link=\"https:\/\/gresvaillant.fr\/?attachment_id=668\" class=\"wp-image-668\" srcset=\"https:\/\/i0.wp.com\/gresvaillant.fr\/wp-content\/uploads\/2019\/12\/20170825_132553-1.jpg?w=4128&amp;ssl=1 4128w, https:\/\/i0.wp.com\/gresvaillant.fr\/wp-content\/uploads\/2019\/12\/20170825_132553-1.jpg?resize=300%2C225&amp;ssl=1 300w, https:\/\/i0.wp.com\/gresvaillant.fr\/wp-content\/uploads\/2019\/12\/20170825_132553-1.jpg?resize=1024%2C768&amp;ssl=1 1024w, https:\/\/i0.wp.com\/gresvaillant.fr\/wp-content\/uploads\/2019\/12\/20170825_132553-1.jpg?resize=768%2C576&amp;ssl=1 768w, https:\/\/i0.wp.com\/gresvaillant.fr\/wp-content\/uploads\/2019\/12\/20170825_132553-1.jpg?resize=1536%2C1152&amp;ssl=1 1536w, https:\/\/i0.wp.com\/gresvaillant.fr\/wp-content\/uploads\/2019\/12\/20170825_132553-1.jpg?resize=2048%2C1536&amp;ssl=1 2048w, https:\/\/i0.wp.com\/gresvaillant.fr\/wp-content\/uploads\/2019\/12\/20170825_132553-1.jpg?resize=624%2C468&amp;ssl=1 624w, https:\/\/i0.wp.com\/gresvaillant.fr\/wp-content\/uploads\/2019\/12\/20170825_132553-1.jpg?w=1650&amp;ssl=1 1650w, https:\/\/i0.wp.com\/gresvaillant.fr\/wp-content\/uploads\/2019\/12\/20170825_132553-1.jpg?w=2475&amp;ssl=1 2475w\" sizes=\"auto, (max-width: 825px) 100vw, 825px\" \/><\/figure><\/li><li class=\"blocks-gallery-item\"><figure><img loading=\"lazy\" decoding=\"async\" width=\"4128\" height=\"3096\" data-attachment-id=\"667\" data-permalink=\"https:\/\/gresvaillant.fr\/en\/accueil-equestre\/20171009_181819\/\" data-orig-file=\"https:\/\/i0.wp.com\/gresvaillant.fr\/wp-content\/uploads\/2019\/12\/20171009_181819.jpg?fit=4128%2C3096&amp;ssl=1\" data-orig-size=\"4128,3096\" data-comments-opened=\"1\" data-image-meta=\"{&quot;aperture&quot;:&quot;1.9&quot;,&quot;credit&quot;:&quot;&quot;,&quot;camera&quot;:&quot;SM-J510FN&quot;,&quot;caption&quot;:&quot;&quot;,&quot;created_timestamp&quot;:&quot;1507573099&quot;,&quot;copyright&quot;:&quot;&quot;,&quot;focal_length&quot;:&quot;3.7&quot;,&quot;iso&quot;:&quot;80&quot;,&quot;shutter_speed&quot;:&quot;0.03030303030303&quot;,&quot;title&quot;:&quot;&quot;,&quot;orientation&quot;:&quot;1&quot;}\" data-image-title=\"20171009_181819\" data-image-description=\"\" data-image-caption=\"\" data-large-file=\"https:\/\/i0.wp.com\/gresvaillant.fr\/wp-content\/uploads\/2019\/12\/20171009_181819.jpg?fit=825%2C619&amp;ssl=1\" src=\"https:\/\/i0.wp.com\/gresvaillant.fr\/wp-content\/uploads\/2019\/12\/20171009_181819.jpg?fit=825%2C619&amp;ssl=1\" alt=\"\" data-id=\"667\" data-link=\"https:\/\/gresvaillant.fr\/?attachment_id=667\" class=\"wp-image-667\" srcset=\"https:\/\/i0.wp.com\/gresvaillant.fr\/wp-content\/uploads\/2019\/12\/20171009_181819.jpg?w=4128&amp;ssl=1 4128w, https:\/\/i0.wp.com\/gresvaillant.fr\/wp-content\/uploads\/2019\/12\/20171009_181819.jpg?resize=300%2C225&amp;ssl=1 300w, https:\/\/i0.wp.com\/gresvaillant.fr\/wp-content\/uploads\/2019\/12\/20171009_181819.jpg?resize=1024%2C768&amp;ssl=1 1024w, https:\/\/i0.wp.com\/gresvaillant.fr\/wp-content\/uploads\/2019\/12\/20171009_181819.jpg?resize=768%2C576&amp;ssl=1 768w, https:\/\/i0.wp.com\/gresvaillant.fr\/wp-content\/uploads\/2019\/12\/20171009_181819.jpg?resize=1536%2C1152&amp;ssl=1 1536w, https:\/\/i0.wp.com\/gresvaillant.fr\/wp-content\/uploads\/2019\/12\/20171009_181819.jpg?resize=2048%2C1536&amp;ssl=1 2048w, https:\/\/i0.wp.com\/gresvaillant.fr\/wp-content\/uploads\/2019\/12\/20171009_181819.jpg?resize=624%2C468&amp;ssl=1 624w, https:\/\/i0.wp.com\/gresvaillant.fr\/wp-content\/uploads\/2019\/12\/20171009_181819.jpg?w=1650&amp;ssl=1 1650w, https:\/\/i0.wp.com\/gresvaillant.fr\/wp-content\/uploads\/2019\/12\/20171009_181819.jpg?w=2475&amp;ssl=1 2475w\" sizes=\"auto, (max-width: 825px) 100vw, 825px\" \/><\/figure><\/li><li class=\"blocks-gallery-item\"><figure><img data-recalc-dims=\"1\" loading=\"lazy\" decoding=\"async\" width=\"825\" height=\"619\" data-attachment-id=\"664\" data-permalink=\"https:\/\/gresvaillant.fr\/en\/accueil-equestre\/44665793_567476113681952_5002825559042949120_n\/\" data-orig-file=\"https:\/\/i0.wp.com\/gresvaillant.fr\/wp-content\/uploads\/2019\/12\/44665793_567476113681952_5002825559042949120_n.jpg?fit=960%2C720&amp;ssl=1\" data-orig-size=\"960,720\" data-comments-opened=\"1\" data-image-meta=\"{&quot;aperture&quot;:&quot;0&quot;,&quot;credit&quot;:&quot;&quot;,&quot;camera&quot;:&quot;&quot;,&quot;caption&quot;:&quot;&quot;,&quot;created_timestamp&quot;:&quot;0&quot;,&quot;copyright&quot;:&quot;&quot;,&quot;focal_length&quot;:&quot;0&quot;,&quot;iso&quot;:&quot;0&quot;,&quot;shutter_speed&quot;:&quot;0&quot;,&quot;title&quot;:&quot;&quot;,&quot;orientation&quot;:&quot;0&quot;}\" data-image-title=\"44665793_567476113681952_5002825559042949120_n\" data-image-description=\"\" data-image-caption=\"\" data-large-file=\"https:\/\/i0.wp.com\/gresvaillant.fr\/wp-content\/uploads\/2019\/12\/44665793_567476113681952_5002825559042949120_n.jpg?fit=825%2C619&amp;ssl=1\" src=\"https:\/\/i0.wp.com\/gresvaillant.fr\/wp-content\/uploads\/2019\/12\/44665793_567476113681952_5002825559042949120_n.jpg?resize=825%2C619&#038;ssl=1\" alt=\"\" data-id=\"664\" data-link=\"https:\/\/gresvaillant.fr\/?attachment_id=664\" class=\"wp-image-664\" srcset=\"https:\/\/i0.wp.com\/gresvaillant.fr\/wp-content\/uploads\/2019\/12\/44665793_567476113681952_5002825559042949120_n.jpg?w=960&amp;ssl=1 960w, https:\/\/i0.wp.com\/gresvaillant.fr\/wp-content\/uploads\/2019\/12\/44665793_567476113681952_5002825559042949120_n.jpg?resize=300%2C225&amp;ssl=1 300w, https:\/\/i0.wp.com\/gresvaillant.fr\/wp-content\/uploads\/2019\/12\/44665793_567476113681952_5002825559042949120_n.jpg?resize=768%2C576&amp;ssl=1 768w, https:\/\/i0.wp.com\/gresvaillant.fr\/wp-content\/uploads\/2019\/12\/44665793_567476113681952_5002825559042949120_n.jpg?resize=624%2C468&amp;ssl=1 624w\" sizes=\"auto, (max-width: 825px) 100vw, 825px\" \/><\/figure><\/li><li class=\"blocks-gallery-item\"><figure><img loading=\"lazy\" decoding=\"async\" width=\"4128\" height=\"3096\" data-attachment-id=\"662\" data-permalink=\"https:\/\/gresvaillant.fr\/en\/accueil-equestre\/20170929_163929\/\" data-orig-file=\"https:\/\/i0.wp.com\/gresvaillant.fr\/wp-content\/uploads\/2019\/12\/20170929_163929.jpg?fit=4128%2C3096&amp;ssl=1\" data-orig-size=\"4128,3096\" data-comments-opened=\"1\" data-image-meta=\"{&quot;aperture&quot;:&quot;1.9&quot;,&quot;credit&quot;:&quot;&quot;,&quot;camera&quot;:&quot;SM-J510FN&quot;,&quot;caption&quot;:&quot;&quot;,&quot;created_timestamp&quot;:&quot;1506703168&quot;,&quot;copyright&quot;:&quot;&quot;,&quot;focal_length&quot;:&quot;3.7&quot;,&quot;iso&quot;:&quot;100&quot;,&quot;shutter_speed&quot;:&quot;0.02&quot;,&quot;title&quot;:&quot;&quot;,&quot;orientation&quot;:&quot;1&quot;}\" data-image-title=\"20170929_163929\" data-image-description=\"\" data-image-caption=\"\" data-large-file=\"https:\/\/i0.wp.com\/gresvaillant.fr\/wp-content\/uploads\/2019\/12\/20170929_163929.jpg?fit=825%2C619&amp;ssl=1\" src=\"https:\/\/i2.wp.com\/gresvaillant.fr\/wp-content\/uploads\/2019\/12\/20170929_163929.jpg?fit=825%2C619&amp;ssl=1\" alt=\"\" data-id=\"662\" data-link=\"https:\/\/gresvaillant.fr\/?attachment_id=662\" class=\"wp-image-662\" srcset=\"https:\/\/i0.wp.com\/gresvaillant.fr\/wp-content\/uploads\/2019\/12\/20170929_163929.jpg?w=4128&amp;ssl=1 4128w, https:\/\/i0.wp.com\/gresvaillant.fr\/wp-content\/uploads\/2019\/12\/20170929_163929.jpg?resize=300%2C225&amp;ssl=1 300w, https:\/\/i0.wp.com\/gresvaillant.fr\/wp-content\/uploads\/2019\/12\/20170929_163929.jpg?resize=1024%2C768&amp;ssl=1 1024w, https:\/\/i0.wp.com\/gresvaillant.fr\/wp-content\/uploads\/2019\/12\/20170929_163929.jpg?resize=768%2C576&amp;ssl=1 768w, https:\/\/i0.wp.com\/gresvaillant.fr\/wp-content\/uploads\/2019\/12\/20170929_163929.jpg?resize=1536%2C1152&amp;ssl=1 1536w, https:\/\/i0.wp.com\/gresvaillant.fr\/wp-content\/uploads\/2019\/12\/20170929_163929.jpg?resize=2048%2C1536&amp;ssl=1 2048w, https:\/\/i0.wp.com\/gresvaillant.fr\/wp-content\/uploads\/2019\/12\/20170929_163929.jpg?resize=624%2C468&amp;ssl=1 624w, https:\/\/i0.wp.com\/gresvaillant.fr\/wp-content\/uploads\/2019\/12\/20170929_163929.jpg?w=1650&amp;ssl=1 1650w, https:\/\/i0.wp.com\/gresvaillant.fr\/wp-content\/uploads\/2019\/12\/20170929_163929.jpg?w=2475&amp;ssl=1 2475w\" sizes=\"auto, (max-width: 825px) 100vw, 825px\" \/><\/figure><\/li><\/ul><\/figure>\n","protected":false},"excerpt":{"rendered":"<p>Pour les personnes souhaitant partir en vacances avec leurs chevaux et les randonneurs, nous proposons une solution d\u2019h\u00e9bergement pour chevaux et poneys Pr\u00e9 individuel ou collectif avec abri, eau et foin bio \u00e0 volont\u00e9 Espace couvert pour les soins (pansage, douche) et espace sellerie Acc\u00e8s \u00e0 5 km de chemins de balade dans le domaine&hellip; <a href=\"https:\/\/gresvaillant.fr\/en\/accueil-equestre\/\" class=\"more-link\">Continue reading <span class=\"screen-reader-text\">Accueil \u00e9questre<\/span><\/a><\/p>\n","protected":false},"author":1,"featured_media":0,"parent":0,"menu_order":0,"comment_status":"closed","ping_status":"closed","template":"","meta":{"_coblocks_attr":"","_coblocks_dimensions":"","_coblocks_responsive_height":"","_coblocks_accordion_ie_support":"","_crdt_document":"","advanced_seo_description":"","jetpack_seo_html_title":"","jetpack_seo_noindex":false,"footnotes":""},"tags":[],"class_list":["post-651","page","type-page","status-publish","hentry","without-featured-image"],"translation":{"provider":"WPGlobus","version":"2.12.2","language":"en","enabled_languages":["fr","en"],"languages":{"fr":{"title":true,"content":true,"excerpt":false},"en":{"title":false,"content":false,"excerpt":false}}},"jetpack_sharing_enabled":true,"jetpack_shortlink":"https:\/\/wp.me\/P9vC0e-av","jetpack_likes_enabled":true,"_links":{"self":[{"href":"https:\/\/gresvaillant.fr\/en\/wp-json\/wp\/v2\/pages\/651","targetHints":{"allow":["GET"]}}],"collection":[{"href":"https:\/\/gresvaillant.fr\/en\/wp-json\/wp\/v2\/pages"}],"about":[{"href":"https:\/\/gresvaillant.fr\/en\/wp-json\/wp\/v2\/types\/page"}],"author":[{"embeddable":true,"href":"https:\/\/gresvaillant.fr\/en\/wp-json\/wp\/v2\/users\/1"}],"replies":[{"embeddable":true,"href":"https:\/\/gresvaillant.fr\/en\/wp-json\/wp\/v2\/comments?post=651"}],"version-history":[{"count":10,"href":"https:\/\/gresvaillant.fr\/en\/wp-json\/wp\/v2\/pages\/651\/revisions"}],"predecessor-version":[{"id":1808,"href":"https:\/\/gresvaillant.fr\/en\/wp-json\/wp\/v2\/pages\/651\/revisions\/1808"}],"wp:attachment":[{"href":"https:\/\/gresvaillant.fr\/en\/wp-json\/wp\/v2\/media?parent=651"}],"wp:term":[{"taxonomy":"post_tag","embeddable":true,"href":"https:\/\/gresvaillant.fr\/en\/wp-json\/wp\/v2\/tags?post=651"}],"curies":[{"name":"wp","href":"https:\/\/api.w.org\/{rel}","templated":true}]}}